{"id":865,"date":"2023-11-26T10:21:32","date_gmt":"2023-11-26T09:21:32","guid":{"rendered":"https:\/\/www.kazzerl.net\/kazzerls\/?post_type=product&#038;p=865"},"modified":"2026-02-22T07:11:50","modified_gmt":"2026-02-22T06:11:50","slug":"birnenholzschale-nr-52","status":"publish","type":"product","link":"https:\/\/www.kazzerl.net\/kazzerls\/produkt\/birnenholzschale-nr-52\/","title":{"rendered":"Birnenholzschale Nr. 52"},"content":{"rendered":"<p>Liebevoll gedrechselte flache Holzschale aus Birnenholz mit ganz toller Maserung, da die Schale mit Kernholz gedrechselt wurde. Das Kernholz in dieser Schale weist die typisch r\u00f6tlich\/ violette Farbe auf.<br \/>\nDie Schale wurde zuerst in Handarbeit vorgedrechselt und dann ebenfalls von Hand sehr fein geschliffen und ist mit Hartwachs\u00f6l veredelt, was die nat\u00fcrliche Maserung hervorhebt und die originale Haptik von Holz bleibt erhalten. Das Hartwachs\u00f6l ist lebensmittelecht, und so kann die Schale auch f\u00fcr kleines Obst, Snacks oder Kleinigkeiten etc. verwendet werden.<br \/>\nDie Schale weist einen unebenen Rand und eine leicht ovale Form auf, die durch das trocknen entstanden ist.<\/p>\n<p>Die Schale ist nicht Sp\u00fclmaschinenfest. Temperaturschwankungen bitte vermeiden. Bei guter Pflege f\u00fcr Jahrzehnte nutzbar. Reinige die Schale bitte nur mit einem feuchten Tuch.<\/p>\n<p>Da es sich bei Holz um Naturmaterial handelt, besteht die M\u00f6glichkeit von kleinen Einschl\u00fcssen oder Rissen, welche bereits im Holz vorzufinden waren und sind somit nicht als Mangel anzusehen. Da dieser nat\u00fcrliche Rohstoff auch im trockenen Zustand weiter arbeitet kann es zu nachtr\u00e4glichen leichten Form\u00e4nderungen kommen.<br \/>\nHolz ver\u00e4ndert mit der Zeit m\u00f6glicherweise seine Farbe.<br \/>\nDie Sch\u00fcssel ist nummeriert &amp; signiert und ist ein Unikat.<\/p>\n<p>Durchmesser 18.3cm bzw. 19,3cm<br \/>\nH\u00f6he 4cm<br \/>\nNummer 52<\/p>\n<p>Ein toller Blickfang in jedem Raum und auf jedem Tisch und dient als Dekoschale f\u00fcr Kleinigkeiten\/ Naschereien oder als Geschenkidee.<\/p>\n<p>&nbsp;<\/p>\n","protected":false},"excerpt":{"rendered":"<p>Liebevoll gedrechselte flache Holzschale aus Birnenholz mit ganz toller Maserung, da die Schale mit Kernholz gedrechselt wurde. Das Kernholz in dieser Schale weist die typisch r\u00f6tlich\/ violette Farbe auf. Die Schale wurde zuerst in Handarbeit vorgedrechselt und dann ebenfalls von Hand sehr fein geschliffen und ist mit Hartwachs\u00f6l veredelt, was die nat\u00fcrliche Maserung hervorhebt und [&hellip;]<\/p>\n","protected":false},"featured_media":867,"comment_status":"closed","ping_status":"closed","template":"","meta":[],"product_brand":[],"product_cat":[81],"product_tag":[165,146,168,166,78,53,169,77,167,164,171,172,173],"class_list":{"0":"post-865","1":"product","2":"type-product","3":"status-publish","4":"has-post-thumbnail","6":"product_cat-schuesseln","7":"product_tag-birnenholz-schale","8":"product_tag-dekoration","9":"product_tag-drechselkunst","10":"product_tag-gedrechselte-schale","11":"product_tag-geschenk","12":"product_tag-geschenkidee","13":"product_tag-handarbeit","14":"product_tag-handgemacht","15":"product_tag-holz","16":"product_tag-holzschuessel","17":"product_tag-ringschale","18":"product_tag-schmuckschale","19":"product_tag-snackschale","20":"product_shipping_class-s","22":"first","23":"instock","24":"sold-individually","25":"taxable","26":"shipping-taxable","27":"purchasable","28":"product-type-simple"},"yoast_head":"<!-- This site is optimized with the Yoast SEO plugin v27.4 - https:\/\/yoast.com\/product\/yoast-seo-wordpress\/ -->\n<title>Birnenholzschale Nr. 52 - Kazzerls handmade<\/title>\n<meta name=\"description\" content=\"Liebevoll von Hand gedrechselt Holzschale mit nat\u00fcrlicher Maserung. Als Dekoration oder toller Blickfang am Tisch. F\u00fcr Kleinigkeiten wie Snacks\/ Schmuck.\" \/>\n<meta name=\"robots\" content=\"index, follow, max-snippet:-1, max-image-preview:large, max-video-preview:-1\" \/>\n<link rel=\"canonical\" href=\"https:\/\/www.kazzerl.net\/kazzerls\/produkt\/birnenholzschale-nr-52\/\" \/>\n<meta property=\"og:locale\" content=\"de_DE\" \/>\n<meta property=\"og:type\" content=\"article\" \/>\n<meta property=\"og:title\" content=\"Birnenholzschale Nr. 52 - Kazzerls handmade\" \/>\n<meta property=\"og:description\" content=\"Liebevoll von Hand gedrechselt Holzschale mit nat\u00fcrlicher Maserung. Als Dekoration oder toller Blickfang am Tisch. F\u00fcr Kleinigkeiten wie Snacks\/ Schmuck.\" \/>\n<meta property=\"og:url\" content=\"https:\/\/www.kazzerl.net\/kazzerls\/produkt\/birnenholzschale-nr-52\/\" \/>\n<meta property=\"og:site_name\" content=\"Kazzerls handmade\" \/>\n<meta property=\"article:modified_time\" content=\"2026-02-22T06:11:50+00:00\" \/>\n<meta property=\"og:image\" content=\"https:\/\/www.kazzerl.net\/kazzerls\/wp-content\/uploads\/2023\/11\/IMG_3766.jpg\" \/>\n\t<meta property=\"og:image:width\" content=\"1800\" \/>\n\t<meta property=\"og:image:height\" content=\"1200\" \/>\n\t<meta property=\"og:image:type\" content=\"image\/jpeg\" \/>\n<meta name=\"twitter:card\" content=\"summary_large_image\" \/>\n<meta name=\"twitter:label1\" content=\"Gesch\u00e4tzte Lesezeit\" \/>\n\t<meta name=\"twitter:data1\" content=\"2\u00a0Minuten\" \/>\n<script type=\"application\/ld+json\" class=\"yoast-schema-graph\">{\"@context\":\"https:\\\/\\\/schema.org\",\"@graph\":[{\"@type\":\"WebPage\",\"@id\":\"https:\\\/\\\/www.kazzerl.net\\\/kazzerls\\\/produkt\\\/birnenholzschale-nr-52\\\/\",\"url\":\"https:\\\/\\\/www.kazzerl.net\\\/kazzerls\\\/produkt\\\/birnenholzschale-nr-52\\\/\",\"name\":\"Birnenholzschale Nr. 52 - Kazzerls handmade\",\"isPartOf\":{\"@id\":\"https:\\\/\\\/www.kazzerl.net\\\/kazzerls\\\/#website\"},\"primaryImageOfPage\":{\"@id\":\"https:\\\/\\\/www.kazzerl.net\\\/kazzerls\\\/produkt\\\/birnenholzschale-nr-52\\\/#primaryimage\"},\"image\":{\"@id\":\"https:\\\/\\\/www.kazzerl.net\\\/kazzerls\\\/produkt\\\/birnenholzschale-nr-52\\\/#primaryimage\"},\"thumbnailUrl\":\"https:\\\/\\\/www.kazzerl.net\\\/kazzerls\\\/wp-content\\\/uploads\\\/2023\\\/11\\\/IMG_3766.jpg\",\"datePublished\":\"2023-11-26T09:21:32+00:00\",\"dateModified\":\"2026-02-22T06:11:50+00:00\",\"description\":\"Liebevoll von Hand gedrechselt Holzschale mit nat\u00fcrlicher Maserung. Als Dekoration oder toller Blickfang am Tisch. F\u00fcr Kleinigkeiten wie Snacks\\\/ Schmuck.\",\"breadcrumb\":{\"@id\":\"https:\\\/\\\/www.kazzerl.net\\\/kazzerls\\\/produkt\\\/birnenholzschale-nr-52\\\/#breadcrumb\"},\"inLanguage\":\"de\",\"potentialAction\":[{\"@type\":\"ReadAction\",\"target\":[\"https:\\\/\\\/www.kazzerl.net\\\/kazzerls\\\/produkt\\\/birnenholzschale-nr-52\\\/\"]}]},{\"@type\":\"ImageObject\",\"inLanguage\":\"de\",\"@id\":\"https:\\\/\\\/www.kazzerl.net\\\/kazzerls\\\/produkt\\\/birnenholzschale-nr-52\\\/#primaryimage\",\"url\":\"https:\\\/\\\/www.kazzerl.net\\\/kazzerls\\\/wp-content\\\/uploads\\\/2023\\\/11\\\/IMG_3766.jpg\",\"contentUrl\":\"https:\\\/\\\/www.kazzerl.net\\\/kazzerls\\\/wp-content\\\/uploads\\\/2023\\\/11\\\/IMG_3766.jpg\",\"width\":1800,\"height\":1200},{\"@type\":\"BreadcrumbList\",\"@id\":\"https:\\\/\\\/www.kazzerl.net\\\/kazzerls\\\/produkt\\\/birnenholzschale-nr-52\\\/#breadcrumb\",\"itemListElement\":[{\"@type\":\"ListItem\",\"position\":1,\"name\":\"Startseite\",\"item\":\"https:\\\/\\\/www.kazzerl.net\\\/kazzerls\\\/\"},{\"@type\":\"ListItem\",\"position\":2,\"name\":\"Shop f\u00fcr handgemachte Geschenke und Dekorationen\",\"item\":\"https:\\\/\\\/www.kazzerl.net\\\/kazzerls\\\/\"},{\"@type\":\"ListItem\",\"position\":3,\"name\":\"Birnenholzschale Nr. 52\"}]},{\"@type\":\"WebSite\",\"@id\":\"https:\\\/\\\/www.kazzerl.net\\\/kazzerls\\\/#website\",\"url\":\"https:\\\/\\\/www.kazzerl.net\\\/kazzerls\\\/\",\"name\":\"Kazzerls handmade\",\"description\":\"Handgemachtes aus Holz, Epoxid, Wachs und vieles mehr!\",\"publisher\":{\"@id\":\"https:\\\/\\\/www.kazzerl.net\\\/kazzerls\\\/#organization\"},\"potentialAction\":[{\"@type\":\"SearchAction\",\"target\":{\"@type\":\"EntryPoint\",\"urlTemplate\":\"https:\\\/\\\/www.kazzerl.net\\\/kazzerls\\\/?s={search_term_string}\"},\"query-input\":{\"@type\":\"PropertyValueSpecification\",\"valueRequired\":true,\"valueName\":\"search_term_string\"}}],\"inLanguage\":\"de\"},{\"@type\":\"Organization\",\"@id\":\"https:\\\/\\\/www.kazzerl.net\\\/kazzerls\\\/#organization\",\"name\":\"Kazzerls handmade\",\"url\":\"https:\\\/\\\/www.kazzerl.net\\\/kazzerls\\\/\",\"logo\":{\"@type\":\"ImageObject\",\"inLanguage\":\"de\",\"@id\":\"https:\\\/\\\/www.kazzerl.net\\\/kazzerls\\\/#\\\/schema\\\/logo\\\/image\\\/\",\"url\":\"https:\\\/\\\/www.kazzerl.net\\\/kazzerls\\\/wp-content\\\/uploads\\\/2025\\\/07\\\/cropped-schwaKatz.png\",\"contentUrl\":\"https:\\\/\\\/www.kazzerl.net\\\/kazzerls\\\/wp-content\\\/uploads\\\/2025\\\/07\\\/cropped-schwaKatz.png\",\"width\":512,\"height\":512,\"caption\":\"Kazzerls handmade\"},\"image\":{\"@id\":\"https:\\\/\\\/www.kazzerl.net\\\/kazzerls\\\/#\\\/schema\\\/logo\\\/image\\\/\"},\"sameAs\":[\"https:\\\/\\\/www.instagram.com\\\/kazzerls\\\/\"]}]}<\/script>\n<!-- \/ Yoast SEO plugin. -->","yoast_head_json":{"title":"Birnenholzschale Nr. 52 - Kazzerls handmade","description":"Liebevoll von Hand gedrechselt Holzschale mit nat\u00fcrlicher Maserung. Als Dekoration oder toller Blickfang am Tisch. F\u00fcr Kleinigkeiten wie Snacks\/ Schmuck.","robots":{"index":"index","follow":"follow","max-snippet":"max-snippet:-1","max-image-preview":"max-image-preview:large","max-video-preview":"max-video-preview:-1"},"canonical":"https:\/\/www.kazzerl.net\/kazzerls\/produkt\/birnenholzschale-nr-52\/","og_locale":"de_DE","og_type":"article","og_title":"Birnenholzschale Nr. 52 - Kazzerls handmade","og_description":"Liebevoll von Hand gedrechselt Holzschale mit nat\u00fcrlicher Maserung. Als Dekoration oder toller Blickfang am Tisch. F\u00fcr Kleinigkeiten wie Snacks\/ Schmuck.","og_url":"https:\/\/www.kazzerl.net\/kazzerls\/produkt\/birnenholzschale-nr-52\/","og_site_name":"Kazzerls handmade","article_modified_time":"2026-02-22T06:11:50+00:00","og_image":[{"width":1800,"height":1200,"url":"https:\/\/www.kazzerl.net\/kazzerls\/wp-content\/uploads\/2023\/11\/IMG_3766.jpg","type":"image\/jpeg"}],"twitter_card":"summary_large_image","twitter_misc":{"Gesch\u00e4tzte Lesezeit":"2\u00a0Minuten"},"schema":{"@context":"https:\/\/schema.org","@graph":[{"@type":"WebPage","@id":"https:\/\/www.kazzerl.net\/kazzerls\/produkt\/birnenholzschale-nr-52\/","url":"https:\/\/www.kazzerl.net\/kazzerls\/produkt\/birnenholzschale-nr-52\/","name":"Birnenholzschale Nr. 52 - Kazzerls handmade","isPartOf":{"@id":"https:\/\/www.kazzerl.net\/kazzerls\/#website"},"primaryImageOfPage":{"@id":"https:\/\/www.kazzerl.net\/kazzerls\/produkt\/birnenholzschale-nr-52\/#primaryimage"},"image":{"@id":"https:\/\/www.kazzerl.net\/kazzerls\/produkt\/birnenholzschale-nr-52\/#primaryimage"},"thumbnailUrl":"https:\/\/www.kazzerl.net\/kazzerls\/wp-content\/uploads\/2023\/11\/IMG_3766.jpg","datePublished":"2023-11-26T09:21:32+00:00","dateModified":"2026-02-22T06:11:50+00:00","description":"Liebevoll von Hand gedrechselt Holzschale mit nat\u00fcrlicher Maserung. Als Dekoration oder toller Blickfang am Tisch. F\u00fcr Kleinigkeiten wie Snacks\/ Schmuck.","breadcrumb":{"@id":"https:\/\/www.kazzerl.net\/kazzerls\/produkt\/birnenholzschale-nr-52\/#breadcrumb"},"inLanguage":"de","potentialAction":[{"@type":"ReadAction","target":["https:\/\/www.kazzerl.net\/kazzerls\/produkt\/birnenholzschale-nr-52\/"]}]},{"@type":"ImageObject","inLanguage":"de","@id":"https:\/\/www.kazzerl.net\/kazzerls\/produkt\/birnenholzschale-nr-52\/#primaryimage","url":"https:\/\/www.kazzerl.net\/kazzerls\/wp-content\/uploads\/2023\/11\/IMG_3766.jpg","contentUrl":"https:\/\/www.kazzerl.net\/kazzerls\/wp-content\/uploads\/2023\/11\/IMG_3766.jpg","width":1800,"height":1200},{"@type":"BreadcrumbList","@id":"https:\/\/www.kazzerl.net\/kazzerls\/produkt\/birnenholzschale-nr-52\/#breadcrumb","itemListElement":[{"@type":"ListItem","position":1,"name":"Startseite","item":"https:\/\/www.kazzerl.net\/kazzerls\/"},{"@type":"ListItem","position":2,"name":"Shop f\u00fcr handgemachte Geschenke und Dekorationen","item":"https:\/\/www.kazzerl.net\/kazzerls\/"},{"@type":"ListItem","position":3,"name":"Birnenholzschale Nr. 52"}]},{"@type":"WebSite","@id":"https:\/\/www.kazzerl.net\/kazzerls\/#website","url":"https:\/\/www.kazzerl.net\/kazzerls\/","name":"Kazzerls handmade","description":"Handgemachtes aus Holz, Epoxid, Wachs und vieles mehr!","publisher":{"@id":"https:\/\/www.kazzerl.net\/kazzerls\/#organization"},"potentialAction":[{"@type":"SearchAction","target":{"@type":"EntryPoint","urlTemplate":"https:\/\/www.kazzerl.net\/kazzerls\/?s={search_term_string}"},"query-input":{"@type":"PropertyValueSpecification","valueRequired":true,"valueName":"search_term_string"}}],"inLanguage":"de"},{"@type":"Organization","@id":"https:\/\/www.kazzerl.net\/kazzerls\/#organization","name":"Kazzerls handmade","url":"https:\/\/www.kazzerl.net\/kazzerls\/","logo":{"@type":"ImageObject","inLanguage":"de","@id":"https:\/\/www.kazzerl.net\/kazzerls\/#\/schema\/logo\/image\/","url":"https:\/\/www.kazzerl.net\/kazzerls\/wp-content\/uploads\/2025\/07\/cropped-schwaKatz.png","contentUrl":"https:\/\/www.kazzerl.net\/kazzerls\/wp-content\/uploads\/2025\/07\/cropped-schwaKatz.png","width":512,"height":512,"caption":"Kazzerls handmade"},"image":{"@id":"https:\/\/www.kazzerl.net\/kazzerls\/#\/schema\/logo\/image\/"},"sameAs":["https:\/\/www.instagram.com\/kazzerls\/"]}]}},"_links":{"self":[{"href":"https:\/\/www.kazzerl.net\/kazzerls\/wp-json\/wp\/v2\/product\/865","targetHints":{"allow":["GET"]}}],"collection":[{"href":"https:\/\/www.kazzerl.net\/kazzerls\/wp-json\/wp\/v2\/product"}],"about":[{"href":"https:\/\/www.kazzerl.net\/kazzerls\/wp-json\/wp\/v2\/types\/product"}],"replies":[{"embeddable":true,"href":"https:\/\/www.kazzerl.net\/kazzerls\/wp-json\/wp\/v2\/comments?post=865"}],"wp:featuredmedia":[{"embeddable":true,"href":"https:\/\/www.kazzerl.net\/kazzerls\/wp-json\/wp\/v2\/media\/867"}],"wp:attachment":[{"href":"https:\/\/www.kazzerl.net\/kazzerls\/wp-json\/wp\/v2\/media?parent=865"}],"wp:term":[{"taxonomy":"product_brand","embeddable":true,"href":"https:\/\/www.kazzerl.net\/kazzerls\/wp-json\/wp\/v2\/product_brand?post=865"},{"taxonomy":"product_cat","embeddable":true,"href":"https:\/\/www.kazzerl.net\/kazzerls\/wp-json\/wp\/v2\/product_cat?post=865"},{"taxonomy":"product_tag","embeddable":true,"href":"https:\/\/www.kazzerl.net\/kazzerls\/wp-json\/wp\/v2\/product_tag?post=865"}],"curies":[{"name":"wp","href":"https:\/\/api.w.org\/{rel}","templated":true}]}}