{"id":855,"date":"2023-11-22T07:22:20","date_gmt":"2023-11-22T06:22:20","guid":{"rendered":"https:\/\/www.kazzerl.net\/kazzerls\/?post_type=product&#038;p=855"},"modified":"2025-09-14T16:35:07","modified_gmt":"2025-09-14T14:35:07","slug":"anhaenger-stern-mit-kleinen-sternen-mit-name-personalisiert","status":"publish","type":"product","link":"https:\/\/www.kazzerl.net\/kazzerls\/produkt\/anhaenger-stern-mit-kleinen-sternen-mit-name-personalisiert\/","title":{"rendered":"Anh\u00e4nger Stern mit kleinen Sternen mit Name personalisiert"},"content":{"rendered":"<p>Ein h\u00fcbscher Anh\u00e4nger aus 4mm dickem Pappel-Sperrholz. Der Anh\u00e4nger kann sowohl als Baumschmuck als auch als Geschenkanh\u00e4nger verwendet werden und nach eigenen Vorstellungen bemalt werden, da das Holz unbehandelt ist.<\/p>\n<p>Der Anh\u00e4nger wird mit Wunschnamen graviert werden und die Schrift ist w\u00e4hlbar.<\/p>\n<p>Der Anh\u00e4nger hat einen Durchmesser von ca. 6cm.<\/p>\n","protected":false},"excerpt":{"rendered":"<p>Ein h\u00fcbscher Anh\u00e4nger aus 4mm dickem Pappel-Sperrholz. Der Anh\u00e4nger kann sowohl als Baumschmuck als auch als Geschenkanh\u00e4nger verwendet werden und nach eigenen Vorstellungen bemalt werden, da das Holz unbehandelt ist. Der Anh\u00e4nger wird mit Wunschnamen graviert werden und die Schrift ist w\u00e4hlbar. Der Anh\u00e4nger hat einen Durchmesser von ca. 6cm.<\/p>\n","protected":false},"featured_media":822,"comment_status":"closed","ping_status":"closed","template":"","meta":[],"product_brand":[],"product_cat":[115],"product_tag":[181,177,178,182,179,183,180,56,176],"class_list":{"0":"post-855","1":"product","2":"type-product","3":"status-publish","4":"has-post-thumbnail","6":"product_cat-anhaenger-baumschmuck","7":"product_tag-baumschmuck","8":"product_tag-deko-anhaenger","9":"product_tag-geschenk-idee","10":"product_tag-geschenkanhaenger","11":"product_tag-individuell","12":"product_tag-mit-namen-personalisierbar","13":"product_tag-pappelholz","14":"product_tag-weihnachten","15":"product_tag-weihnachtsanhaenger","16":"product_shipping_class-s","18":"first","19":"instock","20":"taxable","21":"shipping-taxable","22":"purchasable","23":"product-type-simple"},"yoast_head":"<!-- This site is optimized with the Yoast SEO plugin v27.4 - https:\/\/yoast.com\/product\/yoast-seo-wordpress\/ -->\n<title>Anh\u00e4nger Stern mit kleinen Sternen mit Name personalisiert - Kazzerls handmade<\/title>\n<meta name=\"robots\" content=\"index, follow, max-snippet:-1, max-image-preview:large, max-video-preview:-1\" \/>\n<link rel=\"canonical\" href=\"https:\/\/www.kazzerl.net\/kazzerls\/produkt\/anhaenger-stern-mit-kleinen-sternen-mit-name-personalisiert\/\" \/>\n<meta property=\"og:locale\" content=\"de_DE\" \/>\n<meta property=\"og:type\" content=\"article\" \/>\n<meta property=\"og:title\" content=\"Anh\u00e4nger Stern mit kleinen Sternen mit Name personalisiert - Kazzerls handmade\" \/>\n<meta property=\"og:description\" content=\"Ein h\u00fcbscher Anh\u00e4nger aus 4mm dickem Pappel-Sperrholz. Der Anh\u00e4nger kann sowohl als Baumschmuck als auch als Geschenkanh\u00e4nger verwendet werden und nach eigenen Vorstellungen bemalt werden, da das Holz unbehandelt ist. Der Anh\u00e4nger wird mit Wunschnamen graviert werden und die Schrift ist w\u00e4hlbar. Der Anh\u00e4nger hat einen Durchmesser von ca. 6cm.\" \/>\n<meta property=\"og:url\" content=\"https:\/\/www.kazzerl.net\/kazzerls\/produkt\/anhaenger-stern-mit-kleinen-sternen-mit-name-personalisiert\/\" \/>\n<meta property=\"og:site_name\" content=\"Kazzerls handmade\" \/>\n<meta property=\"article:modified_time\" content=\"2025-09-14T14:35:07+00:00\" \/>\n<meta property=\"og:image\" content=\"https:\/\/www.kazzerl.net\/kazzerls\/wp-content\/uploads\/2023\/11\/IMG_3782.jpg\" \/>\n\t<meta property=\"og:image:width\" content=\"1800\" \/>\n\t<meta property=\"og:image:height\" content=\"1200\" \/>\n\t<meta property=\"og:image:type\" content=\"image\/jpeg\" \/>\n<meta name=\"twitter:card\" content=\"summary_large_image\" \/>\n<script type=\"application\/ld+json\" class=\"yoast-schema-graph\">{\"@context\":\"https:\\\/\\\/schema.org\",\"@graph\":[{\"@type\":\"WebPage\",\"@id\":\"https:\\\/\\\/www.kazzerl.net\\\/kazzerls\\\/produkt\\\/anhaenger-stern-mit-kleinen-sternen-mit-name-personalisiert\\\/\",\"url\":\"https:\\\/\\\/www.kazzerl.net\\\/kazzerls\\\/produkt\\\/anhaenger-stern-mit-kleinen-sternen-mit-name-personalisiert\\\/\",\"name\":\"Anh\u00e4nger Stern mit kleinen Sternen mit Name personalisiert - Kazzerls handmade\",\"isPartOf\":{\"@id\":\"https:\\\/\\\/www.kazzerl.net\\\/kazzerls\\\/#website\"},\"primaryImageOfPage\":{\"@id\":\"https:\\\/\\\/www.kazzerl.net\\\/kazzerls\\\/produkt\\\/anhaenger-stern-mit-kleinen-sternen-mit-name-personalisiert\\\/#primaryimage\"},\"image\":{\"@id\":\"https:\\\/\\\/www.kazzerl.net\\\/kazzerls\\\/produkt\\\/anhaenger-stern-mit-kleinen-sternen-mit-name-personalisiert\\\/#primaryimage\"},\"thumbnailUrl\":\"https:\\\/\\\/www.kazzerl.net\\\/kazzerls\\\/wp-content\\\/uploads\\\/2023\\\/11\\\/IMG_3782.jpg\",\"datePublished\":\"2023-11-22T06:22:20+00:00\",\"dateModified\":\"2025-09-14T14:35:07+00:00\",\"breadcrumb\":{\"@id\":\"https:\\\/\\\/www.kazzerl.net\\\/kazzerls\\\/produkt\\\/anhaenger-stern-mit-kleinen-sternen-mit-name-personalisiert\\\/#breadcrumb\"},\"inLanguage\":\"de\",\"potentialAction\":[{\"@type\":\"ReadAction\",\"target\":[\"https:\\\/\\\/www.kazzerl.net\\\/kazzerls\\\/produkt\\\/anhaenger-stern-mit-kleinen-sternen-mit-name-personalisiert\\\/\"]}]},{\"@type\":\"ImageObject\",\"inLanguage\":\"de\",\"@id\":\"https:\\\/\\\/www.kazzerl.net\\\/kazzerls\\\/produkt\\\/anhaenger-stern-mit-kleinen-sternen-mit-name-personalisiert\\\/#primaryimage\",\"url\":\"https:\\\/\\\/www.kazzerl.net\\\/kazzerls\\\/wp-content\\\/uploads\\\/2023\\\/11\\\/IMG_3782.jpg\",\"contentUrl\":\"https:\\\/\\\/www.kazzerl.net\\\/kazzerls\\\/wp-content\\\/uploads\\\/2023\\\/11\\\/IMG_3782.jpg\",\"width\":1800,\"height\":1200},{\"@type\":\"BreadcrumbList\",\"@id\":\"https:\\\/\\\/www.kazzerl.net\\\/kazzerls\\\/produkt\\\/anhaenger-stern-mit-kleinen-sternen-mit-name-personalisiert\\\/#breadcrumb\",\"itemListElement\":[{\"@type\":\"ListItem\",\"position\":1,\"name\":\"Startseite\",\"item\":\"https:\\\/\\\/www.kazzerl.net\\\/kazzerls\\\/\"},{\"@type\":\"ListItem\",\"position\":2,\"name\":\"Shop f\u00fcr handgemachte Geschenke und Dekorationen\",\"item\":\"https:\\\/\\\/www.kazzerl.net\\\/kazzerls\\\/\"},{\"@type\":\"ListItem\",\"position\":3,\"name\":\"Anh\u00e4nger Stern mit kleinen Sternen mit Name personalisiert\"}]},{\"@type\":\"WebSite\",\"@id\":\"https:\\\/\\\/www.kazzerl.net\\\/kazzerls\\\/#website\",\"url\":\"https:\\\/\\\/www.kazzerl.net\\\/kazzerls\\\/\",\"name\":\"Kazzerls handmade\",\"description\":\"Handgemachtes aus Holz, Epoxid, Wachs und vieles mehr!\",\"publisher\":{\"@id\":\"https:\\\/\\\/www.kazzerl.net\\\/kazzerls\\\/#organization\"},\"potentialAction\":[{\"@type\":\"SearchAction\",\"target\":{\"@type\":\"EntryPoint\",\"urlTemplate\":\"https:\\\/\\\/www.kazzerl.net\\\/kazzerls\\\/?s={search_term_string}\"},\"query-input\":{\"@type\":\"PropertyValueSpecification\",\"valueRequired\":true,\"valueName\":\"search_term_string\"}}],\"inLanguage\":\"de\"},{\"@type\":\"Organization\",\"@id\":\"https:\\\/\\\/www.kazzerl.net\\\/kazzerls\\\/#organization\",\"name\":\"Kazzerls handmade\",\"url\":\"https:\\\/\\\/www.kazzerl.net\\\/kazzerls\\\/\",\"logo\":{\"@type\":\"ImageObject\",\"inLanguage\":\"de\",\"@id\":\"https:\\\/\\\/www.kazzerl.net\\\/kazzerls\\\/#\\\/schema\\\/logo\\\/image\\\/\",\"url\":\"https:\\\/\\\/www.kazzerl.net\\\/kazzerls\\\/wp-content\\\/uploads\\\/2025\\\/07\\\/cropped-schwaKatz.png\",\"contentUrl\":\"https:\\\/\\\/www.kazzerl.net\\\/kazzerls\\\/wp-content\\\/uploads\\\/2025\\\/07\\\/cropped-schwaKatz.png\",\"width\":512,\"height\":512,\"caption\":\"Kazzerls handmade\"},\"image\":{\"@id\":\"https:\\\/\\\/www.kazzerl.net\\\/kazzerls\\\/#\\\/schema\\\/logo\\\/image\\\/\"},\"sameAs\":[\"https:\\\/\\\/www.instagram.com\\\/kazzerls\\\/\"]}]}<\/script>\n<!-- \/ Yoast SEO plugin. -->","yoast_head_json":{"title":"Anh\u00e4nger Stern mit kleinen Sternen mit Name personalisiert - Kazzerls handmade","robots":{"index":"index","follow":"follow","max-snippet":"max-snippet:-1","max-image-preview":"max-image-preview:large","max-video-preview":"max-video-preview:-1"},"canonical":"https:\/\/www.kazzerl.net\/kazzerls\/produkt\/anhaenger-stern-mit-kleinen-sternen-mit-name-personalisiert\/","og_locale":"de_DE","og_type":"article","og_title":"Anh\u00e4nger Stern mit kleinen Sternen mit Name personalisiert - Kazzerls handmade","og_description":"Ein h\u00fcbscher Anh\u00e4nger aus 4mm dickem Pappel-Sperrholz. Der Anh\u00e4nger kann sowohl als Baumschmuck als auch als Geschenkanh\u00e4nger verwendet werden und nach eigenen Vorstellungen bemalt werden, da das Holz unbehandelt ist. Der Anh\u00e4nger wird mit Wunschnamen graviert werden und die Schrift ist w\u00e4hlbar. Der Anh\u00e4nger hat einen Durchmesser von ca. 6cm.","og_url":"https:\/\/www.kazzerl.net\/kazzerls\/produkt\/anhaenger-stern-mit-kleinen-sternen-mit-name-personalisiert\/","og_site_name":"Kazzerls handmade","article_modified_time":"2025-09-14T14:35:07+00:00","og_image":[{"width":1800,"height":1200,"url":"https:\/\/www.kazzerl.net\/kazzerls\/wp-content\/uploads\/2023\/11\/IMG_3782.jpg","type":"image\/jpeg"}],"twitter_card":"summary_large_image","schema":{"@context":"https:\/\/schema.org","@graph":[{"@type":"WebPage","@id":"https:\/\/www.kazzerl.net\/kazzerls\/produkt\/anhaenger-stern-mit-kleinen-sternen-mit-name-personalisiert\/","url":"https:\/\/www.kazzerl.net\/kazzerls\/produkt\/anhaenger-stern-mit-kleinen-sternen-mit-name-personalisiert\/","name":"Anh\u00e4nger Stern mit kleinen Sternen mit Name personalisiert - Kazzerls handmade","isPartOf":{"@id":"https:\/\/www.kazzerl.net\/kazzerls\/#website"},"primaryImageOfPage":{"@id":"https:\/\/www.kazzerl.net\/kazzerls\/produkt\/anhaenger-stern-mit-kleinen-sternen-mit-name-personalisiert\/#primaryimage"},"image":{"@id":"https:\/\/www.kazzerl.net\/kazzerls\/produkt\/anhaenger-stern-mit-kleinen-sternen-mit-name-personalisiert\/#primaryimage"},"thumbnailUrl":"https:\/\/www.kazzerl.net\/kazzerls\/wp-content\/uploads\/2023\/11\/IMG_3782.jpg","datePublished":"2023-11-22T06:22:20+00:00","dateModified":"2025-09-14T14:35:07+00:00","breadcrumb":{"@id":"https:\/\/www.kazzerl.net\/kazzerls\/produkt\/anhaenger-stern-mit-kleinen-sternen-mit-name-personalisiert\/#breadcrumb"},"inLanguage":"de","potentialAction":[{"@type":"ReadAction","target":["https:\/\/www.kazzerl.net\/kazzerls\/produkt\/anhaenger-stern-mit-kleinen-sternen-mit-name-personalisiert\/"]}]},{"@type":"ImageObject","inLanguage":"de","@id":"https:\/\/www.kazzerl.net\/kazzerls\/produkt\/anhaenger-stern-mit-kleinen-sternen-mit-name-personalisiert\/#primaryimage","url":"https:\/\/www.kazzerl.net\/kazzerls\/wp-content\/uploads\/2023\/11\/IMG_3782.jpg","contentUrl":"https:\/\/www.kazzerl.net\/kazzerls\/wp-content\/uploads\/2023\/11\/IMG_3782.jpg","width":1800,"height":1200},{"@type":"BreadcrumbList","@id":"https:\/\/www.kazzerl.net\/kazzerls\/produkt\/anhaenger-stern-mit-kleinen-sternen-mit-name-personalisiert\/#breadcrumb","itemListElement":[{"@type":"ListItem","position":1,"name":"Startseite","item":"https:\/\/www.kazzerl.net\/kazzerls\/"},{"@type":"ListItem","position":2,"name":"Shop f\u00fcr handgemachte Geschenke und Dekorationen","item":"https:\/\/www.kazzerl.net\/kazzerls\/"},{"@type":"ListItem","position":3,"name":"Anh\u00e4nger Stern mit kleinen Sternen mit Name personalisiert"}]},{"@type":"WebSite","@id":"https:\/\/www.kazzerl.net\/kazzerls\/#website","url":"https:\/\/www.kazzerl.net\/kazzerls\/","name":"Kazzerls handmade","description":"Handgemachtes aus Holz, Epoxid, Wachs und vieles mehr!","publisher":{"@id":"https:\/\/www.kazzerl.net\/kazzerls\/#organization"},"potentialAction":[{"@type":"SearchAction","target":{"@type":"EntryPoint","urlTemplate":"https:\/\/www.kazzerl.net\/kazzerls\/?s={search_term_string}"},"query-input":{"@type":"PropertyValueSpecification","valueRequired":true,"valueName":"search_term_string"}}],"inLanguage":"de"},{"@type":"Organization","@id":"https:\/\/www.kazzerl.net\/kazzerls\/#organization","name":"Kazzerls handmade","url":"https:\/\/www.kazzerl.net\/kazzerls\/","logo":{"@type":"ImageObject","inLanguage":"de","@id":"https:\/\/www.kazzerl.net\/kazzerls\/#\/schema\/logo\/image\/","url":"https:\/\/www.kazzerl.net\/kazzerls\/wp-content\/uploads\/2025\/07\/cropped-schwaKatz.png","contentUrl":"https:\/\/www.kazzerl.net\/kazzerls\/wp-content\/uploads\/2025\/07\/cropped-schwaKatz.png","width":512,"height":512,"caption":"Kazzerls handmade"},"image":{"@id":"https:\/\/www.kazzerl.net\/kazzerls\/#\/schema\/logo\/image\/"},"sameAs":["https:\/\/www.instagram.com\/kazzerls\/"]}]}},"_links":{"self":[{"href":"https:\/\/www.kazzerl.net\/kazzerls\/wp-json\/wp\/v2\/product\/855","targetHints":{"allow":["GET"]}}],"collection":[{"href":"https:\/\/www.kazzerl.net\/kazzerls\/wp-json\/wp\/v2\/product"}],"about":[{"href":"https:\/\/www.kazzerl.net\/kazzerls\/wp-json\/wp\/v2\/types\/product"}],"replies":[{"embeddable":true,"href":"https:\/\/www.kazzerl.net\/kazzerls\/wp-json\/wp\/v2\/comments?post=855"}],"wp:featuredmedia":[{"embeddable":true,"href":"https:\/\/www.kazzerl.net\/kazzerls\/wp-json\/wp\/v2\/media\/822"}],"wp:attachment":[{"href":"https:\/\/www.kazzerl.net\/kazzerls\/wp-json\/wp\/v2\/media?parent=855"}],"wp:term":[{"taxonomy":"product_brand","embeddable":true,"href":"https:\/\/www.kazzerl.net\/kazzerls\/wp-json\/wp\/v2\/product_brand?post=855"},{"taxonomy":"product_cat","embeddable":true,"href":"https:\/\/www.kazzerl.net\/kazzerls\/wp-json\/wp\/v2\/product_cat?post=855"},{"taxonomy":"product_tag","embeddable":true,"href":"https:\/\/www.kazzerl.net\/kazzerls\/wp-json\/wp\/v2\/product_tag?post=855"}],"curies":[{"name":"wp","href":"https:\/\/api.w.org\/{rel}","templated":true}]}}