{"id":702,"date":"2023-09-29T16:31:19","date_gmt":"2023-09-29T14:31:19","guid":{"rendered":"https:\/\/www.kazzerl.net\/kazzerls\/?post_type=product&#038;p=702"},"modified":"2025-11-02T17:27:48","modified_gmt":"2025-11-02T16:27:48","slug":"epoxy-anhaenger-rund-violett-rosa","status":"publish","type":"product","link":"https:\/\/www.kazzerl.net\/kazzerls\/produkt\/epoxy-anhaenger-rund-violett-rosa\/","title":{"rendered":"Epoxy Anh\u00e4nger rund violett\/ rosa"},"content":{"rendered":"<p>Der Anh\u00e4nger ist in liebevoller Handarbeit gefertigt und ist ein Unikat, welcher mit einem Satinband zu dir kommt. Der Durchmesser ist 3cm.<\/p>\n<p>Gegossen aus Epoxidharz und eingef\u00e4rbt mit speziellen lichtechten Tinten.<\/p>\n<p>Rosa ist intuitiv und einf\u00fchlsam, es zeigt Z\u00e4rtlichkeit und Freundlichkeit. In der Farbpsychologie ist Rosa eine Farbe der Hoffnung, die zu aufmunternden Gef\u00fchlen inspiriert. Rosa beruhigt und bes\u00e4nftigt unsere emotionalen Energien und mildert Gef\u00fchle von Wut, Aggression und Vernachl\u00e4ssigung.<\/p>\n<p>In ihrem Ursprung stand Violett f\u00fcr Demut, Tugend und Bu\u00dfe. Die Farbe Violett ist aber bedeutend vielschichtiger und symbolisiert das Geheimnisvolle und Mystische, das Innehalten und tiefe Ruhe und eine k\u00f6nigliche Opulenz, Macht und Extravaganz.<\/p>\n","protected":false},"excerpt":{"rendered":"<p>Der Anh\u00e4nger ist in liebevoller Handarbeit gefertigt und ist ein Unikat, welcher mit einem Satinband zu dir kommt. Der Durchmesser ist 3cm. Gegossen aus Epoxidharz und eingef\u00e4rbt mit speziellen lichtechten Tinten. Rosa ist intuitiv und einf\u00fchlsam, es zeigt Z\u00e4rtlichkeit und Freundlichkeit. In der Farbpsychologie ist Rosa eine Farbe der Hoffnung, die zu aufmunternden Gef\u00fchlen inspiriert. [&hellip;]<\/p>\n","protected":false},"featured_media":703,"comment_status":"closed","ping_status":"closed","template":"","meta":[],"product_brand":[],"product_cat":[40],"product_tag":[122,107,123,68,53,77,91,58,54,106,121,55,124],"class_list":{"0":"post-702","1":"product","2":"type-product","3":"status-publish","4":"has-post-thumbnail","6":"product_cat-halsketten-resin","7":"product_tag-elegant","8":"product_tag-epoxid","9":"product_tag-eye-catch","10":"product_tag-geburtstag","11":"product_tag-geschenkidee","12":"product_tag-handgemacht","13":"product_tag-mitbringsel","14":"product_tag-must-have","15":"product_tag-muttertag","16":"product_tag-resin","17":"product_tag-tolles-alltagsaccessoire","18":"product_tag-valentinstag","19":"product_tag-zeitlos","20":"product_shipping_class-s","22":"first","23":"instock","24":"sold-individually","25":"taxable","26":"shipping-taxable","27":"purchasable","28":"product-type-simple"},"yoast_head":"<!-- This site is optimized with the Yoast SEO plugin v27.4 - https:\/\/yoast.com\/product\/yoast-seo-wordpress\/ -->\n<title>Epoxy Anh\u00e4nger rund violett\/ rosa - Kazzerls handmade<\/title>\n<meta name=\"robots\" content=\"index, follow, max-snippet:-1, max-image-preview:large, max-video-preview:-1\" \/>\n<link rel=\"canonical\" href=\"https:\/\/www.kazzerl.net\/kazzerls\/produkt\/epoxy-anhaenger-rund-violett-rosa\/\" \/>\n<meta property=\"og:locale\" content=\"de_DE\" \/>\n<meta property=\"og:type\" content=\"article\" \/>\n<meta property=\"og:title\" content=\"Epoxy Anh\u00e4nger rund violett\/ rosa - Kazzerls handmade\" \/>\n<meta property=\"og:description\" content=\"Der Anh\u00e4nger ist in liebevoller Handarbeit gefertigt und ist ein Unikat, welcher mit einem Satinband zu dir kommt. Der Durchmesser ist 3cm. Gegossen aus Epoxidharz und eingef\u00e4rbt mit speziellen lichtechten Tinten. Rosa ist intuitiv und einf\u00fchlsam, es zeigt Z\u00e4rtlichkeit und Freundlichkeit. In der Farbpsychologie ist Rosa eine Farbe der Hoffnung, die zu aufmunternden Gef\u00fchlen inspiriert. [&hellip;]\" \/>\n<meta property=\"og:url\" content=\"https:\/\/www.kazzerl.net\/kazzerls\/produkt\/epoxy-anhaenger-rund-violett-rosa\/\" \/>\n<meta property=\"og:site_name\" content=\"Kazzerls handmade\" \/>\n<meta property=\"article:modified_time\" content=\"2025-11-02T16:27:48+00:00\" \/>\n<meta property=\"og:image\" content=\"https:\/\/www.kazzerl.net\/kazzerls\/wp-content\/uploads\/2023\/09\/IMG_9184.jpg\" \/>\n\t<meta property=\"og:image:width\" content=\"1800\" \/>\n\t<meta property=\"og:image:height\" content=\"1200\" \/>\n\t<meta property=\"og:image:type\" content=\"image\/jpeg\" \/>\n<meta name=\"twitter:card\" content=\"summary_large_image\" \/>\n<meta name=\"twitter:label1\" content=\"Gesch\u00e4tzte Lesezeit\" \/>\n\t<meta name=\"twitter:data1\" content=\"1\u00a0Minute\" \/>\n<script type=\"application\/ld+json\" class=\"yoast-schema-graph\">{\"@context\":\"https:\\\/\\\/schema.org\",\"@graph\":[{\"@type\":\"WebPage\",\"@id\":\"https:\\\/\\\/www.kazzerl.net\\\/kazzerls\\\/produkt\\\/epoxy-anhaenger-rund-violett-rosa\\\/\",\"url\":\"https:\\\/\\\/www.kazzerl.net\\\/kazzerls\\\/produkt\\\/epoxy-anhaenger-rund-violett-rosa\\\/\",\"name\":\"Epoxy Anh\u00e4nger rund violett\\\/ rosa - Kazzerls handmade\",\"isPartOf\":{\"@id\":\"https:\\\/\\\/www.kazzerl.net\\\/kazzerls\\\/#website\"},\"primaryImageOfPage\":{\"@id\":\"https:\\\/\\\/www.kazzerl.net\\\/kazzerls\\\/produkt\\\/epoxy-anhaenger-rund-violett-rosa\\\/#primaryimage\"},\"image\":{\"@id\":\"https:\\\/\\\/www.kazzerl.net\\\/kazzerls\\\/produkt\\\/epoxy-anhaenger-rund-violett-rosa\\\/#primaryimage\"},\"thumbnailUrl\":\"https:\\\/\\\/www.kazzerl.net\\\/kazzerls\\\/wp-content\\\/uploads\\\/2023\\\/09\\\/IMG_9184.jpg\",\"datePublished\":\"2023-09-29T14:31:19+00:00\",\"dateModified\":\"2025-11-02T16:27:48+00:00\",\"breadcrumb\":{\"@id\":\"https:\\\/\\\/www.kazzerl.net\\\/kazzerls\\\/produkt\\\/epoxy-anhaenger-rund-violett-rosa\\\/#breadcrumb\"},\"inLanguage\":\"de\",\"potentialAction\":[{\"@type\":\"ReadAction\",\"target\":[\"https:\\\/\\\/www.kazzerl.net\\\/kazzerls\\\/produkt\\\/epoxy-anhaenger-rund-violett-rosa\\\/\"]}]},{\"@type\":\"ImageObject\",\"inLanguage\":\"de\",\"@id\":\"https:\\\/\\\/www.kazzerl.net\\\/kazzerls\\\/produkt\\\/epoxy-anhaenger-rund-violett-rosa\\\/#primaryimage\",\"url\":\"https:\\\/\\\/www.kazzerl.net\\\/kazzerls\\\/wp-content\\\/uploads\\\/2023\\\/09\\\/IMG_9184.jpg\",\"contentUrl\":\"https:\\\/\\\/www.kazzerl.net\\\/kazzerls\\\/wp-content\\\/uploads\\\/2023\\\/09\\\/IMG_9184.jpg\",\"width\":1800,\"height\":1200},{\"@type\":\"BreadcrumbList\",\"@id\":\"https:\\\/\\\/www.kazzerl.net\\\/kazzerls\\\/produkt\\\/epoxy-anhaenger-rund-violett-rosa\\\/#breadcrumb\",\"itemListElement\":[{\"@type\":\"ListItem\",\"position\":1,\"name\":\"Startseite\",\"item\":\"https:\\\/\\\/www.kazzerl.net\\\/kazzerls\\\/\"},{\"@type\":\"ListItem\",\"position\":2,\"name\":\"Shop f\u00fcr handgemachte Geschenke und Dekorationen\",\"item\":\"https:\\\/\\\/www.kazzerl.net\\\/kazzerls\\\/\"},{\"@type\":\"ListItem\",\"position\":3,\"name\":\"Epoxy Anh\u00e4nger rund violett\\\/ rosa\"}]},{\"@type\":\"WebSite\",\"@id\":\"https:\\\/\\\/www.kazzerl.net\\\/kazzerls\\\/#website\",\"url\":\"https:\\\/\\\/www.kazzerl.net\\\/kazzerls\\\/\",\"name\":\"Kazzerls handmade\",\"description\":\"Handgemachtes aus Holz, Epoxid, Wachs und vieles mehr!\",\"publisher\":{\"@id\":\"https:\\\/\\\/www.kazzerl.net\\\/kazzerls\\\/#organization\"},\"potentialAction\":[{\"@type\":\"SearchAction\",\"target\":{\"@type\":\"EntryPoint\",\"urlTemplate\":\"https:\\\/\\\/www.kazzerl.net\\\/kazzerls\\\/?s={search_term_string}\"},\"query-input\":{\"@type\":\"PropertyValueSpecification\",\"valueRequired\":true,\"valueName\":\"search_term_string\"}}],\"inLanguage\":\"de\"},{\"@type\":\"Organization\",\"@id\":\"https:\\\/\\\/www.kazzerl.net\\\/kazzerls\\\/#organization\",\"name\":\"Kazzerls handmade\",\"url\":\"https:\\\/\\\/www.kazzerl.net\\\/kazzerls\\\/\",\"logo\":{\"@type\":\"ImageObject\",\"inLanguage\":\"de\",\"@id\":\"https:\\\/\\\/www.kazzerl.net\\\/kazzerls\\\/#\\\/schema\\\/logo\\\/image\\\/\",\"url\":\"https:\\\/\\\/www.kazzerl.net\\\/kazzerls\\\/wp-content\\\/uploads\\\/2025\\\/07\\\/cropped-schwaKatz.png\",\"contentUrl\":\"https:\\\/\\\/www.kazzerl.net\\\/kazzerls\\\/wp-content\\\/uploads\\\/2025\\\/07\\\/cropped-schwaKatz.png\",\"width\":512,\"height\":512,\"caption\":\"Kazzerls handmade\"},\"image\":{\"@id\":\"https:\\\/\\\/www.kazzerl.net\\\/kazzerls\\\/#\\\/schema\\\/logo\\\/image\\\/\"},\"sameAs\":[\"https:\\\/\\\/www.instagram.com\\\/kazzerls\\\/\"]}]}<\/script>\n<!-- \/ Yoast SEO plugin. -->","yoast_head_json":{"title":"Epoxy Anh\u00e4nger rund violett\/ rosa - Kazzerls handmade","robots":{"index":"index","follow":"follow","max-snippet":"max-snippet:-1","max-image-preview":"max-image-preview:large","max-video-preview":"max-video-preview:-1"},"canonical":"https:\/\/www.kazzerl.net\/kazzerls\/produkt\/epoxy-anhaenger-rund-violett-rosa\/","og_locale":"de_DE","og_type":"article","og_title":"Epoxy Anh\u00e4nger rund violett\/ rosa - Kazzerls handmade","og_description":"Der Anh\u00e4nger ist in liebevoller Handarbeit gefertigt und ist ein Unikat, welcher mit einem Satinband zu dir kommt. Der Durchmesser ist 3cm. Gegossen aus Epoxidharz und eingef\u00e4rbt mit speziellen lichtechten Tinten. Rosa ist intuitiv und einf\u00fchlsam, es zeigt Z\u00e4rtlichkeit und Freundlichkeit. In der Farbpsychologie ist Rosa eine Farbe der Hoffnung, die zu aufmunternden Gef\u00fchlen inspiriert. [&hellip;]","og_url":"https:\/\/www.kazzerl.net\/kazzerls\/produkt\/epoxy-anhaenger-rund-violett-rosa\/","og_site_name":"Kazzerls handmade","article_modified_time":"2025-11-02T16:27:48+00:00","og_image":[{"width":1800,"height":1200,"url":"https:\/\/www.kazzerl.net\/kazzerls\/wp-content\/uploads\/2023\/09\/IMG_9184.jpg","type":"image\/jpeg"}],"twitter_card":"summary_large_image","twitter_misc":{"Gesch\u00e4tzte Lesezeit":"1\u00a0Minute"},"schema":{"@context":"https:\/\/schema.org","@graph":[{"@type":"WebPage","@id":"https:\/\/www.kazzerl.net\/kazzerls\/produkt\/epoxy-anhaenger-rund-violett-rosa\/","url":"https:\/\/www.kazzerl.net\/kazzerls\/produkt\/epoxy-anhaenger-rund-violett-rosa\/","name":"Epoxy Anh\u00e4nger rund violett\/ rosa - Kazzerls handmade","isPartOf":{"@id":"https:\/\/www.kazzerl.net\/kazzerls\/#website"},"primaryImageOfPage":{"@id":"https:\/\/www.kazzerl.net\/kazzerls\/produkt\/epoxy-anhaenger-rund-violett-rosa\/#primaryimage"},"image":{"@id":"https:\/\/www.kazzerl.net\/kazzerls\/produkt\/epoxy-anhaenger-rund-violett-rosa\/#primaryimage"},"thumbnailUrl":"https:\/\/www.kazzerl.net\/kazzerls\/wp-content\/uploads\/2023\/09\/IMG_9184.jpg","datePublished":"2023-09-29T14:31:19+00:00","dateModified":"2025-11-02T16:27:48+00:00","breadcrumb":{"@id":"https:\/\/www.kazzerl.net\/kazzerls\/produkt\/epoxy-anhaenger-rund-violett-rosa\/#breadcrumb"},"inLanguage":"de","potentialAction":[{"@type":"ReadAction","target":["https:\/\/www.kazzerl.net\/kazzerls\/produkt\/epoxy-anhaenger-rund-violett-rosa\/"]}]},{"@type":"ImageObject","inLanguage":"de","@id":"https:\/\/www.kazzerl.net\/kazzerls\/produkt\/epoxy-anhaenger-rund-violett-rosa\/#primaryimage","url":"https:\/\/www.kazzerl.net\/kazzerls\/wp-content\/uploads\/2023\/09\/IMG_9184.jpg","contentUrl":"https:\/\/www.kazzerl.net\/kazzerls\/wp-content\/uploads\/2023\/09\/IMG_9184.jpg","width":1800,"height":1200},{"@type":"BreadcrumbList","@id":"https:\/\/www.kazzerl.net\/kazzerls\/produkt\/epoxy-anhaenger-rund-violett-rosa\/#breadcrumb","itemListElement":[{"@type":"ListItem","position":1,"name":"Startseite","item":"https:\/\/www.kazzerl.net\/kazzerls\/"},{"@type":"ListItem","position":2,"name":"Shop f\u00fcr handgemachte Geschenke und Dekorationen","item":"https:\/\/www.kazzerl.net\/kazzerls\/"},{"@type":"ListItem","position":3,"name":"Epoxy Anh\u00e4nger rund violett\/ rosa"}]},{"@type":"WebSite","@id":"https:\/\/www.kazzerl.net\/kazzerls\/#website","url":"https:\/\/www.kazzerl.net\/kazzerls\/","name":"Kazzerls handmade","description":"Handgemachtes aus Holz, Epoxid, Wachs und vieles mehr!","publisher":{"@id":"https:\/\/www.kazzerl.net\/kazzerls\/#organization"},"potentialAction":[{"@type":"SearchAction","target":{"@type":"EntryPoint","urlTemplate":"https:\/\/www.kazzerl.net\/kazzerls\/?s={search_term_string}"},"query-input":{"@type":"PropertyValueSpecification","valueRequired":true,"valueName":"search_term_string"}}],"inLanguage":"de"},{"@type":"Organization","@id":"https:\/\/www.kazzerl.net\/kazzerls\/#organization","name":"Kazzerls handmade","url":"https:\/\/www.kazzerl.net\/kazzerls\/","logo":{"@type":"ImageObject","inLanguage":"de","@id":"https:\/\/www.kazzerl.net\/kazzerls\/#\/schema\/logo\/image\/","url":"https:\/\/www.kazzerl.net\/kazzerls\/wp-content\/uploads\/2025\/07\/cropped-schwaKatz.png","contentUrl":"https:\/\/www.kazzerl.net\/kazzerls\/wp-content\/uploads\/2025\/07\/cropped-schwaKatz.png","width":512,"height":512,"caption":"Kazzerls handmade"},"image":{"@id":"https:\/\/www.kazzerl.net\/kazzerls\/#\/schema\/logo\/image\/"},"sameAs":["https:\/\/www.instagram.com\/kazzerls\/"]}]}},"_links":{"self":[{"href":"https:\/\/www.kazzerl.net\/kazzerls\/wp-json\/wp\/v2\/product\/702","targetHints":{"allow":["GET"]}}],"collection":[{"href":"https:\/\/www.kazzerl.net\/kazzerls\/wp-json\/wp\/v2\/product"}],"about":[{"href":"https:\/\/www.kazzerl.net\/kazzerls\/wp-json\/wp\/v2\/types\/product"}],"replies":[{"embeddable":true,"href":"https:\/\/www.kazzerl.net\/kazzerls\/wp-json\/wp\/v2\/comments?post=702"}],"wp:featuredmedia":[{"embeddable":true,"href":"https:\/\/www.kazzerl.net\/kazzerls\/wp-json\/wp\/v2\/media\/703"}],"wp:attachment":[{"href":"https:\/\/www.kazzerl.net\/kazzerls\/wp-json\/wp\/v2\/media?parent=702"}],"wp:term":[{"taxonomy":"product_brand","embeddable":true,"href":"https:\/\/www.kazzerl.net\/kazzerls\/wp-json\/wp\/v2\/product_brand?post=702"},{"taxonomy":"product_cat","embeddable":true,"href":"https:\/\/www.kazzerl.net\/kazzerls\/wp-json\/wp\/v2\/product_cat?post=702"},{"taxonomy":"product_tag","embeddable":true,"href":"https:\/\/www.kazzerl.net\/kazzerls\/wp-json\/wp\/v2\/product_tag?post=702"}],"curies":[{"name":"wp","href":"https:\/\/api.w.org\/{rel}","templated":true}]}}