{"id":693,"date":"2023-09-29T15:56:51","date_gmt":"2023-09-29T13:56:51","guid":{"rendered":"https:\/\/www.kazzerl.net\/kazzerls\/?post_type=product&#038;p=693"},"modified":"2025-11-02T17:29:27","modified_gmt":"2025-11-02T16:29:27","slug":"epoxy-anhaenger-rund-blau-gelb","status":"publish","type":"product","link":"https:\/\/www.kazzerl.net\/kazzerls\/produkt\/epoxy-anhaenger-rund-blau-gelb\/","title":{"rendered":"Epoxy Anh\u00e4nger rund blau\/ gelb"},"content":{"rendered":"<p>Der Anh\u00e4nger ist in liebevoller Handarbeit gefertigt und ist ein Unikat, welcher mit einem Satinband zu dir kommt. Der Durchmesser betr\u00e4gt 3cm<\/p>\n<p>Gegossen aus Epoxidharz und eingef\u00e4rbt mit speziellen lichtechten Tinten.<\/p>\n<p>Treue und Sehnsucht, Ferne und Weite, Entspannung und Klugheit sind Assoziationen die mit der Farbe Blau im Zusammenhang stehen. Au\u00dferdem ist Blau die Symbolfarbe f\u00fcr Ruhe, Fernweh, Best\u00e4ndigkeit, Zufriedenheit und Ausgeglichenheit.<\/p>\n<p>Die Farbe Gelb ist die hellste der Grundfarben und steht f\u00fcr Licht, W\u00e4rme, Positivit\u00e4t Kreativit\u00e4t, Neugier, Intellekt und Wissbegierde.<\/p>\n","protected":false},"excerpt":{"rendered":"<p>Der Anh\u00e4nger ist in liebevoller Handarbeit gefertigt und ist ein Unikat, welcher mit einem Satinband zu dir kommt. Der Durchmesser betr\u00e4gt 3cm Gegossen aus Epoxidharz und eingef\u00e4rbt mit speziellen lichtechten Tinten. Treue und Sehnsucht, Ferne und Weite, Entspannung und Klugheit sind Assoziationen die mit der Farbe Blau im Zusammenhang stehen. Au\u00dferdem ist Blau die Symbolfarbe [&hellip;]<\/p>\n","protected":false},"featured_media":682,"comment_status":"closed","ping_status":"closed","template":"","meta":[],"product_brand":[],"product_cat":[40],"product_tag":[122,107,123,68,53,77,91,58,54,106,121,55,124],"class_list":{"0":"post-693","1":"product","2":"type-product","3":"status-publish","4":"has-post-thumbnail","6":"product_cat-halsketten-resin","7":"product_tag-elegant","8":"product_tag-epoxid","9":"product_tag-eye-catch","10":"product_tag-geburtstag","11":"product_tag-geschenkidee","12":"product_tag-handgemacht","13":"product_tag-mitbringsel","14":"product_tag-must-have","15":"product_tag-muttertag","16":"product_tag-resin","17":"product_tag-tolles-alltagsaccessoire","18":"product_tag-valentinstag","19":"product_tag-zeitlos","20":"product_shipping_class-s","22":"first","23":"instock","24":"sold-individually","25":"taxable","26":"shipping-taxable","27":"purchasable","28":"product-type-simple"},"yoast_head":"<!-- This site is optimized with the Yoast SEO plugin v27.4 - https:\/\/yoast.com\/product\/yoast-seo-wordpress\/ -->\n<title>Epoxy Anh\u00e4nger rund blau\/ gelb - Kazzerls handmade<\/title>\n<meta name=\"robots\" content=\"index, follow, max-snippet:-1, max-image-preview:large, max-video-preview:-1\" \/>\n<link rel=\"canonical\" href=\"https:\/\/www.kazzerl.net\/kazzerls\/produkt\/epoxy-anhaenger-rund-blau-gelb\/\" \/>\n<meta property=\"og:locale\" content=\"de_DE\" \/>\n<meta property=\"og:type\" content=\"article\" \/>\n<meta property=\"og:title\" content=\"Epoxy Anh\u00e4nger rund blau\/ gelb - Kazzerls handmade\" \/>\n<meta property=\"og:description\" content=\"Der Anh\u00e4nger ist in liebevoller Handarbeit gefertigt und ist ein Unikat, welcher mit einem Satinband zu dir kommt. Der Durchmesser betr\u00e4gt 3cm Gegossen aus Epoxidharz und eingef\u00e4rbt mit speziellen lichtechten Tinten. Treue und Sehnsucht, Ferne und Weite, Entspannung und Klugheit sind Assoziationen die mit der Farbe Blau im Zusammenhang stehen. Au\u00dferdem ist Blau die Symbolfarbe [&hellip;]\" \/>\n<meta property=\"og:url\" content=\"https:\/\/www.kazzerl.net\/kazzerls\/produkt\/epoxy-anhaenger-rund-blau-gelb\/\" \/>\n<meta property=\"og:site_name\" content=\"Kazzerls handmade\" \/>\n<meta property=\"article:modified_time\" content=\"2025-11-02T16:29:27+00:00\" \/>\n<meta property=\"og:image\" content=\"https:\/\/www.kazzerl.net\/kazzerls\/wp-content\/uploads\/2023\/09\/IMG_9142.jpg\" \/>\n\t<meta property=\"og:image:width\" content=\"1800\" \/>\n\t<meta property=\"og:image:height\" content=\"1200\" \/>\n\t<meta property=\"og:image:type\" content=\"image\/jpeg\" \/>\n<meta name=\"twitter:card\" content=\"summary_large_image\" \/>\n<script type=\"application\/ld+json\" class=\"yoast-schema-graph\">{\"@context\":\"https:\\\/\\\/schema.org\",\"@graph\":[{\"@type\":\"WebPage\",\"@id\":\"https:\\\/\\\/www.kazzerl.net\\\/kazzerls\\\/produkt\\\/epoxy-anhaenger-rund-blau-gelb\\\/\",\"url\":\"https:\\\/\\\/www.kazzerl.net\\\/kazzerls\\\/produkt\\\/epoxy-anhaenger-rund-blau-gelb\\\/\",\"name\":\"Epoxy Anh\u00e4nger rund blau\\\/ gelb - Kazzerls handmade\",\"isPartOf\":{\"@id\":\"https:\\\/\\\/www.kazzerl.net\\\/kazzerls\\\/#website\"},\"primaryImageOfPage\":{\"@id\":\"https:\\\/\\\/www.kazzerl.net\\\/kazzerls\\\/produkt\\\/epoxy-anhaenger-rund-blau-gelb\\\/#primaryimage\"},\"image\":{\"@id\":\"https:\\\/\\\/www.kazzerl.net\\\/kazzerls\\\/produkt\\\/epoxy-anhaenger-rund-blau-gelb\\\/#primaryimage\"},\"thumbnailUrl\":\"https:\\\/\\\/www.kazzerl.net\\\/kazzerls\\\/wp-content\\\/uploads\\\/2023\\\/09\\\/IMG_9142.jpg\",\"datePublished\":\"2023-09-29T13:56:51+00:00\",\"dateModified\":\"2025-11-02T16:29:27+00:00\",\"breadcrumb\":{\"@id\":\"https:\\\/\\\/www.kazzerl.net\\\/kazzerls\\\/produkt\\\/epoxy-anhaenger-rund-blau-gelb\\\/#breadcrumb\"},\"inLanguage\":\"de\",\"potentialAction\":[{\"@type\":\"ReadAction\",\"target\":[\"https:\\\/\\\/www.kazzerl.net\\\/kazzerls\\\/produkt\\\/epoxy-anhaenger-rund-blau-gelb\\\/\"]}]},{\"@type\":\"ImageObject\",\"inLanguage\":\"de\",\"@id\":\"https:\\\/\\\/www.kazzerl.net\\\/kazzerls\\\/produkt\\\/epoxy-anhaenger-rund-blau-gelb\\\/#primaryimage\",\"url\":\"https:\\\/\\\/www.kazzerl.net\\\/kazzerls\\\/wp-content\\\/uploads\\\/2023\\\/09\\\/IMG_9142.jpg\",\"contentUrl\":\"https:\\\/\\\/www.kazzerl.net\\\/kazzerls\\\/wp-content\\\/uploads\\\/2023\\\/09\\\/IMG_9142.jpg\",\"width\":1800,\"height\":1200},{\"@type\":\"BreadcrumbList\",\"@id\":\"https:\\\/\\\/www.kazzerl.net\\\/kazzerls\\\/produkt\\\/epoxy-anhaenger-rund-blau-gelb\\\/#breadcrumb\",\"itemListElement\":[{\"@type\":\"ListItem\",\"position\":1,\"name\":\"Startseite\",\"item\":\"https:\\\/\\\/www.kazzerl.net\\\/kazzerls\\\/\"},{\"@type\":\"ListItem\",\"position\":2,\"name\":\"Shop f\u00fcr handgemachte Geschenke und Dekorationen\",\"item\":\"https:\\\/\\\/www.kazzerl.net\\\/kazzerls\\\/\"},{\"@type\":\"ListItem\",\"position\":3,\"name\":\"Epoxy Anh\u00e4nger rund blau\\\/ gelb\"}]},{\"@type\":\"WebSite\",\"@id\":\"https:\\\/\\\/www.kazzerl.net\\\/kazzerls\\\/#website\",\"url\":\"https:\\\/\\\/www.kazzerl.net\\\/kazzerls\\\/\",\"name\":\"Kazzerls handmade\",\"description\":\"Handgemachtes aus Holz, Epoxid, Wachs und vieles mehr!\",\"publisher\":{\"@id\":\"https:\\\/\\\/www.kazzerl.net\\\/kazzerls\\\/#organization\"},\"potentialAction\":[{\"@type\":\"SearchAction\",\"target\":{\"@type\":\"EntryPoint\",\"urlTemplate\":\"https:\\\/\\\/www.kazzerl.net\\\/kazzerls\\\/?s={search_term_string}\"},\"query-input\":{\"@type\":\"PropertyValueSpecification\",\"valueRequired\":true,\"valueName\":\"search_term_string\"}}],\"inLanguage\":\"de\"},{\"@type\":\"Organization\",\"@id\":\"https:\\\/\\\/www.kazzerl.net\\\/kazzerls\\\/#organization\",\"name\":\"Kazzerls handmade\",\"url\":\"https:\\\/\\\/www.kazzerl.net\\\/kazzerls\\\/\",\"logo\":{\"@type\":\"ImageObject\",\"inLanguage\":\"de\",\"@id\":\"https:\\\/\\\/www.kazzerl.net\\\/kazzerls\\\/#\\\/schema\\\/logo\\\/image\\\/\",\"url\":\"https:\\\/\\\/www.kazzerl.net\\\/kazzerls\\\/wp-content\\\/uploads\\\/2025\\\/07\\\/cropped-schwaKatz.png\",\"contentUrl\":\"https:\\\/\\\/www.kazzerl.net\\\/kazzerls\\\/wp-content\\\/uploads\\\/2025\\\/07\\\/cropped-schwaKatz.png\",\"width\":512,\"height\":512,\"caption\":\"Kazzerls handmade\"},\"image\":{\"@id\":\"https:\\\/\\\/www.kazzerl.net\\\/kazzerls\\\/#\\\/schema\\\/logo\\\/image\\\/\"},\"sameAs\":[\"https:\\\/\\\/www.instagram.com\\\/kazzerls\\\/\"]}]}<\/script>\n<!-- \/ Yoast SEO plugin. -->","yoast_head_json":{"title":"Epoxy Anh\u00e4nger rund blau\/ gelb - Kazzerls handmade","robots":{"index":"index","follow":"follow","max-snippet":"max-snippet:-1","max-image-preview":"max-image-preview:large","max-video-preview":"max-video-preview:-1"},"canonical":"https:\/\/www.kazzerl.net\/kazzerls\/produkt\/epoxy-anhaenger-rund-blau-gelb\/","og_locale":"de_DE","og_type":"article","og_title":"Epoxy Anh\u00e4nger rund blau\/ gelb - Kazzerls handmade","og_description":"Der Anh\u00e4nger ist in liebevoller Handarbeit gefertigt und ist ein Unikat, welcher mit einem Satinband zu dir kommt. Der Durchmesser betr\u00e4gt 3cm Gegossen aus Epoxidharz und eingef\u00e4rbt mit speziellen lichtechten Tinten. Treue und Sehnsucht, Ferne und Weite, Entspannung und Klugheit sind Assoziationen die mit der Farbe Blau im Zusammenhang stehen. Au\u00dferdem ist Blau die Symbolfarbe [&hellip;]","og_url":"https:\/\/www.kazzerl.net\/kazzerls\/produkt\/epoxy-anhaenger-rund-blau-gelb\/","og_site_name":"Kazzerls handmade","article_modified_time":"2025-11-02T16:29:27+00:00","og_image":[{"width":1800,"height":1200,"url":"https:\/\/www.kazzerl.net\/kazzerls\/wp-content\/uploads\/2023\/09\/IMG_9142.jpg","type":"image\/jpeg"}],"twitter_card":"summary_large_image","schema":{"@context":"https:\/\/schema.org","@graph":[{"@type":"WebPage","@id":"https:\/\/www.kazzerl.net\/kazzerls\/produkt\/epoxy-anhaenger-rund-blau-gelb\/","url":"https:\/\/www.kazzerl.net\/kazzerls\/produkt\/epoxy-anhaenger-rund-blau-gelb\/","name":"Epoxy Anh\u00e4nger rund blau\/ gelb - Kazzerls handmade","isPartOf":{"@id":"https:\/\/www.kazzerl.net\/kazzerls\/#website"},"primaryImageOfPage":{"@id":"https:\/\/www.kazzerl.net\/kazzerls\/produkt\/epoxy-anhaenger-rund-blau-gelb\/#primaryimage"},"image":{"@id":"https:\/\/www.kazzerl.net\/kazzerls\/produkt\/epoxy-anhaenger-rund-blau-gelb\/#primaryimage"},"thumbnailUrl":"https:\/\/www.kazzerl.net\/kazzerls\/wp-content\/uploads\/2023\/09\/IMG_9142.jpg","datePublished":"2023-09-29T13:56:51+00:00","dateModified":"2025-11-02T16:29:27+00:00","breadcrumb":{"@id":"https:\/\/www.kazzerl.net\/kazzerls\/produkt\/epoxy-anhaenger-rund-blau-gelb\/#breadcrumb"},"inLanguage":"de","potentialAction":[{"@type":"ReadAction","target":["https:\/\/www.kazzerl.net\/kazzerls\/produkt\/epoxy-anhaenger-rund-blau-gelb\/"]}]},{"@type":"ImageObject","inLanguage":"de","@id":"https:\/\/www.kazzerl.net\/kazzerls\/produkt\/epoxy-anhaenger-rund-blau-gelb\/#primaryimage","url":"https:\/\/www.kazzerl.net\/kazzerls\/wp-content\/uploads\/2023\/09\/IMG_9142.jpg","contentUrl":"https:\/\/www.kazzerl.net\/kazzerls\/wp-content\/uploads\/2023\/09\/IMG_9142.jpg","width":1800,"height":1200},{"@type":"BreadcrumbList","@id":"https:\/\/www.kazzerl.net\/kazzerls\/produkt\/epoxy-anhaenger-rund-blau-gelb\/#breadcrumb","itemListElement":[{"@type":"ListItem","position":1,"name":"Startseite","item":"https:\/\/www.kazzerl.net\/kazzerls\/"},{"@type":"ListItem","position":2,"name":"Shop f\u00fcr handgemachte Geschenke und Dekorationen","item":"https:\/\/www.kazzerl.net\/kazzerls\/"},{"@type":"ListItem","position":3,"name":"Epoxy Anh\u00e4nger rund blau\/ gelb"}]},{"@type":"WebSite","@id":"https:\/\/www.kazzerl.net\/kazzerls\/#website","url":"https:\/\/www.kazzerl.net\/kazzerls\/","name":"Kazzerls handmade","description":"Handgemachtes aus Holz, Epoxid, Wachs und vieles mehr!","publisher":{"@id":"https:\/\/www.kazzerl.net\/kazzerls\/#organization"},"potentialAction":[{"@type":"SearchAction","target":{"@type":"EntryPoint","urlTemplate":"https:\/\/www.kazzerl.net\/kazzerls\/?s={search_term_string}"},"query-input":{"@type":"PropertyValueSpecification","valueRequired":true,"valueName":"search_term_string"}}],"inLanguage":"de"},{"@type":"Organization","@id":"https:\/\/www.kazzerl.net\/kazzerls\/#organization","name":"Kazzerls handmade","url":"https:\/\/www.kazzerl.net\/kazzerls\/","logo":{"@type":"ImageObject","inLanguage":"de","@id":"https:\/\/www.kazzerl.net\/kazzerls\/#\/schema\/logo\/image\/","url":"https:\/\/www.kazzerl.net\/kazzerls\/wp-content\/uploads\/2025\/07\/cropped-schwaKatz.png","contentUrl":"https:\/\/www.kazzerl.net\/kazzerls\/wp-content\/uploads\/2025\/07\/cropped-schwaKatz.png","width":512,"height":512,"caption":"Kazzerls handmade"},"image":{"@id":"https:\/\/www.kazzerl.net\/kazzerls\/#\/schema\/logo\/image\/"},"sameAs":["https:\/\/www.instagram.com\/kazzerls\/"]}]}},"_links":{"self":[{"href":"https:\/\/www.kazzerl.net\/kazzerls\/wp-json\/wp\/v2\/product\/693","targetHints":{"allow":["GET"]}}],"collection":[{"href":"https:\/\/www.kazzerl.net\/kazzerls\/wp-json\/wp\/v2\/product"}],"about":[{"href":"https:\/\/www.kazzerl.net\/kazzerls\/wp-json\/wp\/v2\/types\/product"}],"replies":[{"embeddable":true,"href":"https:\/\/www.kazzerl.net\/kazzerls\/wp-json\/wp\/v2\/comments?post=693"}],"wp:featuredmedia":[{"embeddable":true,"href":"https:\/\/www.kazzerl.net\/kazzerls\/wp-json\/wp\/v2\/media\/682"}],"wp:attachment":[{"href":"https:\/\/www.kazzerl.net\/kazzerls\/wp-json\/wp\/v2\/media?parent=693"}],"wp:term":[{"taxonomy":"product_brand","embeddable":true,"href":"https:\/\/www.kazzerl.net\/kazzerls\/wp-json\/wp\/v2\/product_brand?post=693"},{"taxonomy":"product_cat","embeddable":true,"href":"https:\/\/www.kazzerl.net\/kazzerls\/wp-json\/wp\/v2\/product_cat?post=693"},{"taxonomy":"product_tag","embeddable":true,"href":"https:\/\/www.kazzerl.net\/kazzerls\/wp-json\/wp\/v2\/product_tag?post=693"}],"curies":[{"name":"wp","href":"https:\/\/api.w.org\/{rel}","templated":true}]}}