{"id":448,"date":"2023-08-13T17:05:19","date_gmt":"2023-08-13T15:05:19","guid":{"rendered":"https:\/\/www.kazzerl.net\/kazzerls\/?post_type=product&#038;p=448"},"modified":"2026-02-22T07:12:40","modified_gmt":"2026-02-22T06:12:40","slug":"holzschale-aus-kirschholz-nr-12","status":"publish","type":"product","link":"https:\/\/www.kazzerl.net\/kazzerls\/produkt\/holzschale-aus-kirschholz-nr-12\/","title":{"rendered":"Holzschale aus Kirschholz Nr. 12"},"content":{"rendered":"<p>Liebevoll gedrechselte, d\u00fcnnwandige Holzschale aus Kirschholz mit ganz toller Maserung und faszinierendem Farbenspiel mit einem Astloch und Rissen.<\/p>\n<p>Die Schale wurde zuerst vorgedrechselt und dann sehr fein geschliffen und ist erst dann fertig getrocknet<br \/>\nVeredelt ist die Schale mit Hartwachs\u00f6l, sodass die Maserung gut sichtbar wird und die r\u00f6tliche Farbe der Kirsche zur Geltung kommt. Das Holz bleibt atmungsaktiv.<br \/>\nAufgrund des Trocknungsvorganges nach dem fertig drechseln kann die Schale leicht oval werden.<br \/>\nDie Veredelung ist lebensmittelecht und f\u00fcr Kinderspielzeug verwendbar.<br \/>\nDie Schale ist nicht Sp\u00fclmaschinenfest. Temperaturschwankungen bitte vermeiden. Bei guter Pflege f\u00fcr Jahrzehnte nutzbar. Reinige die Schale bitte nur mit einem feuchten Tuch.<br \/>\nSehr gut geeignet f\u00fcr Snacks und trockene Lebensmittel wie z.B. Obst, Snacks, N\u00fcsse etc.<\/p>\n<p>Da es sich bei Holz um Naturmaterial handelt, besteht die M\u00f6glichkeit von kleinen Einschl\u00fcssen oder Rissen, welche bereits im Holz vorzufinden waren und sind somit nicht als Mangel anzusehen. Da dieser nat\u00fcrliche Rohstoff auch im trockenen Zustand weiter arbeitet kann es zu nachtr\u00e4glichen leichten Form\u00e4nderungen kommen.<br \/>\nHolz ver\u00e4ndert mit der Zeit m\u00f6glicherweise seine Farbe.<\/p>\n<p>Durchmesser 19,5 cm<br \/>\nH\u00f6he 5 cm<br \/>\nNummer 12<\/p>\n<p>Ein toller Blickfang in jedem Raum und auf jedem Tisch und dient als Dekoschale, f\u00fcr Schmuck oder andere Kleinigkeiten oder als Geschenkidee.<\/p>\n","protected":false},"excerpt":{"rendered":"<p>Liebevoll gedrechselte, d\u00fcnnwandige Holzschale aus Kirschholz mit ganz toller Maserung und faszinierendem Farbenspiel mit einem Astloch und Rissen. Die Schale wurde zuerst vorgedrechselt und dann sehr fein geschliffen und ist erst dann fertig getrocknet Veredelt ist die Schale mit Hartwachs\u00f6l, sodass die Maserung gut sichtbar wird und die r\u00f6tliche Farbe der Kirsche zur Geltung kommt. [&hellip;]<\/p>\n","protected":false},"featured_media":452,"comment_status":"closed","ping_status":"closed","template":"","meta":[],"product_brand":[],"product_cat":[81],"product_tag":[146,168,166,78,53,169,77,167,164,174,171,172,173],"class_list":{"0":"post-448","1":"product","2":"type-product","3":"status-publish","4":"has-post-thumbnail","6":"product_cat-schuesseln","7":"product_tag-dekoration","8":"product_tag-drechselkunst","9":"product_tag-gedrechselte-schale","10":"product_tag-geschenk","11":"product_tag-geschenkidee","12":"product_tag-handarbeit","13":"product_tag-handgemacht","14":"product_tag-holz","15":"product_tag-holzschuessel","16":"product_tag-kirschholz-schale","17":"product_tag-ringschale","18":"product_tag-schmuckschale","19":"product_tag-snackschale","20":"product_shipping_class-s","22":"first","23":"instock","24":"sold-individually","25":"taxable","26":"shipping-taxable","27":"purchasable","28":"product-type-simple"},"yoast_head":"<!-- This site is optimized with the Yoast SEO plugin v27.4 - https:\/\/yoast.com\/product\/yoast-seo-wordpress\/ -->\n<title>Holzschale aus Kirschholz Nr. 12 - Kazzerls handmade<\/title>\n<meta name=\"description\" content=\"Liebevoll von Hand gedrechselt Holzschale mit nat\u00fcrlicher Maserung. Als Dekoration oder toller Blickfang am Tisch. F\u00fcr Kleinigkeiten wie Snacks\/ Schmuck.\" \/>\n<meta name=\"robots\" content=\"index, follow, max-snippet:-1, max-image-preview:large, max-video-preview:-1\" \/>\n<link rel=\"canonical\" href=\"https:\/\/www.kazzerl.net\/kazzerls\/produkt\/holzschale-aus-kirschholz-nr-12\/\" \/>\n<meta property=\"og:locale\" content=\"de_DE\" \/>\n<meta property=\"og:type\" content=\"article\" \/>\n<meta property=\"og:title\" content=\"Holzschale aus Kirschholz Nr. 12 - Kazzerls handmade\" \/>\n<meta property=\"og:description\" content=\"Liebevoll von Hand gedrechselt Holzschale mit nat\u00fcrlicher Maserung. Als Dekoration oder toller Blickfang am Tisch. F\u00fcr Kleinigkeiten wie Snacks\/ Schmuck.\" \/>\n<meta property=\"og:url\" content=\"https:\/\/www.kazzerl.net\/kazzerls\/produkt\/holzschale-aus-kirschholz-nr-12\/\" \/>\n<meta property=\"og:site_name\" content=\"Kazzerls handmade\" \/>\n<meta property=\"article:modified_time\" content=\"2026-02-22T06:12:40+00:00\" \/>\n<meta property=\"og:image\" content=\"https:\/\/www.kazzerl.net\/kazzerls\/wp-content\/uploads\/2023\/08\/IMG_20210516_204200_1-scaled.jpg\" \/>\n\t<meta property=\"og:image:width\" content=\"2560\" \/>\n\t<meta property=\"og:image:height\" content=\"1915\" \/>\n\t<meta property=\"og:image:type\" content=\"image\/jpeg\" \/>\n<meta name=\"twitter:card\" content=\"summary_large_image\" \/>\n<meta name=\"twitter:label1\" content=\"Gesch\u00e4tzte Lesezeit\" \/>\n\t<meta name=\"twitter:data1\" content=\"2\u00a0Minuten\" \/>\n<script type=\"application\/ld+json\" class=\"yoast-schema-graph\">{\"@context\":\"https:\\\/\\\/schema.org\",\"@graph\":[{\"@type\":\"WebPage\",\"@id\":\"https:\\\/\\\/www.kazzerl.net\\\/kazzerls\\\/produkt\\\/holzschale-aus-kirschholz-nr-12\\\/\",\"url\":\"https:\\\/\\\/www.kazzerl.net\\\/kazzerls\\\/produkt\\\/holzschale-aus-kirschholz-nr-12\\\/\",\"name\":\"Holzschale aus Kirschholz Nr. 12 - Kazzerls handmade\",\"isPartOf\":{\"@id\":\"https:\\\/\\\/www.kazzerl.net\\\/kazzerls\\\/#website\"},\"primaryImageOfPage\":{\"@id\":\"https:\\\/\\\/www.kazzerl.net\\\/kazzerls\\\/produkt\\\/holzschale-aus-kirschholz-nr-12\\\/#primaryimage\"},\"image\":{\"@id\":\"https:\\\/\\\/www.kazzerl.net\\\/kazzerls\\\/produkt\\\/holzschale-aus-kirschholz-nr-12\\\/#primaryimage\"},\"thumbnailUrl\":\"https:\\\/\\\/www.kazzerl.net\\\/kazzerls\\\/wp-content\\\/uploads\\\/2023\\\/08\\\/IMG_20210516_204200_1-scaled.jpg\",\"datePublished\":\"2023-08-13T15:05:19+00:00\",\"dateModified\":\"2026-02-22T06:12:40+00:00\",\"description\":\"Liebevoll von Hand gedrechselt Holzschale mit nat\u00fcrlicher Maserung. Als Dekoration oder toller Blickfang am Tisch. F\u00fcr Kleinigkeiten wie Snacks\\\/ Schmuck.\",\"breadcrumb\":{\"@id\":\"https:\\\/\\\/www.kazzerl.net\\\/kazzerls\\\/produkt\\\/holzschale-aus-kirschholz-nr-12\\\/#breadcrumb\"},\"inLanguage\":\"de\",\"potentialAction\":[{\"@type\":\"ReadAction\",\"target\":[\"https:\\\/\\\/www.kazzerl.net\\\/kazzerls\\\/produkt\\\/holzschale-aus-kirschholz-nr-12\\\/\"]}]},{\"@type\":\"ImageObject\",\"inLanguage\":\"de\",\"@id\":\"https:\\\/\\\/www.kazzerl.net\\\/kazzerls\\\/produkt\\\/holzschale-aus-kirschholz-nr-12\\\/#primaryimage\",\"url\":\"https:\\\/\\\/www.kazzerl.net\\\/kazzerls\\\/wp-content\\\/uploads\\\/2023\\\/08\\\/IMG_20210516_204200_1-scaled.jpg\",\"contentUrl\":\"https:\\\/\\\/www.kazzerl.net\\\/kazzerls\\\/wp-content\\\/uploads\\\/2023\\\/08\\\/IMG_20210516_204200_1-scaled.jpg\",\"width\":2560,\"height\":1915},{\"@type\":\"BreadcrumbList\",\"@id\":\"https:\\\/\\\/www.kazzerl.net\\\/kazzerls\\\/produkt\\\/holzschale-aus-kirschholz-nr-12\\\/#breadcrumb\",\"itemListElement\":[{\"@type\":\"ListItem\",\"position\":1,\"name\":\"Startseite\",\"item\":\"https:\\\/\\\/www.kazzerl.net\\\/kazzerls\\\/\"},{\"@type\":\"ListItem\",\"position\":2,\"name\":\"Shop f\u00fcr handgemachte Geschenke und Dekorationen\",\"item\":\"https:\\\/\\\/www.kazzerl.net\\\/kazzerls\\\/\"},{\"@type\":\"ListItem\",\"position\":3,\"name\":\"Holzschale aus Kirschholz Nr. 12\"}]},{\"@type\":\"WebSite\",\"@id\":\"https:\\\/\\\/www.kazzerl.net\\\/kazzerls\\\/#website\",\"url\":\"https:\\\/\\\/www.kazzerl.net\\\/kazzerls\\\/\",\"name\":\"Kazzerls handmade\",\"description\":\"Handgemachtes aus Holz, Epoxid, Wachs und vieles mehr!\",\"publisher\":{\"@id\":\"https:\\\/\\\/www.kazzerl.net\\\/kazzerls\\\/#organization\"},\"potentialAction\":[{\"@type\":\"SearchAction\",\"target\":{\"@type\":\"EntryPoint\",\"urlTemplate\":\"https:\\\/\\\/www.kazzerl.net\\\/kazzerls\\\/?s={search_term_string}\"},\"query-input\":{\"@type\":\"PropertyValueSpecification\",\"valueRequired\":true,\"valueName\":\"search_term_string\"}}],\"inLanguage\":\"de\"},{\"@type\":\"Organization\",\"@id\":\"https:\\\/\\\/www.kazzerl.net\\\/kazzerls\\\/#organization\",\"name\":\"Kazzerls handmade\",\"url\":\"https:\\\/\\\/www.kazzerl.net\\\/kazzerls\\\/\",\"logo\":{\"@type\":\"ImageObject\",\"inLanguage\":\"de\",\"@id\":\"https:\\\/\\\/www.kazzerl.net\\\/kazzerls\\\/#\\\/schema\\\/logo\\\/image\\\/\",\"url\":\"https:\\\/\\\/www.kazzerl.net\\\/kazzerls\\\/wp-content\\\/uploads\\\/2025\\\/07\\\/cropped-schwaKatz.png\",\"contentUrl\":\"https:\\\/\\\/www.kazzerl.net\\\/kazzerls\\\/wp-content\\\/uploads\\\/2025\\\/07\\\/cropped-schwaKatz.png\",\"width\":512,\"height\":512,\"caption\":\"Kazzerls handmade\"},\"image\":{\"@id\":\"https:\\\/\\\/www.kazzerl.net\\\/kazzerls\\\/#\\\/schema\\\/logo\\\/image\\\/\"},\"sameAs\":[\"https:\\\/\\\/www.instagram.com\\\/kazzerls\\\/\"]}]}<\/script>\n<!-- \/ Yoast SEO plugin. -->","yoast_head_json":{"title":"Holzschale aus Kirschholz Nr. 12 - Kazzerls handmade","description":"Liebevoll von Hand gedrechselt Holzschale mit nat\u00fcrlicher Maserung. Als Dekoration oder toller Blickfang am Tisch. F\u00fcr Kleinigkeiten wie Snacks\/ Schmuck.","robots":{"index":"index","follow":"follow","max-snippet":"max-snippet:-1","max-image-preview":"max-image-preview:large","max-video-preview":"max-video-preview:-1"},"canonical":"https:\/\/www.kazzerl.net\/kazzerls\/produkt\/holzschale-aus-kirschholz-nr-12\/","og_locale":"de_DE","og_type":"article","og_title":"Holzschale aus Kirschholz Nr. 12 - Kazzerls handmade","og_description":"Liebevoll von Hand gedrechselt Holzschale mit nat\u00fcrlicher Maserung. Als Dekoration oder toller Blickfang am Tisch. F\u00fcr Kleinigkeiten wie Snacks\/ Schmuck.","og_url":"https:\/\/www.kazzerl.net\/kazzerls\/produkt\/holzschale-aus-kirschholz-nr-12\/","og_site_name":"Kazzerls handmade","article_modified_time":"2026-02-22T06:12:40+00:00","og_image":[{"width":2560,"height":1915,"url":"https:\/\/www.kazzerl.net\/kazzerls\/wp-content\/uploads\/2023\/08\/IMG_20210516_204200_1-scaled.jpg","type":"image\/jpeg"}],"twitter_card":"summary_large_image","twitter_misc":{"Gesch\u00e4tzte Lesezeit":"2\u00a0Minuten"},"schema":{"@context":"https:\/\/schema.org","@graph":[{"@type":"WebPage","@id":"https:\/\/www.kazzerl.net\/kazzerls\/produkt\/holzschale-aus-kirschholz-nr-12\/","url":"https:\/\/www.kazzerl.net\/kazzerls\/produkt\/holzschale-aus-kirschholz-nr-12\/","name":"Holzschale aus Kirschholz Nr. 12 - Kazzerls handmade","isPartOf":{"@id":"https:\/\/www.kazzerl.net\/kazzerls\/#website"},"primaryImageOfPage":{"@id":"https:\/\/www.kazzerl.net\/kazzerls\/produkt\/holzschale-aus-kirschholz-nr-12\/#primaryimage"},"image":{"@id":"https:\/\/www.kazzerl.net\/kazzerls\/produkt\/holzschale-aus-kirschholz-nr-12\/#primaryimage"},"thumbnailUrl":"https:\/\/www.kazzerl.net\/kazzerls\/wp-content\/uploads\/2023\/08\/IMG_20210516_204200_1-scaled.jpg","datePublished":"2023-08-13T15:05:19+00:00","dateModified":"2026-02-22T06:12:40+00:00","description":"Liebevoll von Hand gedrechselt Holzschale mit nat\u00fcrlicher Maserung. Als Dekoration oder toller Blickfang am Tisch. F\u00fcr Kleinigkeiten wie Snacks\/ Schmuck.","breadcrumb":{"@id":"https:\/\/www.kazzerl.net\/kazzerls\/produkt\/holzschale-aus-kirschholz-nr-12\/#breadcrumb"},"inLanguage":"de","potentialAction":[{"@type":"ReadAction","target":["https:\/\/www.kazzerl.net\/kazzerls\/produkt\/holzschale-aus-kirschholz-nr-12\/"]}]},{"@type":"ImageObject","inLanguage":"de","@id":"https:\/\/www.kazzerl.net\/kazzerls\/produkt\/holzschale-aus-kirschholz-nr-12\/#primaryimage","url":"https:\/\/www.kazzerl.net\/kazzerls\/wp-content\/uploads\/2023\/08\/IMG_20210516_204200_1-scaled.jpg","contentUrl":"https:\/\/www.kazzerl.net\/kazzerls\/wp-content\/uploads\/2023\/08\/IMG_20210516_204200_1-scaled.jpg","width":2560,"height":1915},{"@type":"BreadcrumbList","@id":"https:\/\/www.kazzerl.net\/kazzerls\/produkt\/holzschale-aus-kirschholz-nr-12\/#breadcrumb","itemListElement":[{"@type":"ListItem","position":1,"name":"Startseite","item":"https:\/\/www.kazzerl.net\/kazzerls\/"},{"@type":"ListItem","position":2,"name":"Shop f\u00fcr handgemachte Geschenke und Dekorationen","item":"https:\/\/www.kazzerl.net\/kazzerls\/"},{"@type":"ListItem","position":3,"name":"Holzschale aus Kirschholz Nr. 12"}]},{"@type":"WebSite","@id":"https:\/\/www.kazzerl.net\/kazzerls\/#website","url":"https:\/\/www.kazzerl.net\/kazzerls\/","name":"Kazzerls handmade","description":"Handgemachtes aus Holz, Epoxid, Wachs und vieles mehr!","publisher":{"@id":"https:\/\/www.kazzerl.net\/kazzerls\/#organization"},"potentialAction":[{"@type":"SearchAction","target":{"@type":"EntryPoint","urlTemplate":"https:\/\/www.kazzerl.net\/kazzerls\/?s={search_term_string}"},"query-input":{"@type":"PropertyValueSpecification","valueRequired":true,"valueName":"search_term_string"}}],"inLanguage":"de"},{"@type":"Organization","@id":"https:\/\/www.kazzerl.net\/kazzerls\/#organization","name":"Kazzerls handmade","url":"https:\/\/www.kazzerl.net\/kazzerls\/","logo":{"@type":"ImageObject","inLanguage":"de","@id":"https:\/\/www.kazzerl.net\/kazzerls\/#\/schema\/logo\/image\/","url":"https:\/\/www.kazzerl.net\/kazzerls\/wp-content\/uploads\/2025\/07\/cropped-schwaKatz.png","contentUrl":"https:\/\/www.kazzerl.net\/kazzerls\/wp-content\/uploads\/2025\/07\/cropped-schwaKatz.png","width":512,"height":512,"caption":"Kazzerls handmade"},"image":{"@id":"https:\/\/www.kazzerl.net\/kazzerls\/#\/schema\/logo\/image\/"},"sameAs":["https:\/\/www.instagram.com\/kazzerls\/"]}]}},"_links":{"self":[{"href":"https:\/\/www.kazzerl.net\/kazzerls\/wp-json\/wp\/v2\/product\/448","targetHints":{"allow":["GET"]}}],"collection":[{"href":"https:\/\/www.kazzerl.net\/kazzerls\/wp-json\/wp\/v2\/product"}],"about":[{"href":"https:\/\/www.kazzerl.net\/kazzerls\/wp-json\/wp\/v2\/types\/product"}],"replies":[{"embeddable":true,"href":"https:\/\/www.kazzerl.net\/kazzerls\/wp-json\/wp\/v2\/comments?post=448"}],"wp:featuredmedia":[{"embeddable":true,"href":"https:\/\/www.kazzerl.net\/kazzerls\/wp-json\/wp\/v2\/media\/452"}],"wp:attachment":[{"href":"https:\/\/www.kazzerl.net\/kazzerls\/wp-json\/wp\/v2\/media?parent=448"}],"wp:term":[{"taxonomy":"product_brand","embeddable":true,"href":"https:\/\/www.kazzerl.net\/kazzerls\/wp-json\/wp\/v2\/product_brand?post=448"},{"taxonomy":"product_cat","embeddable":true,"href":"https:\/\/www.kazzerl.net\/kazzerls\/wp-json\/wp\/v2\/product_cat?post=448"},{"taxonomy":"product_tag","embeddable":true,"href":"https:\/\/www.kazzerl.net\/kazzerls\/wp-json\/wp\/v2\/product_tag?post=448"}],"curies":[{"name":"wp","href":"https:\/\/api.w.org\/{rel}","templated":true}]}}