{"id":284,"date":"2023-05-28T10:45:37","date_gmt":"2023-05-28T08:45:37","guid":{"rendered":"https:\/\/www.kazzerl.net\/kazzerls\/?post_type=product&#038;p=284"},"modified":"2025-12-29T16:01:17","modified_gmt":"2025-12-29T15:01:17","slug":"schmuckset-aus-muschelperlen-und-swarovskikristallen","status":"publish","type":"product","link":"https:\/\/www.kazzerl.net\/kazzerls\/produkt\/schmuckset-aus-muschelperlen-und-swarovskikristallen\/","title":{"rendered":"Schmuckset aus Muschelperlen und Swarovski-Kristallen"},"content":{"rendered":"<p>Liebevoll gestaltete und edle Halskette aus Muschelperlen in wei\u00df und roten Swarovski-Kegelkristallen und ist ein extravagantes Unikat.<br \/>\nDie Ohrringe sind gesamt ca. 4,5cm lang der Anh\u00e4nger allein ca. 2,5cm und haben Edelstahlhaken.<br \/>\nDie L\u00e4nge der Kette ist 51cm und besteht wie der Karabiner und die Ohrhaken aus Edelstahl.<\/p>\n<p>F\u00fcr jeden Anlass ein toller Blickfang am Dekollet\u00e9 jeder Frau! Als extravagantes und einzigartiges Accessoire oder auch als Mitbringsel.<\/p>\n<p>Um Deinen Schmuck f\u00fcr sehr lange Zeit wie neu aussehen zu lassen, empfehle ich Dir Folgendes:<br \/>\nNimm Deinen Schmuck ab, wenn du Sport machst, putzt, duschst, badest oder in Chlor- oder Salzwasser schwimmst.<\/p>\n<p>Wichtiges zur Schmuckpflege:<br \/>\n&#8211; Aufbewahrung am Besten im Schmuckk\u00e4stchen oder im mitgelieferten S\u00e4ckchen und nicht an feuchten Pl\u00e4tzen (Badezimmer)<br \/>\n&#8211; Direkten Kontakt zu Creme, Sprays und Parf\u00fcm meiden<br \/>\n&#8211; Chemikalien, starke Hitze oder Salzwasser und Chlor k\u00f6nnen den Schmuck sch\u00e4digen<br \/>\n&#8211; Beim Sport und Duschen den Schmuck lieber abnehmen<br \/>\n&#8211; Zur regelm\u00e4\u00dfigen Reinigung ein Wolltuch verwenden<\/p>\n","protected":false},"excerpt":{"rendered":"<p>Liebevoll gestaltete und edle Halskette aus Muschelperlen in wei\u00df und roten Swarovski-Kegelkristallen und ist ein extravagantes Unikat. Die Ohrringe sind gesamt ca. 4,5cm lang der Anh\u00e4nger allein ca. 2,5cm und haben Edelstahlhaken. Die L\u00e4nge der Kette ist 51cm und besteht wie der Karabiner und die Ohrhaken aus Edelstahl. F\u00fcr jeden Anlass ein toller Blickfang am [&hellip;]<\/p>\n","protected":false},"featured_media":647,"comment_status":"open","ping_status":"closed","template":"","meta":[],"product_brand":[],"product_cat":[44],"product_tag":[72,68,53,59,70,54,214,55],"class_list":{"0":"post-284","1":"product","2":"type-product","3":"status-publish","4":"has-post-thumbnail","6":"product_cat-schmuck-sets","7":"product_tag-edelstahl","8":"product_tag-geburtstag","9":"product_tag-geschenkidee","10":"product_tag-handmade","11":"product_tag-muschelperlen-weiss","12":"product_tag-muttertag","13":"product_tag-swarovski-kristalle-rot-schmuckset","14":"product_tag-valentinstag","15":"product_shipping_class-s","17":"first","18":"instock","19":"sold-individually","20":"taxable","21":"shipping-taxable","22":"purchasable","23":"product-type-simple"},"yoast_head":"<!-- This site is optimized with the Yoast SEO plugin v27.4 - https:\/\/yoast.com\/product\/yoast-seo-wordpress\/ -->\n<title>Schmuckset aus Muschelperlen und Swarovski-Kristallen - Kazzerls handmade<\/title>\n<meta name=\"description\" content=\"Schmuckset bestehend aus Halskette und Ohrringen, handgefertigtes Unikat, hergestellt mit wei\u00dfen Muschelperlen und roten Swarovski-Kristallen, Edelstahl\" \/>\n<meta name=\"robots\" content=\"index, follow, max-snippet:-1, max-image-preview:large, max-video-preview:-1\" \/>\n<link rel=\"canonical\" href=\"https:\/\/www.kazzerl.net\/kazzerls\/produkt\/schmuckset-aus-muschelperlen-und-swarovskikristallen\/\" \/>\n<meta property=\"og:locale\" content=\"de_DE\" \/>\n<meta property=\"og:type\" content=\"article\" \/>\n<meta property=\"og:title\" content=\"Schmuckset aus Muschelperlen und Swarovski-Kristallen - Kazzerls handmade\" \/>\n<meta property=\"og:description\" content=\"Schmuckset bestehend aus Halskette und Ohrringen, handgefertigtes Unikat, hergestellt mit wei\u00dfen Muschelperlen und roten Swarovski-Kristallen, Edelstahl\" \/>\n<meta property=\"og:url\" content=\"https:\/\/www.kazzerl.net\/kazzerls\/produkt\/schmuckset-aus-muschelperlen-und-swarovskikristallen\/\" \/>\n<meta property=\"og:site_name\" content=\"Kazzerls handmade\" \/>\n<meta property=\"article:modified_time\" content=\"2025-12-29T15:01:17+00:00\" \/>\n<meta property=\"og:image\" content=\"https:\/\/www.kazzerl.net\/kazzerls\/wp-content\/uploads\/2023\/09\/IMG_3690.jpg\" \/>\n\t<meta property=\"og:image:width\" content=\"1200\" \/>\n\t<meta property=\"og:image:height\" content=\"1800\" \/>\n\t<meta property=\"og:image:type\" content=\"image\/jpeg\" \/>\n<meta name=\"twitter:card\" content=\"summary_large_image\" \/>\n<meta name=\"twitter:label1\" content=\"Gesch\u00e4tzte Lesezeit\" \/>\n\t<meta name=\"twitter:data1\" content=\"2\u00a0Minuten\" \/>\n<script type=\"application\/ld+json\" class=\"yoast-schema-graph\">{\"@context\":\"https:\\\/\\\/schema.org\",\"@graph\":[{\"@type\":\"WebPage\",\"@id\":\"https:\\\/\\\/www.kazzerl.net\\\/kazzerls\\\/produkt\\\/schmuckset-aus-muschelperlen-und-swarovskikristallen\\\/\",\"url\":\"https:\\\/\\\/www.kazzerl.net\\\/kazzerls\\\/produkt\\\/schmuckset-aus-muschelperlen-und-swarovskikristallen\\\/\",\"name\":\"Schmuckset aus Muschelperlen und Swarovski-Kristallen - Kazzerls handmade\",\"isPartOf\":{\"@id\":\"https:\\\/\\\/www.kazzerl.net\\\/kazzerls\\\/#website\"},\"primaryImageOfPage\":{\"@id\":\"https:\\\/\\\/www.kazzerl.net\\\/kazzerls\\\/produkt\\\/schmuckset-aus-muschelperlen-und-swarovskikristallen\\\/#primaryimage\"},\"image\":{\"@id\":\"https:\\\/\\\/www.kazzerl.net\\\/kazzerls\\\/produkt\\\/schmuckset-aus-muschelperlen-und-swarovskikristallen\\\/#primaryimage\"},\"thumbnailUrl\":\"https:\\\/\\\/www.kazzerl.net\\\/kazzerls\\\/wp-content\\\/uploads\\\/2023\\\/09\\\/IMG_3690.jpg\",\"datePublished\":\"2023-05-28T08:45:37+00:00\",\"dateModified\":\"2025-12-29T15:01:17+00:00\",\"description\":\"Schmuckset bestehend aus Halskette und Ohrringen, handgefertigtes Unikat, hergestellt mit wei\u00dfen Muschelperlen und roten Swarovski-Kristallen, Edelstahl\",\"breadcrumb\":{\"@id\":\"https:\\\/\\\/www.kazzerl.net\\\/kazzerls\\\/produkt\\\/schmuckset-aus-muschelperlen-und-swarovskikristallen\\\/#breadcrumb\"},\"inLanguage\":\"de\",\"potentialAction\":[{\"@type\":\"ReadAction\",\"target\":[\"https:\\\/\\\/www.kazzerl.net\\\/kazzerls\\\/produkt\\\/schmuckset-aus-muschelperlen-und-swarovskikristallen\\\/\"]}]},{\"@type\":\"ImageObject\",\"inLanguage\":\"de\",\"@id\":\"https:\\\/\\\/www.kazzerl.net\\\/kazzerls\\\/produkt\\\/schmuckset-aus-muschelperlen-und-swarovskikristallen\\\/#primaryimage\",\"url\":\"https:\\\/\\\/www.kazzerl.net\\\/kazzerls\\\/wp-content\\\/uploads\\\/2023\\\/09\\\/IMG_3690.jpg\",\"contentUrl\":\"https:\\\/\\\/www.kazzerl.net\\\/kazzerls\\\/wp-content\\\/uploads\\\/2023\\\/09\\\/IMG_3690.jpg\",\"width\":1200,\"height\":1800},{\"@type\":\"BreadcrumbList\",\"@id\":\"https:\\\/\\\/www.kazzerl.net\\\/kazzerls\\\/produkt\\\/schmuckset-aus-muschelperlen-und-swarovskikristallen\\\/#breadcrumb\",\"itemListElement\":[{\"@type\":\"ListItem\",\"position\":1,\"name\":\"Startseite\",\"item\":\"https:\\\/\\\/www.kazzerl.net\\\/kazzerls\\\/\"},{\"@type\":\"ListItem\",\"position\":2,\"name\":\"Shop f\u00fcr handgemachte Geschenke und Dekorationen\",\"item\":\"https:\\\/\\\/www.kazzerl.net\\\/kazzerls\\\/\"},{\"@type\":\"ListItem\",\"position\":3,\"name\":\"Schmuckset aus Muschelperlen und Swarovski-Kristallen\"}]},{\"@type\":\"WebSite\",\"@id\":\"https:\\\/\\\/www.kazzerl.net\\\/kazzerls\\\/#website\",\"url\":\"https:\\\/\\\/www.kazzerl.net\\\/kazzerls\\\/\",\"name\":\"Kazzerls handmade\",\"description\":\"Handgemachtes aus Holz, Epoxid, Wachs und vieles mehr!\",\"publisher\":{\"@id\":\"https:\\\/\\\/www.kazzerl.net\\\/kazzerls\\\/#organization\"},\"potentialAction\":[{\"@type\":\"SearchAction\",\"target\":{\"@type\":\"EntryPoint\",\"urlTemplate\":\"https:\\\/\\\/www.kazzerl.net\\\/kazzerls\\\/?s={search_term_string}\"},\"query-input\":{\"@type\":\"PropertyValueSpecification\",\"valueRequired\":true,\"valueName\":\"search_term_string\"}}],\"inLanguage\":\"de\"},{\"@type\":\"Organization\",\"@id\":\"https:\\\/\\\/www.kazzerl.net\\\/kazzerls\\\/#organization\",\"name\":\"Kazzerls handmade\",\"url\":\"https:\\\/\\\/www.kazzerl.net\\\/kazzerls\\\/\",\"logo\":{\"@type\":\"ImageObject\",\"inLanguage\":\"de\",\"@id\":\"https:\\\/\\\/www.kazzerl.net\\\/kazzerls\\\/#\\\/schema\\\/logo\\\/image\\\/\",\"url\":\"https:\\\/\\\/www.kazzerl.net\\\/kazzerls\\\/wp-content\\\/uploads\\\/2025\\\/07\\\/cropped-schwaKatz.png\",\"contentUrl\":\"https:\\\/\\\/www.kazzerl.net\\\/kazzerls\\\/wp-content\\\/uploads\\\/2025\\\/07\\\/cropped-schwaKatz.png\",\"width\":512,\"height\":512,\"caption\":\"Kazzerls handmade\"},\"image\":{\"@id\":\"https:\\\/\\\/www.kazzerl.net\\\/kazzerls\\\/#\\\/schema\\\/logo\\\/image\\\/\"},\"sameAs\":[\"https:\\\/\\\/www.instagram.com\\\/kazzerls\\\/\"]}]}<\/script>\n<!-- \/ Yoast SEO plugin. -->","yoast_head_json":{"title":"Schmuckset aus Muschelperlen und Swarovski-Kristallen - Kazzerls handmade","description":"Schmuckset bestehend aus Halskette und Ohrringen, handgefertigtes Unikat, hergestellt mit wei\u00dfen Muschelperlen und roten Swarovski-Kristallen, Edelstahl","robots":{"index":"index","follow":"follow","max-snippet":"max-snippet:-1","max-image-preview":"max-image-preview:large","max-video-preview":"max-video-preview:-1"},"canonical":"https:\/\/www.kazzerl.net\/kazzerls\/produkt\/schmuckset-aus-muschelperlen-und-swarovskikristallen\/","og_locale":"de_DE","og_type":"article","og_title":"Schmuckset aus Muschelperlen und Swarovski-Kristallen - Kazzerls handmade","og_description":"Schmuckset bestehend aus Halskette und Ohrringen, handgefertigtes Unikat, hergestellt mit wei\u00dfen Muschelperlen und roten Swarovski-Kristallen, Edelstahl","og_url":"https:\/\/www.kazzerl.net\/kazzerls\/produkt\/schmuckset-aus-muschelperlen-und-swarovskikristallen\/","og_site_name":"Kazzerls handmade","article_modified_time":"2025-12-29T15:01:17+00:00","og_image":[{"width":1200,"height":1800,"url":"https:\/\/www.kazzerl.net\/kazzerls\/wp-content\/uploads\/2023\/09\/IMG_3690.jpg","type":"image\/jpeg"}],"twitter_card":"summary_large_image","twitter_misc":{"Gesch\u00e4tzte Lesezeit":"2\u00a0Minuten"},"schema":{"@context":"https:\/\/schema.org","@graph":[{"@type":"WebPage","@id":"https:\/\/www.kazzerl.net\/kazzerls\/produkt\/schmuckset-aus-muschelperlen-und-swarovskikristallen\/","url":"https:\/\/www.kazzerl.net\/kazzerls\/produkt\/schmuckset-aus-muschelperlen-und-swarovskikristallen\/","name":"Schmuckset aus Muschelperlen und Swarovski-Kristallen - Kazzerls handmade","isPartOf":{"@id":"https:\/\/www.kazzerl.net\/kazzerls\/#website"},"primaryImageOfPage":{"@id":"https:\/\/www.kazzerl.net\/kazzerls\/produkt\/schmuckset-aus-muschelperlen-und-swarovskikristallen\/#primaryimage"},"image":{"@id":"https:\/\/www.kazzerl.net\/kazzerls\/produkt\/schmuckset-aus-muschelperlen-und-swarovskikristallen\/#primaryimage"},"thumbnailUrl":"https:\/\/www.kazzerl.net\/kazzerls\/wp-content\/uploads\/2023\/09\/IMG_3690.jpg","datePublished":"2023-05-28T08:45:37+00:00","dateModified":"2025-12-29T15:01:17+00:00","description":"Schmuckset bestehend aus Halskette und Ohrringen, handgefertigtes Unikat, hergestellt mit wei\u00dfen Muschelperlen und roten Swarovski-Kristallen, Edelstahl","breadcrumb":{"@id":"https:\/\/www.kazzerl.net\/kazzerls\/produkt\/schmuckset-aus-muschelperlen-und-swarovskikristallen\/#breadcrumb"},"inLanguage":"de","potentialAction":[{"@type":"ReadAction","target":["https:\/\/www.kazzerl.net\/kazzerls\/produkt\/schmuckset-aus-muschelperlen-und-swarovskikristallen\/"]}]},{"@type":"ImageObject","inLanguage":"de","@id":"https:\/\/www.kazzerl.net\/kazzerls\/produkt\/schmuckset-aus-muschelperlen-und-swarovskikristallen\/#primaryimage","url":"https:\/\/www.kazzerl.net\/kazzerls\/wp-content\/uploads\/2023\/09\/IMG_3690.jpg","contentUrl":"https:\/\/www.kazzerl.net\/kazzerls\/wp-content\/uploads\/2023\/09\/IMG_3690.jpg","width":1200,"height":1800},{"@type":"BreadcrumbList","@id":"https:\/\/www.kazzerl.net\/kazzerls\/produkt\/schmuckset-aus-muschelperlen-und-swarovskikristallen\/#breadcrumb","itemListElement":[{"@type":"ListItem","position":1,"name":"Startseite","item":"https:\/\/www.kazzerl.net\/kazzerls\/"},{"@type":"ListItem","position":2,"name":"Shop f\u00fcr handgemachte Geschenke und Dekorationen","item":"https:\/\/www.kazzerl.net\/kazzerls\/"},{"@type":"ListItem","position":3,"name":"Schmuckset aus Muschelperlen und Swarovski-Kristallen"}]},{"@type":"WebSite","@id":"https:\/\/www.kazzerl.net\/kazzerls\/#website","url":"https:\/\/www.kazzerl.net\/kazzerls\/","name":"Kazzerls handmade","description":"Handgemachtes aus Holz, Epoxid, Wachs und vieles mehr!","publisher":{"@id":"https:\/\/www.kazzerl.net\/kazzerls\/#organization"},"potentialAction":[{"@type":"SearchAction","target":{"@type":"EntryPoint","urlTemplate":"https:\/\/www.kazzerl.net\/kazzerls\/?s={search_term_string}"},"query-input":{"@type":"PropertyValueSpecification","valueRequired":true,"valueName":"search_term_string"}}],"inLanguage":"de"},{"@type":"Organization","@id":"https:\/\/www.kazzerl.net\/kazzerls\/#organization","name":"Kazzerls handmade","url":"https:\/\/www.kazzerl.net\/kazzerls\/","logo":{"@type":"ImageObject","inLanguage":"de","@id":"https:\/\/www.kazzerl.net\/kazzerls\/#\/schema\/logo\/image\/","url":"https:\/\/www.kazzerl.net\/kazzerls\/wp-content\/uploads\/2025\/07\/cropped-schwaKatz.png","contentUrl":"https:\/\/www.kazzerl.net\/kazzerls\/wp-content\/uploads\/2025\/07\/cropped-schwaKatz.png","width":512,"height":512,"caption":"Kazzerls handmade"},"image":{"@id":"https:\/\/www.kazzerl.net\/kazzerls\/#\/schema\/logo\/image\/"},"sameAs":["https:\/\/www.instagram.com\/kazzerls\/"]}]}},"_links":{"self":[{"href":"https:\/\/www.kazzerl.net\/kazzerls\/wp-json\/wp\/v2\/product\/284","targetHints":{"allow":["GET"]}}],"collection":[{"href":"https:\/\/www.kazzerl.net\/kazzerls\/wp-json\/wp\/v2\/product"}],"about":[{"href":"https:\/\/www.kazzerl.net\/kazzerls\/wp-json\/wp\/v2\/types\/product"}],"replies":[{"embeddable":true,"href":"https:\/\/www.kazzerl.net\/kazzerls\/wp-json\/wp\/v2\/comments?post=284"}],"wp:featuredmedia":[{"embeddable":true,"href":"https:\/\/www.kazzerl.net\/kazzerls\/wp-json\/wp\/v2\/media\/647"}],"wp:attachment":[{"href":"https:\/\/www.kazzerl.net\/kazzerls\/wp-json\/wp\/v2\/media?parent=284"}],"wp:term":[{"taxonomy":"product_brand","embeddable":true,"href":"https:\/\/www.kazzerl.net\/kazzerls\/wp-json\/wp\/v2\/product_brand?post=284"},{"taxonomy":"product_cat","embeddable":true,"href":"https:\/\/www.kazzerl.net\/kazzerls\/wp-json\/wp\/v2\/product_cat?post=284"},{"taxonomy":"product_tag","embeddable":true,"href":"https:\/\/www.kazzerl.net\/kazzerls\/wp-json\/wp\/v2\/product_tag?post=284"}],"curies":[{"name":"wp","href":"https:\/\/api.w.org\/{rel}","templated":true}]}}