{"id":276,"date":"2023-05-27T18:49:10","date_gmt":"2023-05-27T16:49:10","guid":{"rendered":"https:\/\/www.kazzerl.net\/kazzerls\/?post_type=product&#038;p=276"},"modified":"2025-09-25T10:58:08","modified_gmt":"2025-09-25T08:58:08","slug":"ohrringe-milliflrora-wuerfel-orange","status":"publish","type":"product","link":"https:\/\/www.kazzerl.net\/kazzerls\/produkt\/ohrringe-milliflrora-wuerfel-orange\/","title":{"rendered":"Milliflrora W\u00fcrfel orange"},"content":{"rendered":"<p>Die Ohrringe mit oranger milleflori-Kugel in silbernemRing kombiniert mit je 2 orangen Kegelkristallen und kommen mit Haken aus Silber.<\/p>\n<p>Die Farbe Orange steht f\u00fcr Energie, Vergn\u00fcgen, Geselligkeit und Aktivit\u00e4t.<\/p>\n<p>Diese Ohrringe sind handgefertigt und somit ein Unikat.<br \/>\nEin toller Blickfang am Ohr und ein edles Accessoir.<\/p>\n<p>Um Deinen Schmuck f\u00fcr sehr lange Zeit wie neu aussehen zu lassen, empfehle ich Dir Folgendes:<br \/>\nNimm Deinen Schmuck ab, wenn du Sport machst, putzt, duschst, badest oder in Chlor- oder Salzwasser schwimmst.<\/p>\n","protected":false},"excerpt":{"rendered":"<p>Die Ohrringe mit oranger milleflori-Kugel in silbernemRing kombiniert mit je 2 orangen Kegelkristallen und kommen mit Haken aus Silber. Die Farbe Orange steht f\u00fcr Energie, Vergn\u00fcgen, Geselligkeit und Aktivit\u00e4t. Diese Ohrringe sind handgefertigt und somit ein Unikat. Ein toller Blickfang am Ohr und ein edles Accessoir. Um Deinen Schmuck f\u00fcr sehr lange Zeit wie neu [&hellip;]<\/p>\n","protected":false},"featured_media":1430,"comment_status":"closed","ping_status":"closed","template":"","meta":[],"product_brand":[],"product_cat":[93],"product_tag":[99,76,73,75,100,68,78,96,102,54,97,98,85,55],"class_list":{"0":"post-276","1":"product","2":"type-product","3":"status-publish","4":"has-post-thumbnail","6":"product_cat-ohrringe-perlen","7":"product_tag-accessoire","8":"product_tag-blickfang","9":"product_tag-boho","10":"product_tag-edelstahl-haken","11":"product_tag-extravagant","12":"product_tag-geburtstag","13":"product_tag-geschenk","14":"product_tag-handgemacht-perlen-ohrringe","15":"product_tag-modeschmuck-swarowski","16":"product_tag-muttertag","17":"product_tag-naturstein","18":"product_tag-ohrringe","19":"product_tag-unikat","20":"product_tag-valentinstag","21":"product_shipping_class-s","23":"first","24":"instock","25":"sold-individually","26":"taxable","27":"shipping-taxable","28":"purchasable","29":"product-type-simple"},"yoast_head":"<!-- This site is optimized with the Yoast SEO plugin v27.4 - https:\/\/yoast.com\/product\/yoast-seo-wordpress\/ -->\n<title>Milliflrora W\u00fcrfel orange - Kazzerls handmade<\/title>\n<meta name=\"robots\" content=\"index, follow, max-snippet:-1, max-image-preview:large, max-video-preview:-1\" \/>\n<link rel=\"canonical\" href=\"https:\/\/www.kazzerl.net\/kazzerls\/produkt\/ohrringe-milliflrora-wuerfel-orange\/\" \/>\n<meta property=\"og:locale\" content=\"de_DE\" \/>\n<meta property=\"og:type\" content=\"article\" \/>\n<meta property=\"og:title\" content=\"Milliflrora W\u00fcrfel orange - Kazzerls handmade\" \/>\n<meta property=\"og:description\" content=\"Die Ohrringe mit oranger milleflori-Kugel in silbernemRing kombiniert mit je 2 orangen Kegelkristallen und kommen mit Haken aus Silber. Die Farbe Orange steht f\u00fcr Energie, Vergn\u00fcgen, Geselligkeit und Aktivit\u00e4t. Diese Ohrringe sind handgefertigt und somit ein Unikat. Ein toller Blickfang am Ohr und ein edles Accessoir. Um Deinen Schmuck f\u00fcr sehr lange Zeit wie neu [&hellip;]\" \/>\n<meta property=\"og:url\" content=\"https:\/\/www.kazzerl.net\/kazzerls\/produkt\/ohrringe-milliflrora-wuerfel-orange\/\" \/>\n<meta property=\"og:site_name\" content=\"Kazzerls handmade\" \/>\n<meta property=\"article:modified_time\" content=\"2025-09-25T08:58:08+00:00\" \/>\n<meta property=\"og:image\" content=\"https:\/\/www.kazzerl.net\/kazzerls\/wp-content\/uploads\/2023\/06\/20250925_084914.jpg\" \/>\n\t<meta property=\"og:image:width\" content=\"1344\" \/>\n\t<meta property=\"og:image:height\" content=\"1792\" \/>\n\t<meta property=\"og:image:type\" content=\"image\/jpeg\" \/>\n<meta name=\"twitter:card\" content=\"summary_large_image\" \/>\n<script type=\"application\/ld+json\" class=\"yoast-schema-graph\">{\"@context\":\"https:\\\/\\\/schema.org\",\"@graph\":[{\"@type\":\"WebPage\",\"@id\":\"https:\\\/\\\/www.kazzerl.net\\\/kazzerls\\\/produkt\\\/ohrringe-milliflrora-wuerfel-orange\\\/\",\"url\":\"https:\\\/\\\/www.kazzerl.net\\\/kazzerls\\\/produkt\\\/ohrringe-milliflrora-wuerfel-orange\\\/\",\"name\":\"Milliflrora W\u00fcrfel orange - Kazzerls handmade\",\"isPartOf\":{\"@id\":\"https:\\\/\\\/www.kazzerl.net\\\/kazzerls\\\/#website\"},\"primaryImageOfPage\":{\"@id\":\"https:\\\/\\\/www.kazzerl.net\\\/kazzerls\\\/produkt\\\/ohrringe-milliflrora-wuerfel-orange\\\/#primaryimage\"},\"image\":{\"@id\":\"https:\\\/\\\/www.kazzerl.net\\\/kazzerls\\\/produkt\\\/ohrringe-milliflrora-wuerfel-orange\\\/#primaryimage\"},\"thumbnailUrl\":\"https:\\\/\\\/www.kazzerl.net\\\/kazzerls\\\/wp-content\\\/uploads\\\/2023\\\/06\\\/20250925_084914.jpg\",\"datePublished\":\"2023-05-27T16:49:10+00:00\",\"dateModified\":\"2025-09-25T08:58:08+00:00\",\"breadcrumb\":{\"@id\":\"https:\\\/\\\/www.kazzerl.net\\\/kazzerls\\\/produkt\\\/ohrringe-milliflrora-wuerfel-orange\\\/#breadcrumb\"},\"inLanguage\":\"de\",\"potentialAction\":[{\"@type\":\"ReadAction\",\"target\":[\"https:\\\/\\\/www.kazzerl.net\\\/kazzerls\\\/produkt\\\/ohrringe-milliflrora-wuerfel-orange\\\/\"]}]},{\"@type\":\"ImageObject\",\"inLanguage\":\"de\",\"@id\":\"https:\\\/\\\/www.kazzerl.net\\\/kazzerls\\\/produkt\\\/ohrringe-milliflrora-wuerfel-orange\\\/#primaryimage\",\"url\":\"https:\\\/\\\/www.kazzerl.net\\\/kazzerls\\\/wp-content\\\/uploads\\\/2023\\\/06\\\/20250925_084914.jpg\",\"contentUrl\":\"https:\\\/\\\/www.kazzerl.net\\\/kazzerls\\\/wp-content\\\/uploads\\\/2023\\\/06\\\/20250925_084914.jpg\",\"width\":1344,\"height\":1792},{\"@type\":\"BreadcrumbList\",\"@id\":\"https:\\\/\\\/www.kazzerl.net\\\/kazzerls\\\/produkt\\\/ohrringe-milliflrora-wuerfel-orange\\\/#breadcrumb\",\"itemListElement\":[{\"@type\":\"ListItem\",\"position\":1,\"name\":\"Startseite\",\"item\":\"https:\\\/\\\/www.kazzerl.net\\\/kazzerls\\\/\"},{\"@type\":\"ListItem\",\"position\":2,\"name\":\"Shop f\u00fcr handgemachte Geschenke und Dekorationen\",\"item\":\"https:\\\/\\\/www.kazzerl.net\\\/kazzerls\\\/\"},{\"@type\":\"ListItem\",\"position\":3,\"name\":\"Milliflrora W\u00fcrfel orange\"}]},{\"@type\":\"WebSite\",\"@id\":\"https:\\\/\\\/www.kazzerl.net\\\/kazzerls\\\/#website\",\"url\":\"https:\\\/\\\/www.kazzerl.net\\\/kazzerls\\\/\",\"name\":\"Kazzerls handmade\",\"description\":\"Handgemachtes aus Holz, Epoxid, Wachs und vieles mehr!\",\"publisher\":{\"@id\":\"https:\\\/\\\/www.kazzerl.net\\\/kazzerls\\\/#organization\"},\"potentialAction\":[{\"@type\":\"SearchAction\",\"target\":{\"@type\":\"EntryPoint\",\"urlTemplate\":\"https:\\\/\\\/www.kazzerl.net\\\/kazzerls\\\/?s={search_term_string}\"},\"query-input\":{\"@type\":\"PropertyValueSpecification\",\"valueRequired\":true,\"valueName\":\"search_term_string\"}}],\"inLanguage\":\"de\"},{\"@type\":\"Organization\",\"@id\":\"https:\\\/\\\/www.kazzerl.net\\\/kazzerls\\\/#organization\",\"name\":\"Kazzerls handmade\",\"url\":\"https:\\\/\\\/www.kazzerl.net\\\/kazzerls\\\/\",\"logo\":{\"@type\":\"ImageObject\",\"inLanguage\":\"de\",\"@id\":\"https:\\\/\\\/www.kazzerl.net\\\/kazzerls\\\/#\\\/schema\\\/logo\\\/image\\\/\",\"url\":\"https:\\\/\\\/www.kazzerl.net\\\/kazzerls\\\/wp-content\\\/uploads\\\/2025\\\/07\\\/cropped-schwaKatz.png\",\"contentUrl\":\"https:\\\/\\\/www.kazzerl.net\\\/kazzerls\\\/wp-content\\\/uploads\\\/2025\\\/07\\\/cropped-schwaKatz.png\",\"width\":512,\"height\":512,\"caption\":\"Kazzerls handmade\"},\"image\":{\"@id\":\"https:\\\/\\\/www.kazzerl.net\\\/kazzerls\\\/#\\\/schema\\\/logo\\\/image\\\/\"},\"sameAs\":[\"https:\\\/\\\/www.instagram.com\\\/kazzerls\\\/\"]}]}<\/script>\n<!-- \/ Yoast SEO plugin. -->","yoast_head_json":{"title":"Milliflrora W\u00fcrfel orange - Kazzerls handmade","robots":{"index":"index","follow":"follow","max-snippet":"max-snippet:-1","max-image-preview":"max-image-preview:large","max-video-preview":"max-video-preview:-1"},"canonical":"https:\/\/www.kazzerl.net\/kazzerls\/produkt\/ohrringe-milliflrora-wuerfel-orange\/","og_locale":"de_DE","og_type":"article","og_title":"Milliflrora W\u00fcrfel orange - Kazzerls handmade","og_description":"Die Ohrringe mit oranger milleflori-Kugel in silbernemRing kombiniert mit je 2 orangen Kegelkristallen und kommen mit Haken aus Silber. Die Farbe Orange steht f\u00fcr Energie, Vergn\u00fcgen, Geselligkeit und Aktivit\u00e4t. Diese Ohrringe sind handgefertigt und somit ein Unikat. Ein toller Blickfang am Ohr und ein edles Accessoir. Um Deinen Schmuck f\u00fcr sehr lange Zeit wie neu [&hellip;]","og_url":"https:\/\/www.kazzerl.net\/kazzerls\/produkt\/ohrringe-milliflrora-wuerfel-orange\/","og_site_name":"Kazzerls handmade","article_modified_time":"2025-09-25T08:58:08+00:00","og_image":[{"width":1344,"height":1792,"url":"https:\/\/www.kazzerl.net\/kazzerls\/wp-content\/uploads\/2023\/06\/20250925_084914.jpg","type":"image\/jpeg"}],"twitter_card":"summary_large_image","schema":{"@context":"https:\/\/schema.org","@graph":[{"@type":"WebPage","@id":"https:\/\/www.kazzerl.net\/kazzerls\/produkt\/ohrringe-milliflrora-wuerfel-orange\/","url":"https:\/\/www.kazzerl.net\/kazzerls\/produkt\/ohrringe-milliflrora-wuerfel-orange\/","name":"Milliflrora W\u00fcrfel orange - Kazzerls handmade","isPartOf":{"@id":"https:\/\/www.kazzerl.net\/kazzerls\/#website"},"primaryImageOfPage":{"@id":"https:\/\/www.kazzerl.net\/kazzerls\/produkt\/ohrringe-milliflrora-wuerfel-orange\/#primaryimage"},"image":{"@id":"https:\/\/www.kazzerl.net\/kazzerls\/produkt\/ohrringe-milliflrora-wuerfel-orange\/#primaryimage"},"thumbnailUrl":"https:\/\/www.kazzerl.net\/kazzerls\/wp-content\/uploads\/2023\/06\/20250925_084914.jpg","datePublished":"2023-05-27T16:49:10+00:00","dateModified":"2025-09-25T08:58:08+00:00","breadcrumb":{"@id":"https:\/\/www.kazzerl.net\/kazzerls\/produkt\/ohrringe-milliflrora-wuerfel-orange\/#breadcrumb"},"inLanguage":"de","potentialAction":[{"@type":"ReadAction","target":["https:\/\/www.kazzerl.net\/kazzerls\/produkt\/ohrringe-milliflrora-wuerfel-orange\/"]}]},{"@type":"ImageObject","inLanguage":"de","@id":"https:\/\/www.kazzerl.net\/kazzerls\/produkt\/ohrringe-milliflrora-wuerfel-orange\/#primaryimage","url":"https:\/\/www.kazzerl.net\/kazzerls\/wp-content\/uploads\/2023\/06\/20250925_084914.jpg","contentUrl":"https:\/\/www.kazzerl.net\/kazzerls\/wp-content\/uploads\/2023\/06\/20250925_084914.jpg","width":1344,"height":1792},{"@type":"BreadcrumbList","@id":"https:\/\/www.kazzerl.net\/kazzerls\/produkt\/ohrringe-milliflrora-wuerfel-orange\/#breadcrumb","itemListElement":[{"@type":"ListItem","position":1,"name":"Startseite","item":"https:\/\/www.kazzerl.net\/kazzerls\/"},{"@type":"ListItem","position":2,"name":"Shop f\u00fcr handgemachte Geschenke und Dekorationen","item":"https:\/\/www.kazzerl.net\/kazzerls\/"},{"@type":"ListItem","position":3,"name":"Milliflrora W\u00fcrfel orange"}]},{"@type":"WebSite","@id":"https:\/\/www.kazzerl.net\/kazzerls\/#website","url":"https:\/\/www.kazzerl.net\/kazzerls\/","name":"Kazzerls handmade","description":"Handgemachtes aus Holz, Epoxid, Wachs und vieles mehr!","publisher":{"@id":"https:\/\/www.kazzerl.net\/kazzerls\/#organization"},"potentialAction":[{"@type":"SearchAction","target":{"@type":"EntryPoint","urlTemplate":"https:\/\/www.kazzerl.net\/kazzerls\/?s={search_term_string}"},"query-input":{"@type":"PropertyValueSpecification","valueRequired":true,"valueName":"search_term_string"}}],"inLanguage":"de"},{"@type":"Organization","@id":"https:\/\/www.kazzerl.net\/kazzerls\/#organization","name":"Kazzerls handmade","url":"https:\/\/www.kazzerl.net\/kazzerls\/","logo":{"@type":"ImageObject","inLanguage":"de","@id":"https:\/\/www.kazzerl.net\/kazzerls\/#\/schema\/logo\/image\/","url":"https:\/\/www.kazzerl.net\/kazzerls\/wp-content\/uploads\/2025\/07\/cropped-schwaKatz.png","contentUrl":"https:\/\/www.kazzerl.net\/kazzerls\/wp-content\/uploads\/2025\/07\/cropped-schwaKatz.png","width":512,"height":512,"caption":"Kazzerls handmade"},"image":{"@id":"https:\/\/www.kazzerl.net\/kazzerls\/#\/schema\/logo\/image\/"},"sameAs":["https:\/\/www.instagram.com\/kazzerls\/"]}]}},"_links":{"self":[{"href":"https:\/\/www.kazzerl.net\/kazzerls\/wp-json\/wp\/v2\/product\/276","targetHints":{"allow":["GET"]}}],"collection":[{"href":"https:\/\/www.kazzerl.net\/kazzerls\/wp-json\/wp\/v2\/product"}],"about":[{"href":"https:\/\/www.kazzerl.net\/kazzerls\/wp-json\/wp\/v2\/types\/product"}],"replies":[{"embeddable":true,"href":"https:\/\/www.kazzerl.net\/kazzerls\/wp-json\/wp\/v2\/comments?post=276"}],"wp:featuredmedia":[{"embeddable":true,"href":"https:\/\/www.kazzerl.net\/kazzerls\/wp-json\/wp\/v2\/media\/1430"}],"wp:attachment":[{"href":"https:\/\/www.kazzerl.net\/kazzerls\/wp-json\/wp\/v2\/media?parent=276"}],"wp:term":[{"taxonomy":"product_brand","embeddable":true,"href":"https:\/\/www.kazzerl.net\/kazzerls\/wp-json\/wp\/v2\/product_brand?post=276"},{"taxonomy":"product_cat","embeddable":true,"href":"https:\/\/www.kazzerl.net\/kazzerls\/wp-json\/wp\/v2\/product_cat?post=276"},{"taxonomy":"product_tag","embeddable":true,"href":"https:\/\/www.kazzerl.net\/kazzerls\/wp-json\/wp\/v2\/product_tag?post=276"}],"curies":[{"name":"wp","href":"https:\/\/api.w.org\/{rel}","templated":true}]}}