{"id":268,"date":"2023-05-27T17:54:02","date_gmt":"2023-05-27T15:54:02","guid":{"rendered":"https:\/\/www.kazzerl.net\/kazzerls\/?post_type=product&#038;p=268"},"modified":"2025-09-25T10:59:29","modified_gmt":"2025-09-25T08:59:29","slug":"ohrringe-tuerkise-swarovski-wuerfel","status":"publish","type":"product","link":"https:\/\/www.kazzerl.net\/kazzerls\/produkt\/ohrringe-tuerkise-swarovski-wuerfel\/","title":{"rendered":"t\u00fcrkise Swarovski W\u00fcrfel"},"content":{"rendered":"<p>T\u00fcrkise Swarovski-W\u00fcrfel mit jeweils 2 Aurora-Kegelkristallen in einem Quadrat aus Silber. Die Ohrhaken sind aus Edelstahl.<br \/>\nDurch die au\u00dfergew\u00f6hliche Form sind diese Ohrrige ein Blickfang und extravagantes, modisches Accessoir. Die Swarovski W\u00fcrfel reflektieren das einfallende Licht in allen Farben und zaubern einen Blickfang ans Ohr der Tr\u00e4gerin.<\/p>\n<p>Diese Ohrringe sind handgefertigt und somit ein Unikat.<br \/>\nEin toller Blickfang am Ohr und ein edles Accessoir.<\/p>\n<p>Um Deinen Schmuck f\u00fcr sehr lange Zeit wie neu aussehen zu lassen, empfehle ich Dir Folgendes:<br \/>\nNimm Deinen Schmuck ab, wenn du Sport machst, putzt, duschst, badest oder in Chlor- oder Salzwasser schwimmst.<\/p>\n","protected":false},"excerpt":{"rendered":"<p>T\u00fcrkise Swarovski-W\u00fcrfel mit jeweils 2 Aurora-Kegelkristallen in einem Quadrat aus Silber. Die Ohrhaken sind aus Edelstahl. Durch die au\u00dfergew\u00f6hliche Form sind diese Ohrrige ein Blickfang und extravagantes, modisches Accessoir. Die Swarovski W\u00fcrfel reflektieren das einfallende Licht in allen Farben und zaubern einen Blickfang ans Ohr der Tr\u00e4gerin. Diese Ohrringe sind handgefertigt und somit ein Unikat. [&hellip;]<\/p>\n","protected":false},"featured_media":1410,"comment_status":"closed","ping_status":"closed","template":"","meta":[],"product_brand":[],"product_cat":[93],"product_tag":[99,76,73,75,100,68,78,96,101,54,97,98,103,85,55],"class_list":{"0":"post-268","1":"product","2":"type-product","3":"status-publish","4":"has-post-thumbnail","6":"product_cat-ohrringe-perlen","7":"product_tag-accessoire","8":"product_tag-blickfang","9":"product_tag-boho","10":"product_tag-edelstahl-haken","11":"product_tag-extravagant","12":"product_tag-geburtstag","13":"product_tag-geschenk","14":"product_tag-handgemacht-perlen-ohrringe","15":"product_tag-modeschmuck","16":"product_tag-muttertag","17":"product_tag-naturstein","18":"product_tag-ohrringe","19":"product_tag-swarowski","20":"product_tag-unikat","21":"product_tag-valentinstag","22":"product_shipping_class-s","24":"first","25":"instock","26":"sold-individually","27":"taxable","28":"shipping-taxable","29":"purchasable","30":"product-type-simple"},"yoast_head":"<!-- This site is optimized with the Yoast SEO plugin v27.4 - https:\/\/yoast.com\/product\/yoast-seo-wordpress\/ -->\n<title>t\u00fcrkise Swarovski W\u00fcrfel - Kazzerls handmade<\/title>\n<meta name=\"robots\" content=\"index, follow, max-snippet:-1, max-image-preview:large, max-video-preview:-1\" \/>\n<link rel=\"canonical\" href=\"https:\/\/www.kazzerl.net\/kazzerls\/produkt\/ohrringe-tuerkise-swarovski-wuerfel\/\" \/>\n<meta property=\"og:locale\" content=\"de_DE\" \/>\n<meta property=\"og:type\" content=\"article\" \/>\n<meta property=\"og:title\" content=\"t\u00fcrkise Swarovski W\u00fcrfel - Kazzerls handmade\" \/>\n<meta property=\"og:description\" content=\"T\u00fcrkise Swarovski-W\u00fcrfel mit jeweils 2 Aurora-Kegelkristallen in einem Quadrat aus Silber. Die Ohrhaken sind aus Edelstahl. Durch die au\u00dfergew\u00f6hliche Form sind diese Ohrrige ein Blickfang und extravagantes, modisches Accessoir. Die Swarovski W\u00fcrfel reflektieren das einfallende Licht in allen Farben und zaubern einen Blickfang ans Ohr der Tr\u00e4gerin. Diese Ohrringe sind handgefertigt und somit ein Unikat. [&hellip;]\" \/>\n<meta property=\"og:url\" content=\"https:\/\/www.kazzerl.net\/kazzerls\/produkt\/ohrringe-tuerkise-swarovski-wuerfel\/\" \/>\n<meta property=\"og:site_name\" content=\"Kazzerls handmade\" \/>\n<meta property=\"article:modified_time\" content=\"2025-09-25T08:59:29+00:00\" \/>\n<meta property=\"og:image\" content=\"https:\/\/www.kazzerl.net\/kazzerls\/wp-content\/uploads\/2023\/06\/20250925_083522.jpg\" \/>\n\t<meta property=\"og:image:width\" content=\"1348\" \/>\n\t<meta property=\"og:image:height\" content=\"1796\" \/>\n\t<meta property=\"og:image:type\" content=\"image\/jpeg\" \/>\n<meta name=\"twitter:card\" content=\"summary_large_image\" \/>\n<meta name=\"twitter:label1\" content=\"Gesch\u00e4tzte Lesezeit\" \/>\n\t<meta name=\"twitter:data1\" content=\"1\u00a0Minute\" \/>\n<script type=\"application\/ld+json\" class=\"yoast-schema-graph\">{\"@context\":\"https:\\\/\\\/schema.org\",\"@graph\":[{\"@type\":\"WebPage\",\"@id\":\"https:\\\/\\\/www.kazzerl.net\\\/kazzerls\\\/produkt\\\/ohrringe-tuerkise-swarovski-wuerfel\\\/\",\"url\":\"https:\\\/\\\/www.kazzerl.net\\\/kazzerls\\\/produkt\\\/ohrringe-tuerkise-swarovski-wuerfel\\\/\",\"name\":\"t\u00fcrkise Swarovski W\u00fcrfel - Kazzerls handmade\",\"isPartOf\":{\"@id\":\"https:\\\/\\\/www.kazzerl.net\\\/kazzerls\\\/#website\"},\"primaryImageOfPage\":{\"@id\":\"https:\\\/\\\/www.kazzerl.net\\\/kazzerls\\\/produkt\\\/ohrringe-tuerkise-swarovski-wuerfel\\\/#primaryimage\"},\"image\":{\"@id\":\"https:\\\/\\\/www.kazzerl.net\\\/kazzerls\\\/produkt\\\/ohrringe-tuerkise-swarovski-wuerfel\\\/#primaryimage\"},\"thumbnailUrl\":\"https:\\\/\\\/www.kazzerl.net\\\/kazzerls\\\/wp-content\\\/uploads\\\/2023\\\/06\\\/20250925_083522.jpg\",\"datePublished\":\"2023-05-27T15:54:02+00:00\",\"dateModified\":\"2025-09-25T08:59:29+00:00\",\"breadcrumb\":{\"@id\":\"https:\\\/\\\/www.kazzerl.net\\\/kazzerls\\\/produkt\\\/ohrringe-tuerkise-swarovski-wuerfel\\\/#breadcrumb\"},\"inLanguage\":\"de\",\"potentialAction\":[{\"@type\":\"ReadAction\",\"target\":[\"https:\\\/\\\/www.kazzerl.net\\\/kazzerls\\\/produkt\\\/ohrringe-tuerkise-swarovski-wuerfel\\\/\"]}]},{\"@type\":\"ImageObject\",\"inLanguage\":\"de\",\"@id\":\"https:\\\/\\\/www.kazzerl.net\\\/kazzerls\\\/produkt\\\/ohrringe-tuerkise-swarovski-wuerfel\\\/#primaryimage\",\"url\":\"https:\\\/\\\/www.kazzerl.net\\\/kazzerls\\\/wp-content\\\/uploads\\\/2023\\\/06\\\/20250925_083522.jpg\",\"contentUrl\":\"https:\\\/\\\/www.kazzerl.net\\\/kazzerls\\\/wp-content\\\/uploads\\\/2023\\\/06\\\/20250925_083522.jpg\",\"width\":1348,\"height\":1796},{\"@type\":\"BreadcrumbList\",\"@id\":\"https:\\\/\\\/www.kazzerl.net\\\/kazzerls\\\/produkt\\\/ohrringe-tuerkise-swarovski-wuerfel\\\/#breadcrumb\",\"itemListElement\":[{\"@type\":\"ListItem\",\"position\":1,\"name\":\"Startseite\",\"item\":\"https:\\\/\\\/www.kazzerl.net\\\/kazzerls\\\/\"},{\"@type\":\"ListItem\",\"position\":2,\"name\":\"Shop f\u00fcr handgemachte Geschenke und Dekorationen\",\"item\":\"https:\\\/\\\/www.kazzerl.net\\\/kazzerls\\\/\"},{\"@type\":\"ListItem\",\"position\":3,\"name\":\"t\u00fcrkise Swarovski W\u00fcrfel\"}]},{\"@type\":\"WebSite\",\"@id\":\"https:\\\/\\\/www.kazzerl.net\\\/kazzerls\\\/#website\",\"url\":\"https:\\\/\\\/www.kazzerl.net\\\/kazzerls\\\/\",\"name\":\"Kazzerls handmade\",\"description\":\"Handgemachtes aus Holz, Epoxid, Wachs und vieles mehr!\",\"publisher\":{\"@id\":\"https:\\\/\\\/www.kazzerl.net\\\/kazzerls\\\/#organization\"},\"potentialAction\":[{\"@type\":\"SearchAction\",\"target\":{\"@type\":\"EntryPoint\",\"urlTemplate\":\"https:\\\/\\\/www.kazzerl.net\\\/kazzerls\\\/?s={search_term_string}\"},\"query-input\":{\"@type\":\"PropertyValueSpecification\",\"valueRequired\":true,\"valueName\":\"search_term_string\"}}],\"inLanguage\":\"de\"},{\"@type\":\"Organization\",\"@id\":\"https:\\\/\\\/www.kazzerl.net\\\/kazzerls\\\/#organization\",\"name\":\"Kazzerls handmade\",\"url\":\"https:\\\/\\\/www.kazzerl.net\\\/kazzerls\\\/\",\"logo\":{\"@type\":\"ImageObject\",\"inLanguage\":\"de\",\"@id\":\"https:\\\/\\\/www.kazzerl.net\\\/kazzerls\\\/#\\\/schema\\\/logo\\\/image\\\/\",\"url\":\"https:\\\/\\\/www.kazzerl.net\\\/kazzerls\\\/wp-content\\\/uploads\\\/2025\\\/07\\\/cropped-schwaKatz.png\",\"contentUrl\":\"https:\\\/\\\/www.kazzerl.net\\\/kazzerls\\\/wp-content\\\/uploads\\\/2025\\\/07\\\/cropped-schwaKatz.png\",\"width\":512,\"height\":512,\"caption\":\"Kazzerls handmade\"},\"image\":{\"@id\":\"https:\\\/\\\/www.kazzerl.net\\\/kazzerls\\\/#\\\/schema\\\/logo\\\/image\\\/\"},\"sameAs\":[\"https:\\\/\\\/www.instagram.com\\\/kazzerls\\\/\"]}]}<\/script>\n<!-- \/ Yoast SEO plugin. -->","yoast_head_json":{"title":"t\u00fcrkise Swarovski W\u00fcrfel - Kazzerls handmade","robots":{"index":"index","follow":"follow","max-snippet":"max-snippet:-1","max-image-preview":"max-image-preview:large","max-video-preview":"max-video-preview:-1"},"canonical":"https:\/\/www.kazzerl.net\/kazzerls\/produkt\/ohrringe-tuerkise-swarovski-wuerfel\/","og_locale":"de_DE","og_type":"article","og_title":"t\u00fcrkise Swarovski W\u00fcrfel - Kazzerls handmade","og_description":"T\u00fcrkise Swarovski-W\u00fcrfel mit jeweils 2 Aurora-Kegelkristallen in einem Quadrat aus Silber. Die Ohrhaken sind aus Edelstahl. Durch die au\u00dfergew\u00f6hliche Form sind diese Ohrrige ein Blickfang und extravagantes, modisches Accessoir. Die Swarovski W\u00fcrfel reflektieren das einfallende Licht in allen Farben und zaubern einen Blickfang ans Ohr der Tr\u00e4gerin. Diese Ohrringe sind handgefertigt und somit ein Unikat. [&hellip;]","og_url":"https:\/\/www.kazzerl.net\/kazzerls\/produkt\/ohrringe-tuerkise-swarovski-wuerfel\/","og_site_name":"Kazzerls handmade","article_modified_time":"2025-09-25T08:59:29+00:00","og_image":[{"width":1348,"height":1796,"url":"https:\/\/www.kazzerl.net\/kazzerls\/wp-content\/uploads\/2023\/06\/20250925_083522.jpg","type":"image\/jpeg"}],"twitter_card":"summary_large_image","twitter_misc":{"Gesch\u00e4tzte Lesezeit":"1\u00a0Minute"},"schema":{"@context":"https:\/\/schema.org","@graph":[{"@type":"WebPage","@id":"https:\/\/www.kazzerl.net\/kazzerls\/produkt\/ohrringe-tuerkise-swarovski-wuerfel\/","url":"https:\/\/www.kazzerl.net\/kazzerls\/produkt\/ohrringe-tuerkise-swarovski-wuerfel\/","name":"t\u00fcrkise Swarovski W\u00fcrfel - Kazzerls handmade","isPartOf":{"@id":"https:\/\/www.kazzerl.net\/kazzerls\/#website"},"primaryImageOfPage":{"@id":"https:\/\/www.kazzerl.net\/kazzerls\/produkt\/ohrringe-tuerkise-swarovski-wuerfel\/#primaryimage"},"image":{"@id":"https:\/\/www.kazzerl.net\/kazzerls\/produkt\/ohrringe-tuerkise-swarovski-wuerfel\/#primaryimage"},"thumbnailUrl":"https:\/\/www.kazzerl.net\/kazzerls\/wp-content\/uploads\/2023\/06\/20250925_083522.jpg","datePublished":"2023-05-27T15:54:02+00:00","dateModified":"2025-09-25T08:59:29+00:00","breadcrumb":{"@id":"https:\/\/www.kazzerl.net\/kazzerls\/produkt\/ohrringe-tuerkise-swarovski-wuerfel\/#breadcrumb"},"inLanguage":"de","potentialAction":[{"@type":"ReadAction","target":["https:\/\/www.kazzerl.net\/kazzerls\/produkt\/ohrringe-tuerkise-swarovski-wuerfel\/"]}]},{"@type":"ImageObject","inLanguage":"de","@id":"https:\/\/www.kazzerl.net\/kazzerls\/produkt\/ohrringe-tuerkise-swarovski-wuerfel\/#primaryimage","url":"https:\/\/www.kazzerl.net\/kazzerls\/wp-content\/uploads\/2023\/06\/20250925_083522.jpg","contentUrl":"https:\/\/www.kazzerl.net\/kazzerls\/wp-content\/uploads\/2023\/06\/20250925_083522.jpg","width":1348,"height":1796},{"@type":"BreadcrumbList","@id":"https:\/\/www.kazzerl.net\/kazzerls\/produkt\/ohrringe-tuerkise-swarovski-wuerfel\/#breadcrumb","itemListElement":[{"@type":"ListItem","position":1,"name":"Startseite","item":"https:\/\/www.kazzerl.net\/kazzerls\/"},{"@type":"ListItem","position":2,"name":"Shop f\u00fcr handgemachte Geschenke und Dekorationen","item":"https:\/\/www.kazzerl.net\/kazzerls\/"},{"@type":"ListItem","position":3,"name":"t\u00fcrkise Swarovski W\u00fcrfel"}]},{"@type":"WebSite","@id":"https:\/\/www.kazzerl.net\/kazzerls\/#website","url":"https:\/\/www.kazzerl.net\/kazzerls\/","name":"Kazzerls handmade","description":"Handgemachtes aus Holz, Epoxid, Wachs und vieles mehr!","publisher":{"@id":"https:\/\/www.kazzerl.net\/kazzerls\/#organization"},"potentialAction":[{"@type":"SearchAction","target":{"@type":"EntryPoint","urlTemplate":"https:\/\/www.kazzerl.net\/kazzerls\/?s={search_term_string}"},"query-input":{"@type":"PropertyValueSpecification","valueRequired":true,"valueName":"search_term_string"}}],"inLanguage":"de"},{"@type":"Organization","@id":"https:\/\/www.kazzerl.net\/kazzerls\/#organization","name":"Kazzerls handmade","url":"https:\/\/www.kazzerl.net\/kazzerls\/","logo":{"@type":"ImageObject","inLanguage":"de","@id":"https:\/\/www.kazzerl.net\/kazzerls\/#\/schema\/logo\/image\/","url":"https:\/\/www.kazzerl.net\/kazzerls\/wp-content\/uploads\/2025\/07\/cropped-schwaKatz.png","contentUrl":"https:\/\/www.kazzerl.net\/kazzerls\/wp-content\/uploads\/2025\/07\/cropped-schwaKatz.png","width":512,"height":512,"caption":"Kazzerls handmade"},"image":{"@id":"https:\/\/www.kazzerl.net\/kazzerls\/#\/schema\/logo\/image\/"},"sameAs":["https:\/\/www.instagram.com\/kazzerls\/"]}]}},"_links":{"self":[{"href":"https:\/\/www.kazzerl.net\/kazzerls\/wp-json\/wp\/v2\/product\/268","targetHints":{"allow":["GET"]}}],"collection":[{"href":"https:\/\/www.kazzerl.net\/kazzerls\/wp-json\/wp\/v2\/product"}],"about":[{"href":"https:\/\/www.kazzerl.net\/kazzerls\/wp-json\/wp\/v2\/types\/product"}],"replies":[{"embeddable":true,"href":"https:\/\/www.kazzerl.net\/kazzerls\/wp-json\/wp\/v2\/comments?post=268"}],"wp:featuredmedia":[{"embeddable":true,"href":"https:\/\/www.kazzerl.net\/kazzerls\/wp-json\/wp\/v2\/media\/1410"}],"wp:attachment":[{"href":"https:\/\/www.kazzerl.net\/kazzerls\/wp-json\/wp\/v2\/media?parent=268"}],"wp:term":[{"taxonomy":"product_brand","embeddable":true,"href":"https:\/\/www.kazzerl.net\/kazzerls\/wp-json\/wp\/v2\/product_brand?post=268"},{"taxonomy":"product_cat","embeddable":true,"href":"https:\/\/www.kazzerl.net\/kazzerls\/wp-json\/wp\/v2\/product_cat?post=268"},{"taxonomy":"product_tag","embeddable":true,"href":"https:\/\/www.kazzerl.net\/kazzerls\/wp-json\/wp\/v2\/product_tag?post=268"}],"curies":[{"name":"wp","href":"https:\/\/api.w.org\/{rel}","templated":true}]}}