{"id":190,"date":"2023-05-23T20:48:03","date_gmt":"2023-05-23T18:48:03","guid":{"rendered":"https:\/\/www.kazzerl.net\/kazzerls\/?post_type=product&#038;p=190"},"modified":"2025-12-19T10:01:21","modified_gmt":"2025-12-19T09:01:21","slug":"schmuckset-aus-resin-metall-und-loewenzahnsamen","status":"publish","type":"product","link":"https:\/\/www.kazzerl.net\/kazzerls\/produkt\/schmuckset-aus-resin-metall-und-loewenzahnsamen\/","title":{"rendered":"Schmuckset aus Resin\/ Metallrahmen und L\u00f6wenzahnsamen"},"content":{"rendered":"<p>Dieses Set aus Ohrringen und Halskette ist in liebevoller Handarbeit selbst gemacht und ein Unikat.<\/p>\n<p>Der Durchmesser der Ohr-Anh\u00e4nger betr\u00e4gt 2cm und ist an Ohrhaken aus Edelstahl befestigt.<br \/>\nDie runden Pl\u00e4ttchen sind mit schwarz gef\u00e4rbtem Resin und eingelegten L\u00f6wenzahnsamen verziert.<br \/>\nDer Anh\u00e4nger der Kette ist 2,5cm und ist ebenfalls mit einem runden Pl\u00e4ttchen hergestellt, gef\u00fcllt mit schwarz eingef\u00e4rbtem Epoxidharz und eingelegten L\u00f6wenzahnsamen.<\/p>\n<p>Elegant und extravagant passt dieses Set zu allt\u00e4glichen und auch eleganten Outfits.<br \/>\nF\u00fcr jeden Anlass ein toller Blickfang an den Ohren um am Dekollet\u00e9 jeder Frau! Als extravagantes und einzigartiges Accessoire oder auch als Mitbringsel.<\/p>\n<p>Die L\u00e4nge der Halskette ist variabel einstellbar zwischen 44 und 48cm. Das Material der Halskette ist ein textiles, glattes Band, welches angenehm zu tragen ist.<\/p>\n<p>Um lange Freude an deinen Schmuckst\u00fccken zu haben empfehle ich dir folgendes:<br \/>\nNimm Deinen Schmuck ab, wenn du Sport machst, putzt, duschst, badest oder in Chlor- oder Salzwasser schwimmst.<br \/>\nAufbewahrung am Besten im Schmuckk\u00e4stchen oder im mitgelieferten S\u00e4ckchen und nicht an feuchten Pl\u00e4tzen (Badezimmer)<br \/>\nDirekten Kontakt zu Creme, Sprays und Parf\u00fcm meiden, Chemikalien, starke Hitze oder Salzwasser und Chlor k\u00f6nnen den Schmuck sch\u00e4digen.<br \/>\nBeim Sport und Duschen den Schmuck lieber abnehmen und Zur regelm\u00e4\u00dfigen Reinigung ein Wolltuch verwenden.<\/p>\n","protected":false},"excerpt":{"rendered":"<p>Dieses Set aus Ohrringen und Halskette ist in liebevoller Handarbeit selbst gemacht und ein Unikat. Der Durchmesser der Ohr-Anh\u00e4nger betr\u00e4gt 2cm und ist an Ohrhaken aus Edelstahl befestigt. Die runden Pl\u00e4ttchen sind mit schwarz gef\u00e4rbtem Resin und eingelegten L\u00f6wenzahnsamen verziert. Der Anh\u00e4nger der Kette ist 2,5cm und ist ebenfalls mit einem runden Pl\u00e4ttchen hergestellt, gef\u00fcllt [&hellip;]<\/p>\n","protected":false},"featured_media":193,"comment_status":"open","ping_status":"closed","template":"","meta":[],"product_brand":[],"product_cat":[44],"product_tag":[76,88,53,84,86,82,54,87,85,83],"class_list":{"0":"post-190","1":"product","2":"type-product","3":"status-publish","4":"has-post-thumbnail","6":"product_cat-schmuck-sets","7":"product_tag-blickfang","8":"product_tag-edelstahlhaken","9":"product_tag-geschenkidee","10":"product_tag-hand-made","11":"product_tag-jewellerie","12":"product_tag-loewenzahn","13":"product_tag-muttertag","14":"product_tag-texrilband","15":"product_tag-unikat","16":"product_tag-valentinstan","17":"product_shipping_class-s","19":"first","20":"instock","21":"sold-individually","22":"taxable","23":"shipping-taxable","24":"purchasable","25":"product-type-simple"},"yoast_head":"<!-- This site is optimized with the Yoast SEO plugin v27.4 - https:\/\/yoast.com\/product\/yoast-seo-wordpress\/ -->\n<title>Schmuckset aus Resin\/ Metallrahmen und L\u00f6wenzahnsamen - Kazzerls handmade<\/title>\n<meta name=\"description\" content=\"Schmuckset bestehend aus Halskette und Ohrringen, handgefertigtes Unikat, hergestellt mit Epoxidharz\/ Resin und eingeossenen L\u00f6wenzahnsamen, Textilband\" \/>\n<meta name=\"robots\" content=\"index, follow, max-snippet:-1, max-image-preview:large, max-video-preview:-1\" \/>\n<link rel=\"canonical\" href=\"https:\/\/www.kazzerl.net\/kazzerls\/produkt\/schmuckset-aus-resin-metall-und-loewenzahnsamen\/\" \/>\n<meta property=\"og:locale\" content=\"de_DE\" \/>\n<meta property=\"og:type\" content=\"article\" \/>\n<meta property=\"og:title\" content=\"Schmuckset aus Resin\/ Metallrahmen und L\u00f6wenzahnsamen - Kazzerls handmade\" \/>\n<meta property=\"og:description\" content=\"Schmuckset bestehend aus Halskette und Ohrringen, handgefertigtes Unikat, hergestellt mit Epoxidharz\/ Resin und eingeossenen L\u00f6wenzahnsamen, Textilband\" \/>\n<meta property=\"og:url\" content=\"https:\/\/www.kazzerl.net\/kazzerls\/produkt\/schmuckset-aus-resin-metall-und-loewenzahnsamen\/\" \/>\n<meta property=\"og:site_name\" content=\"Kazzerls handmade\" \/>\n<meta property=\"article:modified_time\" content=\"2025-12-19T09:01:21+00:00\" \/>\n<meta property=\"og:image\" content=\"https:\/\/www.kazzerl.net\/kazzerls\/wp-content\/uploads\/2023\/05\/Set-schwarz-Lowenzahn-6-scaled.jpg\" \/>\n\t<meta property=\"og:image:width\" content=\"2560\" \/>\n\t<meta property=\"og:image:height\" content=\"1707\" \/>\n\t<meta property=\"og:image:type\" content=\"image\/jpeg\" \/>\n<meta name=\"twitter:card\" content=\"summary_large_image\" \/>\n<meta name=\"twitter:label1\" content=\"Gesch\u00e4tzte Lesezeit\" \/>\n\t<meta name=\"twitter:data1\" content=\"2\u00a0Minuten\" \/>\n<script type=\"application\/ld+json\" class=\"yoast-schema-graph\">{\"@context\":\"https:\\\/\\\/schema.org\",\"@graph\":[{\"@type\":\"WebPage\",\"@id\":\"https:\\\/\\\/www.kazzerl.net\\\/kazzerls\\\/produkt\\\/schmuckset-aus-resin-metall-und-loewenzahnsamen\\\/\",\"url\":\"https:\\\/\\\/www.kazzerl.net\\\/kazzerls\\\/produkt\\\/schmuckset-aus-resin-metall-und-loewenzahnsamen\\\/\",\"name\":\"Schmuckset aus Resin\\\/ Metallrahmen und L\u00f6wenzahnsamen - Kazzerls handmade\",\"isPartOf\":{\"@id\":\"https:\\\/\\\/www.kazzerl.net\\\/kazzerls\\\/#website\"},\"primaryImageOfPage\":{\"@id\":\"https:\\\/\\\/www.kazzerl.net\\\/kazzerls\\\/produkt\\\/schmuckset-aus-resin-metall-und-loewenzahnsamen\\\/#primaryimage\"},\"image\":{\"@id\":\"https:\\\/\\\/www.kazzerl.net\\\/kazzerls\\\/produkt\\\/schmuckset-aus-resin-metall-und-loewenzahnsamen\\\/#primaryimage\"},\"thumbnailUrl\":\"https:\\\/\\\/www.kazzerl.net\\\/kazzerls\\\/wp-content\\\/uploads\\\/2023\\\/05\\\/Set-schwarz-Lowenzahn-6-scaled.jpg\",\"datePublished\":\"2023-05-23T18:48:03+00:00\",\"dateModified\":\"2025-12-19T09:01:21+00:00\",\"description\":\"Schmuckset bestehend aus Halskette und Ohrringen, handgefertigtes Unikat, hergestellt mit Epoxidharz\\\/ Resin und eingeossenen L\u00f6wenzahnsamen, Textilband\",\"breadcrumb\":{\"@id\":\"https:\\\/\\\/www.kazzerl.net\\\/kazzerls\\\/produkt\\\/schmuckset-aus-resin-metall-und-loewenzahnsamen\\\/#breadcrumb\"},\"inLanguage\":\"de\",\"potentialAction\":[{\"@type\":\"ReadAction\",\"target\":[\"https:\\\/\\\/www.kazzerl.net\\\/kazzerls\\\/produkt\\\/schmuckset-aus-resin-metall-und-loewenzahnsamen\\\/\"]}]},{\"@type\":\"ImageObject\",\"inLanguage\":\"de\",\"@id\":\"https:\\\/\\\/www.kazzerl.net\\\/kazzerls\\\/produkt\\\/schmuckset-aus-resin-metall-und-loewenzahnsamen\\\/#primaryimage\",\"url\":\"https:\\\/\\\/www.kazzerl.net\\\/kazzerls\\\/wp-content\\\/uploads\\\/2023\\\/05\\\/Set-schwarz-Lowenzahn-6-scaled.jpg\",\"contentUrl\":\"https:\\\/\\\/www.kazzerl.net\\\/kazzerls\\\/wp-content\\\/uploads\\\/2023\\\/05\\\/Set-schwarz-Lowenzahn-6-scaled.jpg\",\"width\":2560,\"height\":1707},{\"@type\":\"BreadcrumbList\",\"@id\":\"https:\\\/\\\/www.kazzerl.net\\\/kazzerls\\\/produkt\\\/schmuckset-aus-resin-metall-und-loewenzahnsamen\\\/#breadcrumb\",\"itemListElement\":[{\"@type\":\"ListItem\",\"position\":1,\"name\":\"Startseite\",\"item\":\"https:\\\/\\\/www.kazzerl.net\\\/kazzerls\\\/\"},{\"@type\":\"ListItem\",\"position\":2,\"name\":\"Shop f\u00fcr handgemachte Geschenke und Dekorationen\",\"item\":\"https:\\\/\\\/www.kazzerl.net\\\/kazzerls\\\/\"},{\"@type\":\"ListItem\",\"position\":3,\"name\":\"Schmuckset aus Resin\\\/ Metallrahmen und L\u00f6wenzahnsamen\"}]},{\"@type\":\"WebSite\",\"@id\":\"https:\\\/\\\/www.kazzerl.net\\\/kazzerls\\\/#website\",\"url\":\"https:\\\/\\\/www.kazzerl.net\\\/kazzerls\\\/\",\"name\":\"Kazzerls handmade\",\"description\":\"Handgemachtes aus Holz, Epoxid, Wachs und vieles mehr!\",\"publisher\":{\"@id\":\"https:\\\/\\\/www.kazzerl.net\\\/kazzerls\\\/#organization\"},\"potentialAction\":[{\"@type\":\"SearchAction\",\"target\":{\"@type\":\"EntryPoint\",\"urlTemplate\":\"https:\\\/\\\/www.kazzerl.net\\\/kazzerls\\\/?s={search_term_string}\"},\"query-input\":{\"@type\":\"PropertyValueSpecification\",\"valueRequired\":true,\"valueName\":\"search_term_string\"}}],\"inLanguage\":\"de\"},{\"@type\":\"Organization\",\"@id\":\"https:\\\/\\\/www.kazzerl.net\\\/kazzerls\\\/#organization\",\"name\":\"Kazzerls handmade\",\"url\":\"https:\\\/\\\/www.kazzerl.net\\\/kazzerls\\\/\",\"logo\":{\"@type\":\"ImageObject\",\"inLanguage\":\"de\",\"@id\":\"https:\\\/\\\/www.kazzerl.net\\\/kazzerls\\\/#\\\/schema\\\/logo\\\/image\\\/\",\"url\":\"https:\\\/\\\/www.kazzerl.net\\\/kazzerls\\\/wp-content\\\/uploads\\\/2025\\\/07\\\/cropped-schwaKatz.png\",\"contentUrl\":\"https:\\\/\\\/www.kazzerl.net\\\/kazzerls\\\/wp-content\\\/uploads\\\/2025\\\/07\\\/cropped-schwaKatz.png\",\"width\":512,\"height\":512,\"caption\":\"Kazzerls handmade\"},\"image\":{\"@id\":\"https:\\\/\\\/www.kazzerl.net\\\/kazzerls\\\/#\\\/schema\\\/logo\\\/image\\\/\"},\"sameAs\":[\"https:\\\/\\\/www.instagram.com\\\/kazzerls\\\/\"]}]}<\/script>\n<!-- \/ Yoast SEO plugin. -->","yoast_head_json":{"title":"Schmuckset aus Resin\/ Metallrahmen und L\u00f6wenzahnsamen - Kazzerls handmade","description":"Schmuckset bestehend aus Halskette und Ohrringen, handgefertigtes Unikat, hergestellt mit Epoxidharz\/ Resin und eingeossenen L\u00f6wenzahnsamen, Textilband","robots":{"index":"index","follow":"follow","max-snippet":"max-snippet:-1","max-image-preview":"max-image-preview:large","max-video-preview":"max-video-preview:-1"},"canonical":"https:\/\/www.kazzerl.net\/kazzerls\/produkt\/schmuckset-aus-resin-metall-und-loewenzahnsamen\/","og_locale":"de_DE","og_type":"article","og_title":"Schmuckset aus Resin\/ Metallrahmen und L\u00f6wenzahnsamen - Kazzerls handmade","og_description":"Schmuckset bestehend aus Halskette und Ohrringen, handgefertigtes Unikat, hergestellt mit Epoxidharz\/ Resin und eingeossenen L\u00f6wenzahnsamen, Textilband","og_url":"https:\/\/www.kazzerl.net\/kazzerls\/produkt\/schmuckset-aus-resin-metall-und-loewenzahnsamen\/","og_site_name":"Kazzerls handmade","article_modified_time":"2025-12-19T09:01:21+00:00","og_image":[{"width":2560,"height":1707,"url":"https:\/\/www.kazzerl.net\/kazzerls\/wp-content\/uploads\/2023\/05\/Set-schwarz-Lowenzahn-6-scaled.jpg","type":"image\/jpeg"}],"twitter_card":"summary_large_image","twitter_misc":{"Gesch\u00e4tzte Lesezeit":"2\u00a0Minuten"},"schema":{"@context":"https:\/\/schema.org","@graph":[{"@type":"WebPage","@id":"https:\/\/www.kazzerl.net\/kazzerls\/produkt\/schmuckset-aus-resin-metall-und-loewenzahnsamen\/","url":"https:\/\/www.kazzerl.net\/kazzerls\/produkt\/schmuckset-aus-resin-metall-und-loewenzahnsamen\/","name":"Schmuckset aus Resin\/ Metallrahmen und L\u00f6wenzahnsamen - Kazzerls handmade","isPartOf":{"@id":"https:\/\/www.kazzerl.net\/kazzerls\/#website"},"primaryImageOfPage":{"@id":"https:\/\/www.kazzerl.net\/kazzerls\/produkt\/schmuckset-aus-resin-metall-und-loewenzahnsamen\/#primaryimage"},"image":{"@id":"https:\/\/www.kazzerl.net\/kazzerls\/produkt\/schmuckset-aus-resin-metall-und-loewenzahnsamen\/#primaryimage"},"thumbnailUrl":"https:\/\/www.kazzerl.net\/kazzerls\/wp-content\/uploads\/2023\/05\/Set-schwarz-Lowenzahn-6-scaled.jpg","datePublished":"2023-05-23T18:48:03+00:00","dateModified":"2025-12-19T09:01:21+00:00","description":"Schmuckset bestehend aus Halskette und Ohrringen, handgefertigtes Unikat, hergestellt mit Epoxidharz\/ Resin und eingeossenen L\u00f6wenzahnsamen, Textilband","breadcrumb":{"@id":"https:\/\/www.kazzerl.net\/kazzerls\/produkt\/schmuckset-aus-resin-metall-und-loewenzahnsamen\/#breadcrumb"},"inLanguage":"de","potentialAction":[{"@type":"ReadAction","target":["https:\/\/www.kazzerl.net\/kazzerls\/produkt\/schmuckset-aus-resin-metall-und-loewenzahnsamen\/"]}]},{"@type":"ImageObject","inLanguage":"de","@id":"https:\/\/www.kazzerl.net\/kazzerls\/produkt\/schmuckset-aus-resin-metall-und-loewenzahnsamen\/#primaryimage","url":"https:\/\/www.kazzerl.net\/kazzerls\/wp-content\/uploads\/2023\/05\/Set-schwarz-Lowenzahn-6-scaled.jpg","contentUrl":"https:\/\/www.kazzerl.net\/kazzerls\/wp-content\/uploads\/2023\/05\/Set-schwarz-Lowenzahn-6-scaled.jpg","width":2560,"height":1707},{"@type":"BreadcrumbList","@id":"https:\/\/www.kazzerl.net\/kazzerls\/produkt\/schmuckset-aus-resin-metall-und-loewenzahnsamen\/#breadcrumb","itemListElement":[{"@type":"ListItem","position":1,"name":"Startseite","item":"https:\/\/www.kazzerl.net\/kazzerls\/"},{"@type":"ListItem","position":2,"name":"Shop f\u00fcr handgemachte Geschenke und Dekorationen","item":"https:\/\/www.kazzerl.net\/kazzerls\/"},{"@type":"ListItem","position":3,"name":"Schmuckset aus Resin\/ Metallrahmen und L\u00f6wenzahnsamen"}]},{"@type":"WebSite","@id":"https:\/\/www.kazzerl.net\/kazzerls\/#website","url":"https:\/\/www.kazzerl.net\/kazzerls\/","name":"Kazzerls handmade","description":"Handgemachtes aus Holz, Epoxid, Wachs und vieles mehr!","publisher":{"@id":"https:\/\/www.kazzerl.net\/kazzerls\/#organization"},"potentialAction":[{"@type":"SearchAction","target":{"@type":"EntryPoint","urlTemplate":"https:\/\/www.kazzerl.net\/kazzerls\/?s={search_term_string}"},"query-input":{"@type":"PropertyValueSpecification","valueRequired":true,"valueName":"search_term_string"}}],"inLanguage":"de"},{"@type":"Organization","@id":"https:\/\/www.kazzerl.net\/kazzerls\/#organization","name":"Kazzerls handmade","url":"https:\/\/www.kazzerl.net\/kazzerls\/","logo":{"@type":"ImageObject","inLanguage":"de","@id":"https:\/\/www.kazzerl.net\/kazzerls\/#\/schema\/logo\/image\/","url":"https:\/\/www.kazzerl.net\/kazzerls\/wp-content\/uploads\/2025\/07\/cropped-schwaKatz.png","contentUrl":"https:\/\/www.kazzerl.net\/kazzerls\/wp-content\/uploads\/2025\/07\/cropped-schwaKatz.png","width":512,"height":512,"caption":"Kazzerls handmade"},"image":{"@id":"https:\/\/www.kazzerl.net\/kazzerls\/#\/schema\/logo\/image\/"},"sameAs":["https:\/\/www.instagram.com\/kazzerls\/"]}]}},"_links":{"self":[{"href":"https:\/\/www.kazzerl.net\/kazzerls\/wp-json\/wp\/v2\/product\/190","targetHints":{"allow":["GET"]}}],"collection":[{"href":"https:\/\/www.kazzerl.net\/kazzerls\/wp-json\/wp\/v2\/product"}],"about":[{"href":"https:\/\/www.kazzerl.net\/kazzerls\/wp-json\/wp\/v2\/types\/product"}],"replies":[{"embeddable":true,"href":"https:\/\/www.kazzerl.net\/kazzerls\/wp-json\/wp\/v2\/comments?post=190"}],"wp:featuredmedia":[{"embeddable":true,"href":"https:\/\/www.kazzerl.net\/kazzerls\/wp-json\/wp\/v2\/media\/193"}],"wp:attachment":[{"href":"https:\/\/www.kazzerl.net\/kazzerls\/wp-json\/wp\/v2\/media?parent=190"}],"wp:term":[{"taxonomy":"product_brand","embeddable":true,"href":"https:\/\/www.kazzerl.net\/kazzerls\/wp-json\/wp\/v2\/product_brand?post=190"},{"taxonomy":"product_cat","embeddable":true,"href":"https:\/\/www.kazzerl.net\/kazzerls\/wp-json\/wp\/v2\/product_cat?post=190"},{"taxonomy":"product_tag","embeddable":true,"href":"https:\/\/www.kazzerl.net\/kazzerls\/wp-json\/wp\/v2\/product_tag?post=190"}],"curies":[{"name":"wp","href":"https:\/\/api.w.org\/{rel}","templated":true}]}}