{"id":175,"date":"2023-05-21T17:09:38","date_gmt":"2023-05-21T15:09:38","guid":{"rendered":"https:\/\/www.kazzerl.net\/kazzerls\/?post_type=product&#038;p=175"},"modified":"2026-02-22T07:13:31","modified_gmt":"2026-02-22T06:13:31","slug":"holzschale-aus-kirschholz","status":"publish","type":"product","link":"https:\/\/www.kazzerl.net\/kazzerls\/produkt\/holzschale-aus-kirschholz\/","title":{"rendered":"Holzschale aus Kirschholz Nr. 44"},"content":{"rendered":"<p>Liebevoll gedrechselte Holzschale aus Kirschholz mit ganz toller Maserung, da die Schale direkt aus Kernholz gedrechselt wurde.<br \/>\nDie Schale wurde zuerst in Handarbeit vorgedrechselt und dann ebenfalls von Hand sehr fein geschliffen und ist mit Hartwachs\u00f6l veredelt, was die nat\u00fcrliche Maserung hervorhebt und die originale Haptik von Holz bleibt erhalten. Das Hartwachs\u00f6l ist lebensmittelecht, und so kann die Schale auch f\u00fcr kleines Obst, Snacks oder Kleinigkeiten etc. verwendet werden.<\/p>\n<p>Die Schale ist nicht Sp\u00fclmaschinenfest. Temperaturschwankungen bitte vermeiden. Bei guter Pflege f\u00fcr Jahrzehnte nutzbar. Reinige die Schale bitte nur mit einem feuchten Tuch.<\/p>\n<p>Da es sich bei Holz um Naturmaterial handelt, besteht die M\u00f6glichkeit von kleinen Einschl\u00fcssen oder Rissen, welche bereits im Holz vorzufinden waren und sind somit nicht als Mangel anzusehen. Da dieser nat\u00fcrliche Rohstoff auch im trockenen Zustand weiter arbeitet kann es zu nachtr\u00e4glichen leichten Form\u00e4nderungen kommen.<br \/>\nHolz ver\u00e4ndert mit der Zeit m\u00f6glicherweise seine Farbe.<br \/>\nDie Sch\u00fcssel ist nummeriert &amp; signiert und ist ein Unikat.<\/p>\n<p>Durchmesser 15,5cm<br \/>\nH\u00f6he 8cm<\/p>\n<p>Ein toller Blickfang in jedem Raum und auf jedem Tisch und dient als Dekoschale, Obstschale oder als Geschenkidee.<\/p>\n","protected":false},"excerpt":{"rendered":"<p>Liebevoll gedrechselte Holzschale aus Kirschholz mit ganz toller Maserung, da die Schale direkt aus Kernholz gedrechselt wurde. Die Schale wurde zuerst in Handarbeit vorgedrechselt und dann ebenfalls von Hand sehr fein geschliffen und ist mit Hartwachs\u00f6l veredelt, was die nat\u00fcrliche Maserung hervorhebt und die originale Haptik von Holz bleibt erhalten. Das Hartwachs\u00f6l ist lebensmittelecht, und [&hellip;]<\/p>\n","protected":false},"featured_media":164,"comment_status":"closed","ping_status":"closed","template":"","meta":[],"product_brand":[],"product_cat":[81],"product_tag":[146,168,166,78,53,169,77,167,164,174,173],"class_list":{"0":"post-175","1":"product","2":"type-product","3":"status-publish","4":"has-post-thumbnail","6":"product_cat-schuesseln","7":"product_tag-dekoration","8":"product_tag-drechselkunst","9":"product_tag-gedrechselte-schale","10":"product_tag-geschenk","11":"product_tag-geschenkidee","12":"product_tag-handarbeit","13":"product_tag-handgemacht","14":"product_tag-holz","15":"product_tag-holzschuessel","16":"product_tag-kirschholz-schale","17":"product_tag-snackschale","18":"product_shipping_class-s","20":"first","21":"instock","22":"sold-individually","23":"taxable","24":"shipping-taxable","25":"purchasable","26":"product-type-simple"},"yoast_head":"<!-- This site is optimized with the Yoast SEO plugin v27.4 - https:\/\/yoast.com\/product\/yoast-seo-wordpress\/ -->\n<title>Holzschale aus Kirschholz Nr. 44 - Kazzerls handmade<\/title>\n<meta name=\"description\" content=\"Liebevoll von Hand gedrechselt Holzschale mit nat\u00fcrlicher Maserung. Als Dekoration oder toller Blickfang am Tisch. F\u00fcr Kleinigkeiten wie Snacks etc.\" \/>\n<meta name=\"robots\" content=\"index, follow, max-snippet:-1, max-image-preview:large, max-video-preview:-1\" \/>\n<link rel=\"canonical\" href=\"https:\/\/www.kazzerl.net\/kazzerls\/produkt\/holzschale-aus-kirschholz\/\" \/>\n<meta property=\"og:locale\" content=\"de_DE\" \/>\n<meta property=\"og:type\" content=\"article\" \/>\n<meta property=\"og:title\" content=\"Holzschale aus Kirschholz Nr. 44 - Kazzerls handmade\" \/>\n<meta property=\"og:description\" content=\"Liebevoll von Hand gedrechselt Holzschale mit nat\u00fcrlicher Maserung. Als Dekoration oder toller Blickfang am Tisch. F\u00fcr Kleinigkeiten wie Snacks etc.\" \/>\n<meta property=\"og:url\" content=\"https:\/\/www.kazzerl.net\/kazzerls\/produkt\/holzschale-aus-kirschholz\/\" \/>\n<meta property=\"og:site_name\" content=\"Kazzerls handmade\" \/>\n<meta property=\"article:modified_time\" content=\"2026-02-22T06:13:31+00:00\" \/>\n<meta property=\"og:image\" content=\"https:\/\/www.kazzerl.net\/kazzerls\/wp-content\/uploads\/2023\/05\/44-Kirsche-Kern-4-scaled.jpg\" \/>\n\t<meta property=\"og:image:width\" content=\"2560\" \/>\n\t<meta property=\"og:image:height\" content=\"1707\" \/>\n\t<meta property=\"og:image:type\" content=\"image\/jpeg\" \/>\n<meta name=\"twitter:card\" content=\"summary_large_image\" \/>\n<meta name=\"twitter:label1\" content=\"Gesch\u00e4tzte Lesezeit\" \/>\n\t<meta name=\"twitter:data1\" content=\"2\u00a0Minuten\" \/>\n<script type=\"application\/ld+json\" class=\"yoast-schema-graph\">{\"@context\":\"https:\\\/\\\/schema.org\",\"@graph\":[{\"@type\":\"WebPage\",\"@id\":\"https:\\\/\\\/www.kazzerl.net\\\/kazzerls\\\/produkt\\\/holzschale-aus-kirschholz\\\/\",\"url\":\"https:\\\/\\\/www.kazzerl.net\\\/kazzerls\\\/produkt\\\/holzschale-aus-kirschholz\\\/\",\"name\":\"Holzschale aus Kirschholz Nr. 44 - Kazzerls handmade\",\"isPartOf\":{\"@id\":\"https:\\\/\\\/www.kazzerl.net\\\/kazzerls\\\/#website\"},\"primaryImageOfPage\":{\"@id\":\"https:\\\/\\\/www.kazzerl.net\\\/kazzerls\\\/produkt\\\/holzschale-aus-kirschholz\\\/#primaryimage\"},\"image\":{\"@id\":\"https:\\\/\\\/www.kazzerl.net\\\/kazzerls\\\/produkt\\\/holzschale-aus-kirschholz\\\/#primaryimage\"},\"thumbnailUrl\":\"https:\\\/\\\/www.kazzerl.net\\\/kazzerls\\\/wp-content\\\/uploads\\\/2023\\\/05\\\/44-Kirsche-Kern-4-scaled.jpg\",\"datePublished\":\"2023-05-21T15:09:38+00:00\",\"dateModified\":\"2026-02-22T06:13:31+00:00\",\"description\":\"Liebevoll von Hand gedrechselt Holzschale mit nat\u00fcrlicher Maserung. Als Dekoration oder toller Blickfang am Tisch. F\u00fcr Kleinigkeiten wie Snacks etc.\",\"breadcrumb\":{\"@id\":\"https:\\\/\\\/www.kazzerl.net\\\/kazzerls\\\/produkt\\\/holzschale-aus-kirschholz\\\/#breadcrumb\"},\"inLanguage\":\"de\",\"potentialAction\":[{\"@type\":\"ReadAction\",\"target\":[\"https:\\\/\\\/www.kazzerl.net\\\/kazzerls\\\/produkt\\\/holzschale-aus-kirschholz\\\/\"]}]},{\"@type\":\"ImageObject\",\"inLanguage\":\"de\",\"@id\":\"https:\\\/\\\/www.kazzerl.net\\\/kazzerls\\\/produkt\\\/holzschale-aus-kirschholz\\\/#primaryimage\",\"url\":\"https:\\\/\\\/www.kazzerl.net\\\/kazzerls\\\/wp-content\\\/uploads\\\/2023\\\/05\\\/44-Kirsche-Kern-4-scaled.jpg\",\"contentUrl\":\"https:\\\/\\\/www.kazzerl.net\\\/kazzerls\\\/wp-content\\\/uploads\\\/2023\\\/05\\\/44-Kirsche-Kern-4-scaled.jpg\",\"width\":2560,\"height\":1707},{\"@type\":\"BreadcrumbList\",\"@id\":\"https:\\\/\\\/www.kazzerl.net\\\/kazzerls\\\/produkt\\\/holzschale-aus-kirschholz\\\/#breadcrumb\",\"itemListElement\":[{\"@type\":\"ListItem\",\"position\":1,\"name\":\"Startseite\",\"item\":\"https:\\\/\\\/www.kazzerl.net\\\/kazzerls\\\/\"},{\"@type\":\"ListItem\",\"position\":2,\"name\":\"Shop f\u00fcr handgemachte Geschenke und Dekorationen\",\"item\":\"https:\\\/\\\/www.kazzerl.net\\\/kazzerls\\\/\"},{\"@type\":\"ListItem\",\"position\":3,\"name\":\"Holzschale aus Kirschholz Nr. 44\"}]},{\"@type\":\"WebSite\",\"@id\":\"https:\\\/\\\/www.kazzerl.net\\\/kazzerls\\\/#website\",\"url\":\"https:\\\/\\\/www.kazzerl.net\\\/kazzerls\\\/\",\"name\":\"Kazzerls handmade\",\"description\":\"Handgemachtes aus Holz, Epoxid, Wachs und vieles mehr!\",\"publisher\":{\"@id\":\"https:\\\/\\\/www.kazzerl.net\\\/kazzerls\\\/#organization\"},\"potentialAction\":[{\"@type\":\"SearchAction\",\"target\":{\"@type\":\"EntryPoint\",\"urlTemplate\":\"https:\\\/\\\/www.kazzerl.net\\\/kazzerls\\\/?s={search_term_string}\"},\"query-input\":{\"@type\":\"PropertyValueSpecification\",\"valueRequired\":true,\"valueName\":\"search_term_string\"}}],\"inLanguage\":\"de\"},{\"@type\":\"Organization\",\"@id\":\"https:\\\/\\\/www.kazzerl.net\\\/kazzerls\\\/#organization\",\"name\":\"Kazzerls handmade\",\"url\":\"https:\\\/\\\/www.kazzerl.net\\\/kazzerls\\\/\",\"logo\":{\"@type\":\"ImageObject\",\"inLanguage\":\"de\",\"@id\":\"https:\\\/\\\/www.kazzerl.net\\\/kazzerls\\\/#\\\/schema\\\/logo\\\/image\\\/\",\"url\":\"https:\\\/\\\/www.kazzerl.net\\\/kazzerls\\\/wp-content\\\/uploads\\\/2025\\\/07\\\/cropped-schwaKatz.png\",\"contentUrl\":\"https:\\\/\\\/www.kazzerl.net\\\/kazzerls\\\/wp-content\\\/uploads\\\/2025\\\/07\\\/cropped-schwaKatz.png\",\"width\":512,\"height\":512,\"caption\":\"Kazzerls handmade\"},\"image\":{\"@id\":\"https:\\\/\\\/www.kazzerl.net\\\/kazzerls\\\/#\\\/schema\\\/logo\\\/image\\\/\"},\"sameAs\":[\"https:\\\/\\\/www.instagram.com\\\/kazzerls\\\/\"]}]}<\/script>\n<!-- \/ Yoast SEO plugin. -->","yoast_head_json":{"title":"Holzschale aus Kirschholz Nr. 44 - Kazzerls handmade","description":"Liebevoll von Hand gedrechselt Holzschale mit nat\u00fcrlicher Maserung. Als Dekoration oder toller Blickfang am Tisch. F\u00fcr Kleinigkeiten wie Snacks etc.","robots":{"index":"index","follow":"follow","max-snippet":"max-snippet:-1","max-image-preview":"max-image-preview:large","max-video-preview":"max-video-preview:-1"},"canonical":"https:\/\/www.kazzerl.net\/kazzerls\/produkt\/holzschale-aus-kirschholz\/","og_locale":"de_DE","og_type":"article","og_title":"Holzschale aus Kirschholz Nr. 44 - Kazzerls handmade","og_description":"Liebevoll von Hand gedrechselt Holzschale mit nat\u00fcrlicher Maserung. Als Dekoration oder toller Blickfang am Tisch. F\u00fcr Kleinigkeiten wie Snacks etc.","og_url":"https:\/\/www.kazzerl.net\/kazzerls\/produkt\/holzschale-aus-kirschholz\/","og_site_name":"Kazzerls handmade","article_modified_time":"2026-02-22T06:13:31+00:00","og_image":[{"width":2560,"height":1707,"url":"https:\/\/www.kazzerl.net\/kazzerls\/wp-content\/uploads\/2023\/05\/44-Kirsche-Kern-4-scaled.jpg","type":"image\/jpeg"}],"twitter_card":"summary_large_image","twitter_misc":{"Gesch\u00e4tzte Lesezeit":"2\u00a0Minuten"},"schema":{"@context":"https:\/\/schema.org","@graph":[{"@type":"WebPage","@id":"https:\/\/www.kazzerl.net\/kazzerls\/produkt\/holzschale-aus-kirschholz\/","url":"https:\/\/www.kazzerl.net\/kazzerls\/produkt\/holzschale-aus-kirschholz\/","name":"Holzschale aus Kirschholz Nr. 44 - Kazzerls handmade","isPartOf":{"@id":"https:\/\/www.kazzerl.net\/kazzerls\/#website"},"primaryImageOfPage":{"@id":"https:\/\/www.kazzerl.net\/kazzerls\/produkt\/holzschale-aus-kirschholz\/#primaryimage"},"image":{"@id":"https:\/\/www.kazzerl.net\/kazzerls\/produkt\/holzschale-aus-kirschholz\/#primaryimage"},"thumbnailUrl":"https:\/\/www.kazzerl.net\/kazzerls\/wp-content\/uploads\/2023\/05\/44-Kirsche-Kern-4-scaled.jpg","datePublished":"2023-05-21T15:09:38+00:00","dateModified":"2026-02-22T06:13:31+00:00","description":"Liebevoll von Hand gedrechselt Holzschale mit nat\u00fcrlicher Maserung. Als Dekoration oder toller Blickfang am Tisch. F\u00fcr Kleinigkeiten wie Snacks etc.","breadcrumb":{"@id":"https:\/\/www.kazzerl.net\/kazzerls\/produkt\/holzschale-aus-kirschholz\/#breadcrumb"},"inLanguage":"de","potentialAction":[{"@type":"ReadAction","target":["https:\/\/www.kazzerl.net\/kazzerls\/produkt\/holzschale-aus-kirschholz\/"]}]},{"@type":"ImageObject","inLanguage":"de","@id":"https:\/\/www.kazzerl.net\/kazzerls\/produkt\/holzschale-aus-kirschholz\/#primaryimage","url":"https:\/\/www.kazzerl.net\/kazzerls\/wp-content\/uploads\/2023\/05\/44-Kirsche-Kern-4-scaled.jpg","contentUrl":"https:\/\/www.kazzerl.net\/kazzerls\/wp-content\/uploads\/2023\/05\/44-Kirsche-Kern-4-scaled.jpg","width":2560,"height":1707},{"@type":"BreadcrumbList","@id":"https:\/\/www.kazzerl.net\/kazzerls\/produkt\/holzschale-aus-kirschholz\/#breadcrumb","itemListElement":[{"@type":"ListItem","position":1,"name":"Startseite","item":"https:\/\/www.kazzerl.net\/kazzerls\/"},{"@type":"ListItem","position":2,"name":"Shop f\u00fcr handgemachte Geschenke und Dekorationen","item":"https:\/\/www.kazzerl.net\/kazzerls\/"},{"@type":"ListItem","position":3,"name":"Holzschale aus Kirschholz Nr. 44"}]},{"@type":"WebSite","@id":"https:\/\/www.kazzerl.net\/kazzerls\/#website","url":"https:\/\/www.kazzerl.net\/kazzerls\/","name":"Kazzerls handmade","description":"Handgemachtes aus Holz, Epoxid, Wachs und vieles mehr!","publisher":{"@id":"https:\/\/www.kazzerl.net\/kazzerls\/#organization"},"potentialAction":[{"@type":"SearchAction","target":{"@type":"EntryPoint","urlTemplate":"https:\/\/www.kazzerl.net\/kazzerls\/?s={search_term_string}"},"query-input":{"@type":"PropertyValueSpecification","valueRequired":true,"valueName":"search_term_string"}}],"inLanguage":"de"},{"@type":"Organization","@id":"https:\/\/www.kazzerl.net\/kazzerls\/#organization","name":"Kazzerls handmade","url":"https:\/\/www.kazzerl.net\/kazzerls\/","logo":{"@type":"ImageObject","inLanguage":"de","@id":"https:\/\/www.kazzerl.net\/kazzerls\/#\/schema\/logo\/image\/","url":"https:\/\/www.kazzerl.net\/kazzerls\/wp-content\/uploads\/2025\/07\/cropped-schwaKatz.png","contentUrl":"https:\/\/www.kazzerl.net\/kazzerls\/wp-content\/uploads\/2025\/07\/cropped-schwaKatz.png","width":512,"height":512,"caption":"Kazzerls handmade"},"image":{"@id":"https:\/\/www.kazzerl.net\/kazzerls\/#\/schema\/logo\/image\/"},"sameAs":["https:\/\/www.instagram.com\/kazzerls\/"]}]}},"_links":{"self":[{"href":"https:\/\/www.kazzerl.net\/kazzerls\/wp-json\/wp\/v2\/product\/175","targetHints":{"allow":["GET"]}}],"collection":[{"href":"https:\/\/www.kazzerl.net\/kazzerls\/wp-json\/wp\/v2\/product"}],"about":[{"href":"https:\/\/www.kazzerl.net\/kazzerls\/wp-json\/wp\/v2\/types\/product"}],"replies":[{"embeddable":true,"href":"https:\/\/www.kazzerl.net\/kazzerls\/wp-json\/wp\/v2\/comments?post=175"}],"wp:featuredmedia":[{"embeddable":true,"href":"https:\/\/www.kazzerl.net\/kazzerls\/wp-json\/wp\/v2\/media\/164"}],"wp:attachment":[{"href":"https:\/\/www.kazzerl.net\/kazzerls\/wp-json\/wp\/v2\/media?parent=175"}],"wp:term":[{"taxonomy":"product_brand","embeddable":true,"href":"https:\/\/www.kazzerl.net\/kazzerls\/wp-json\/wp\/v2\/product_brand?post=175"},{"taxonomy":"product_cat","embeddable":true,"href":"https:\/\/www.kazzerl.net\/kazzerls\/wp-json\/wp\/v2\/product_cat?post=175"},{"taxonomy":"product_tag","embeddable":true,"href":"https:\/\/www.kazzerl.net\/kazzerls\/wp-json\/wp\/v2\/product_tag?post=175"}],"curies":[{"name":"wp","href":"https:\/\/api.w.org\/{rel}","templated":true}]}}