{"id":1599,"date":"2025-10-10T18:45:49","date_gmt":"2025-10-10T16:45:49","guid":{"rendered":"https:\/\/www.kazzerl.net\/kazzerls\/?post_type=product&#038;p=1599"},"modified":"2025-12-14T16:09:19","modified_gmt":"2025-12-14T15:09:19","slug":"kerze-lotusblume-gruen","status":"publish","type":"product","link":"https:\/\/www.kazzerl.net\/kazzerls\/produkt\/kerze-lotusblume-gruen\/","title":{"rendered":"Kerze Lotusblume gr\u00fcn"},"content":{"rendered":"<p>ca. 5cm hoch und im Durchmesser 5cm, von Hand gegossen<\/p>\n<p>perfekt geeignet als Geschenk oder kleines Mitbringsel bzw. kleine Aufmerksamkeit<\/p>\n<p>hergestellt aus Recyclingwachs, wodurch sich kleine Farbver\u00e4nderungen und minimale Unreinheiten ergeben k\u00f6nnen.<\/p>\n<p>Hinweis: Kerzen immer von Kindern und Haustieren fernhalten. Nie in die N\u00e4he von entz\u00fcndlichen Gegenst\u00e4nden stellen. Brennende Kerzen niemals unbeaufsichtigt lassen. Abstand zu anderen Kerzen von 10 cm einhalten. Nicht in Zugluft abbrennen lassen. Bitte die Kerze nicht auf die Heizung stellen bzw. im Sonnenlicht stehen lassen. Einen feuerfesten Untergrund f\u00fcr die Kerze benutzen.<\/p>\n<p>&nbsp;<\/p>\n","protected":false},"excerpt":{"rendered":"<p>ca. 5cm hoch und im Durchmesser 5cm, von Hand gegossen perfekt geeignet als Geschenk oder kleines Mitbringsel bzw. kleine Aufmerksamkeit hergestellt aus Recyclingwachs, wodurch sich kleine Farbver\u00e4nderungen und minimale Unreinheiten ergeben k\u00f6nnen. Hinweis: Kerzen immer von Kindern und Haustieren fernhalten. Nie in die N\u00e4he von entz\u00fcndlichen Gegenst\u00e4nden stellen. Brennende Kerzen niemals unbeaufsichtigt lassen. Abstand zu [&hellip;]<\/p>\n","protected":false},"featured_media":1181,"comment_status":"closed","ping_status":"closed","template":"","meta":[],"product_brand":[],"product_cat":[150],"product_tag":[146,78,59,144,147,145],"class_list":{"0":"post-1599","1":"product","2":"type-product","3":"status-publish","4":"has-post-thumbnail","6":"product_cat-kerzen-figuren","7":"product_tag-dekoration","8":"product_tag-geschenk","9":"product_tag-handmade","10":"product_tag-kerzen","11":"product_tag-romantischer-stimmungsgeber","12":"product_tag-wiederverwendetes-recycletes-wachs","13":"product_shipping_class-s","15":"first","16":"instock","17":"sold-individually","18":"taxable","19":"shipping-taxable","20":"purchasable","21":"product-type-simple"},"yoast_head":"<!-- This site is optimized with the Yoast SEO plugin v27.4 - https:\/\/yoast.com\/product\/yoast-seo-wordpress\/ -->\n<title>Kerze Lotusblume gr\u00fcn - Kazzerls handmade<\/title>\n<meta name=\"description\" content=\"entz\u00fcckende kleine Kerze in Lotusbl\u00fctenform, durch Recyclingwachs Farb-Unterschiede m\u00f6glich, von Hand gegossen, perfekt als Mitbringsel oder Geschenk\" \/>\n<meta name=\"robots\" content=\"index, follow, max-snippet:-1, max-image-preview:large, max-video-preview:-1\" \/>\n<link rel=\"canonical\" href=\"https:\/\/www.kazzerl.net\/kazzerls\/produkt\/kerze-lotusblume-gruen\/\" \/>\n<meta property=\"og:locale\" content=\"de_DE\" \/>\n<meta property=\"og:type\" content=\"article\" \/>\n<meta property=\"og:title\" content=\"Kerze Lotusblume gr\u00fcn - Kazzerls handmade\" \/>\n<meta property=\"og:description\" content=\"entz\u00fcckende kleine Kerze in Lotusbl\u00fctenform, durch Recyclingwachs Farb-Unterschiede m\u00f6glich, von Hand gegossen, perfekt als Mitbringsel oder Geschenk\" \/>\n<meta property=\"og:url\" content=\"https:\/\/www.kazzerl.net\/kazzerls\/produkt\/kerze-lotusblume-gruen\/\" \/>\n<meta property=\"og:site_name\" content=\"Kazzerls handmade\" \/>\n<meta property=\"article:modified_time\" content=\"2025-12-14T15:09:19+00:00\" \/>\n<meta property=\"og:image\" content=\"https:\/\/www.kazzerl.net\/kazzerls\/wp-content\/uploads\/2025\/09\/20250910_110708.jpg\" \/>\n\t<meta property=\"og:image:width\" content=\"1351\" \/>\n\t<meta property=\"og:image:height\" content=\"2400\" \/>\n\t<meta property=\"og:image:type\" content=\"image\/jpeg\" \/>\n<meta name=\"twitter:card\" content=\"summary_large_image\" \/>\n<meta name=\"twitter:label1\" content=\"Gesch\u00e4tzte Lesezeit\" \/>\n\t<meta name=\"twitter:data1\" content=\"1\u00a0Minute\" \/>\n<script type=\"application\/ld+json\" class=\"yoast-schema-graph\">{\"@context\":\"https:\\\/\\\/schema.org\",\"@graph\":[{\"@type\":\"WebPage\",\"@id\":\"https:\\\/\\\/www.kazzerl.net\\\/kazzerls\\\/produkt\\\/kerze-lotusblume-gruen\\\/\",\"url\":\"https:\\\/\\\/www.kazzerl.net\\\/kazzerls\\\/produkt\\\/kerze-lotusblume-gruen\\\/\",\"name\":\"Kerze Lotusblume gr\u00fcn - Kazzerls handmade\",\"isPartOf\":{\"@id\":\"https:\\\/\\\/www.kazzerl.net\\\/kazzerls\\\/#website\"},\"primaryImageOfPage\":{\"@id\":\"https:\\\/\\\/www.kazzerl.net\\\/kazzerls\\\/produkt\\\/kerze-lotusblume-gruen\\\/#primaryimage\"},\"image\":{\"@id\":\"https:\\\/\\\/www.kazzerl.net\\\/kazzerls\\\/produkt\\\/kerze-lotusblume-gruen\\\/#primaryimage\"},\"thumbnailUrl\":\"https:\\\/\\\/www.kazzerl.net\\\/kazzerls\\\/wp-content\\\/uploads\\\/2025\\\/09\\\/20250910_110708.jpg\",\"datePublished\":\"2025-10-10T16:45:49+00:00\",\"dateModified\":\"2025-12-14T15:09:19+00:00\",\"description\":\"entz\u00fcckende kleine Kerze in Lotusbl\u00fctenform, durch Recyclingwachs Farb-Unterschiede m\u00f6glich, von Hand gegossen, perfekt als Mitbringsel oder Geschenk\",\"breadcrumb\":{\"@id\":\"https:\\\/\\\/www.kazzerl.net\\\/kazzerls\\\/produkt\\\/kerze-lotusblume-gruen\\\/#breadcrumb\"},\"inLanguage\":\"de\",\"potentialAction\":[{\"@type\":\"ReadAction\",\"target\":[\"https:\\\/\\\/www.kazzerl.net\\\/kazzerls\\\/produkt\\\/kerze-lotusblume-gruen\\\/\"]}]},{\"@type\":\"ImageObject\",\"inLanguage\":\"de\",\"@id\":\"https:\\\/\\\/www.kazzerl.net\\\/kazzerls\\\/produkt\\\/kerze-lotusblume-gruen\\\/#primaryimage\",\"url\":\"https:\\\/\\\/www.kazzerl.net\\\/kazzerls\\\/wp-content\\\/uploads\\\/2025\\\/09\\\/20250910_110708.jpg\",\"contentUrl\":\"https:\\\/\\\/www.kazzerl.net\\\/kazzerls\\\/wp-content\\\/uploads\\\/2025\\\/09\\\/20250910_110708.jpg\",\"width\":1351,\"height\":2400},{\"@type\":\"BreadcrumbList\",\"@id\":\"https:\\\/\\\/www.kazzerl.net\\\/kazzerls\\\/produkt\\\/kerze-lotusblume-gruen\\\/#breadcrumb\",\"itemListElement\":[{\"@type\":\"ListItem\",\"position\":1,\"name\":\"Startseite\",\"item\":\"https:\\\/\\\/www.kazzerl.net\\\/kazzerls\\\/\"},{\"@type\":\"ListItem\",\"position\":2,\"name\":\"Shop f\u00fcr handgemachte Geschenke und Dekorationen\",\"item\":\"https:\\\/\\\/www.kazzerl.net\\\/kazzerls\\\/\"},{\"@type\":\"ListItem\",\"position\":3,\"name\":\"Kerze Lotusblume gr\u00fcn\"}]},{\"@type\":\"WebSite\",\"@id\":\"https:\\\/\\\/www.kazzerl.net\\\/kazzerls\\\/#website\",\"url\":\"https:\\\/\\\/www.kazzerl.net\\\/kazzerls\\\/\",\"name\":\"Kazzerls handmade\",\"description\":\"Handgemachtes aus Holz, Epoxid, Wachs und vieles mehr!\",\"publisher\":{\"@id\":\"https:\\\/\\\/www.kazzerl.net\\\/kazzerls\\\/#organization\"},\"potentialAction\":[{\"@type\":\"SearchAction\",\"target\":{\"@type\":\"EntryPoint\",\"urlTemplate\":\"https:\\\/\\\/www.kazzerl.net\\\/kazzerls\\\/?s={search_term_string}\"},\"query-input\":{\"@type\":\"PropertyValueSpecification\",\"valueRequired\":true,\"valueName\":\"search_term_string\"}}],\"inLanguage\":\"de\"},{\"@type\":\"Organization\",\"@id\":\"https:\\\/\\\/www.kazzerl.net\\\/kazzerls\\\/#organization\",\"name\":\"Kazzerls handmade\",\"url\":\"https:\\\/\\\/www.kazzerl.net\\\/kazzerls\\\/\",\"logo\":{\"@type\":\"ImageObject\",\"inLanguage\":\"de\",\"@id\":\"https:\\\/\\\/www.kazzerl.net\\\/kazzerls\\\/#\\\/schema\\\/logo\\\/image\\\/\",\"url\":\"https:\\\/\\\/www.kazzerl.net\\\/kazzerls\\\/wp-content\\\/uploads\\\/2025\\\/07\\\/cropped-schwaKatz.png\",\"contentUrl\":\"https:\\\/\\\/www.kazzerl.net\\\/kazzerls\\\/wp-content\\\/uploads\\\/2025\\\/07\\\/cropped-schwaKatz.png\",\"width\":512,\"height\":512,\"caption\":\"Kazzerls handmade\"},\"image\":{\"@id\":\"https:\\\/\\\/www.kazzerl.net\\\/kazzerls\\\/#\\\/schema\\\/logo\\\/image\\\/\"},\"sameAs\":[\"https:\\\/\\\/www.instagram.com\\\/kazzerls\\\/\"]}]}<\/script>\n<!-- \/ Yoast SEO plugin. -->","yoast_head_json":{"title":"Kerze Lotusblume gr\u00fcn - Kazzerls handmade","description":"entz\u00fcckende kleine Kerze in Lotusbl\u00fctenform, durch Recyclingwachs Farb-Unterschiede m\u00f6glich, von Hand gegossen, perfekt als Mitbringsel oder Geschenk","robots":{"index":"index","follow":"follow","max-snippet":"max-snippet:-1","max-image-preview":"max-image-preview:large","max-video-preview":"max-video-preview:-1"},"canonical":"https:\/\/www.kazzerl.net\/kazzerls\/produkt\/kerze-lotusblume-gruen\/","og_locale":"de_DE","og_type":"article","og_title":"Kerze Lotusblume gr\u00fcn - Kazzerls handmade","og_description":"entz\u00fcckende kleine Kerze in Lotusbl\u00fctenform, durch Recyclingwachs Farb-Unterschiede m\u00f6glich, von Hand gegossen, perfekt als Mitbringsel oder Geschenk","og_url":"https:\/\/www.kazzerl.net\/kazzerls\/produkt\/kerze-lotusblume-gruen\/","og_site_name":"Kazzerls handmade","article_modified_time":"2025-12-14T15:09:19+00:00","og_image":[{"width":1351,"height":2400,"url":"https:\/\/www.kazzerl.net\/kazzerls\/wp-content\/uploads\/2025\/09\/20250910_110708.jpg","type":"image\/jpeg"}],"twitter_card":"summary_large_image","twitter_misc":{"Gesch\u00e4tzte Lesezeit":"1\u00a0Minute"},"schema":{"@context":"https:\/\/schema.org","@graph":[{"@type":"WebPage","@id":"https:\/\/www.kazzerl.net\/kazzerls\/produkt\/kerze-lotusblume-gruen\/","url":"https:\/\/www.kazzerl.net\/kazzerls\/produkt\/kerze-lotusblume-gruen\/","name":"Kerze Lotusblume gr\u00fcn - Kazzerls handmade","isPartOf":{"@id":"https:\/\/www.kazzerl.net\/kazzerls\/#website"},"primaryImageOfPage":{"@id":"https:\/\/www.kazzerl.net\/kazzerls\/produkt\/kerze-lotusblume-gruen\/#primaryimage"},"image":{"@id":"https:\/\/www.kazzerl.net\/kazzerls\/produkt\/kerze-lotusblume-gruen\/#primaryimage"},"thumbnailUrl":"https:\/\/www.kazzerl.net\/kazzerls\/wp-content\/uploads\/2025\/09\/20250910_110708.jpg","datePublished":"2025-10-10T16:45:49+00:00","dateModified":"2025-12-14T15:09:19+00:00","description":"entz\u00fcckende kleine Kerze in Lotusbl\u00fctenform, durch Recyclingwachs Farb-Unterschiede m\u00f6glich, von Hand gegossen, perfekt als Mitbringsel oder Geschenk","breadcrumb":{"@id":"https:\/\/www.kazzerl.net\/kazzerls\/produkt\/kerze-lotusblume-gruen\/#breadcrumb"},"inLanguage":"de","potentialAction":[{"@type":"ReadAction","target":["https:\/\/www.kazzerl.net\/kazzerls\/produkt\/kerze-lotusblume-gruen\/"]}]},{"@type":"ImageObject","inLanguage":"de","@id":"https:\/\/www.kazzerl.net\/kazzerls\/produkt\/kerze-lotusblume-gruen\/#primaryimage","url":"https:\/\/www.kazzerl.net\/kazzerls\/wp-content\/uploads\/2025\/09\/20250910_110708.jpg","contentUrl":"https:\/\/www.kazzerl.net\/kazzerls\/wp-content\/uploads\/2025\/09\/20250910_110708.jpg","width":1351,"height":2400},{"@type":"BreadcrumbList","@id":"https:\/\/www.kazzerl.net\/kazzerls\/produkt\/kerze-lotusblume-gruen\/#breadcrumb","itemListElement":[{"@type":"ListItem","position":1,"name":"Startseite","item":"https:\/\/www.kazzerl.net\/kazzerls\/"},{"@type":"ListItem","position":2,"name":"Shop f\u00fcr handgemachte Geschenke und Dekorationen","item":"https:\/\/www.kazzerl.net\/kazzerls\/"},{"@type":"ListItem","position":3,"name":"Kerze Lotusblume gr\u00fcn"}]},{"@type":"WebSite","@id":"https:\/\/www.kazzerl.net\/kazzerls\/#website","url":"https:\/\/www.kazzerl.net\/kazzerls\/","name":"Kazzerls handmade","description":"Handgemachtes aus Holz, Epoxid, Wachs und vieles mehr!","publisher":{"@id":"https:\/\/www.kazzerl.net\/kazzerls\/#organization"},"potentialAction":[{"@type":"SearchAction","target":{"@type":"EntryPoint","urlTemplate":"https:\/\/www.kazzerl.net\/kazzerls\/?s={search_term_string}"},"query-input":{"@type":"PropertyValueSpecification","valueRequired":true,"valueName":"search_term_string"}}],"inLanguage":"de"},{"@type":"Organization","@id":"https:\/\/www.kazzerl.net\/kazzerls\/#organization","name":"Kazzerls handmade","url":"https:\/\/www.kazzerl.net\/kazzerls\/","logo":{"@type":"ImageObject","inLanguage":"de","@id":"https:\/\/www.kazzerl.net\/kazzerls\/#\/schema\/logo\/image\/","url":"https:\/\/www.kazzerl.net\/kazzerls\/wp-content\/uploads\/2025\/07\/cropped-schwaKatz.png","contentUrl":"https:\/\/www.kazzerl.net\/kazzerls\/wp-content\/uploads\/2025\/07\/cropped-schwaKatz.png","width":512,"height":512,"caption":"Kazzerls handmade"},"image":{"@id":"https:\/\/www.kazzerl.net\/kazzerls\/#\/schema\/logo\/image\/"},"sameAs":["https:\/\/www.instagram.com\/kazzerls\/"]}]}},"_links":{"self":[{"href":"https:\/\/www.kazzerl.net\/kazzerls\/wp-json\/wp\/v2\/product\/1599","targetHints":{"allow":["GET"]}}],"collection":[{"href":"https:\/\/www.kazzerl.net\/kazzerls\/wp-json\/wp\/v2\/product"}],"about":[{"href":"https:\/\/www.kazzerl.net\/kazzerls\/wp-json\/wp\/v2\/types\/product"}],"replies":[{"embeddable":true,"href":"https:\/\/www.kazzerl.net\/kazzerls\/wp-json\/wp\/v2\/comments?post=1599"}],"wp:featuredmedia":[{"embeddable":true,"href":"https:\/\/www.kazzerl.net\/kazzerls\/wp-json\/wp\/v2\/media\/1181"}],"wp:attachment":[{"href":"https:\/\/www.kazzerl.net\/kazzerls\/wp-json\/wp\/v2\/media?parent=1599"}],"wp:term":[{"taxonomy":"product_brand","embeddable":true,"href":"https:\/\/www.kazzerl.net\/kazzerls\/wp-json\/wp\/v2\/product_brand?post=1599"},{"taxonomy":"product_cat","embeddable":true,"href":"https:\/\/www.kazzerl.net\/kazzerls\/wp-json\/wp\/v2\/product_cat?post=1599"},{"taxonomy":"product_tag","embeddable":true,"href":"https:\/\/www.kazzerl.net\/kazzerls\/wp-json\/wp\/v2\/product_tag?post=1599"}],"curies":[{"name":"wp","href":"https:\/\/api.w.org\/{rel}","templated":true}]}}